{"id":25404,"date":"2016-04-25T17:06:36","date_gmt":"2016-04-25T17:06:36","guid":{"rendered":"https:\/\/www.senoriosderelleu.com\/product\/acheter-huile-olive-vierge-extra-gourmet-250ml-coupage-medium\/"},"modified":"2021-02-05T15:02:08","modified_gmt":"2021-02-05T15:02:08","slug":"acheter-huile-olive-vierge-extra-gourmet-250ml-coupage-medium","status":"publish","type":"product","link":"https:\/\/www.senoriosderelleu.com\/fr\/produit\/acheter-huile-olive-vierge-extra-gourmet-250ml-coupage-medium\/","title":{"rendered":"Huile d&#8217;olive extra vierge Extra Medium Coupage 250 ml"},"content":{"rendered":"<p><span style=\"color: #000000;\"><strong>L&#8217;huile d&#8217;olive vierge extra Medium Coupage 250 ml. Se\u00f1or\u00edos de Relleu\u00ae, est un coupage des meilleures huiles d&#8217;olive vierge extra provenant de cinq vari\u00e9t\u00e9s locales et de l&#8217;Arbequina, avec un ar\u00f4me moyennement fruit\u00e9, l\u00e9g\u00e8rement amer et avec un piquant moyen-\u00e9lev\u00e9 qui lui donne de la force.<\/strong> Les principales nuances de cette huile sont fra\u00eeches et rappellent les amandes vertes et l&#8217;herbe fra\u00eechement coup\u00e9e, avec une touche caract\u00e9ristique apport\u00e9e par la vari\u00e9t\u00e9 Arbequina.<\/span><\/p>\n<p>&nbsp;<\/p>\n<p><span style=\"color: #000000;\">Nous pouvons aller plus loin dans notre perception et situer dans cette huile la fra\u00eecheur de la tomate et le corps du figuier. Une huile avec laquelle on peut se d\u00e9lecter le palais.<\/span><\/p>\n<p>&nbsp;<\/p>\n<p><a href=\"https:\/\/www.senoriosderelleu.com\/fr\/consommation\/accords\/\">Cliquez pour voir <strong>le tableau des accords<\/strong> pour cette huile<\/a><\/p>\n","protected":false},"excerpt":{"rendered":"<h4><span style=\"color: #000000;\"><strong>L&#8217;huile d&#8217;olive vierge extra Medium Coupage 250 ml. Se\u00f1or\u00edos de Relleu\u00ae, est un coupage des meilleures huiles d&#8217;olive vierge extra provenant de cinq vari\u00e9t\u00e9s locales et de l&#8217;Arbequina, <\/strong>, avec un ar\u00f4me moyennement fruit\u00e9, l\u00e9g\u00e8rement amer et avec un piquant moyen-\u00e9lev\u00e9 qui lui donne de la force.<\/span><\/h4>\n","protected":false},"featured_media":25408,"comment_status":"closed","ping_status":"closed","template":"","meta":[],"product_brand":[],"product_cat":[1067,1075],"product_tag":[1064,1066,1059,1062,1057,1056,1061,1058,1060,1065,1063],"class_list":{"0":"post-25404","1":"product","2":"type-product","3":"status-publish","4":"has-post-thumbnail","6":"product_cat-coupage-moyen","7":"product_cat-recipients-de-250-ml","8":"product_tag-agriculture-de-montagne","9":"product_tag-bouteilles-en-aluminium","10":"product_tag-coupage-fr","11":"product_tag-extraction-a-froid","12":"product_tag-hove","13":"product_tag-huile","14":"product_tag-huile-dolive","15":"product_tag-huile-dolive-extra-vierge","16":"product_tag-oliviers-monumentaux","17":"product_tag-production-limitee","18":"product_tag-recompenses","19":"pa_envase-bouteille","20":"pa_gama-medium-fr","21":"pa_presentacion-250-ml-fr","23":"first","24":"instock","25":"taxable","26":"shipping-taxable","27":"purchasable","28":"product-type-simple"},"yoast_head":"<!-- This site is optimized with the Yoast SEO plugin v27.5 - https:\/\/yoast.com\/product\/yoast-seo-wordpress\/ -->\n<title>Huile d&#039;olive extra vierge 250 ml. Coupage Medio - Se\u00f1orios de Relleu<\/title>\n<meta name=\"description\" content=\"Huile d&#039;Olive Extra Vierge Gourmet D\u00e9licat Coupage 250 ml. C&#039;est un coupage avec une saveur douce des meilleures huiles d&#039;olive extra vierges d&#039;Alicante.\" \/>\n<meta name=\"robots\" content=\"index, follow, max-snippet:-1, max-image-preview:large, max-video-preview:-1\" \/>\n<link rel=\"canonical\" href=\"https:\/\/www.senoriosderelleu.com\/fr\/produit\/acheter-huile-olive-vierge-extra-gourmet-250ml-coupage-medium\/\" \/>\n<meta name=\"twitter:card\" content=\"summary_large_image\" \/>\n<meta name=\"twitter:title\" content=\"Huile d&#039;olive extra vierge 250 ml. Coupage Medio - Se\u00f1orios de Relleu\" \/>\n<meta name=\"twitter:description\" content=\"Huile d&#039;Olive Extra Vierge Gourmet D\u00e9licat Coupage 250 ml. C&#039;est un coupage avec une saveur douce des meilleures huiles d&#039;olive extra vierges d&#039;Alicante.\" \/>\n<meta name=\"twitter:image\" content=\"https:\/\/www.senoriosderelleu.com\/wp-content\/uploads\/2016\/04\/web-senorios-relleu-medium-coupage-250.jpg\" \/>\n<meta name=\"twitter:site\" content=\"@SenoriosdRelleu\" \/>\n<meta name=\"twitter:label1\" content=\"Dur\u00e9e de lecture estim\u00e9e\" \/>\n\t<meta name=\"twitter:data1\" content=\"1 minute\" \/>\n<script type=\"application\/ld+json\" class=\"yoast-schema-graph\">{\"@context\":\"https:\\\/\\\/schema.org\",\"@graph\":[{\"@type\":\"WebPage\",\"@id\":\"https:\\\/\\\/www.senoriosderelleu.com\\\/fr\\\/produit\\\/acheter-huile-olive-vierge-extra-gourmet-250ml-coupage-medium\\\/\",\"url\":\"https:\\\/\\\/www.senoriosderelleu.com\\\/fr\\\/produit\\\/acheter-huile-olive-vierge-extra-gourmet-250ml-coupage-medium\\\/\",\"name\":\"Huile d'olive extra vierge 250 ml. Coupage Medio - Se\u00f1orios de Relleu\",\"isPartOf\":{\"@id\":\"https:\\\/\\\/www.senoriosderelleu.com\\\/#website\"},\"primaryImageOfPage\":{\"@id\":\"https:\\\/\\\/www.senoriosderelleu.com\\\/fr\\\/produit\\\/acheter-huile-olive-vierge-extra-gourmet-250ml-coupage-medium\\\/#primaryimage\"},\"image\":{\"@id\":\"https:\\\/\\\/www.senoriosderelleu.com\\\/fr\\\/produit\\\/acheter-huile-olive-vierge-extra-gourmet-250ml-coupage-medium\\\/#primaryimage\"},\"thumbnailUrl\":\"https:\\\/\\\/www.senoriosderelleu.com\\\/wp-content\\\/uploads\\\/2016\\\/04\\\/web-senorios-relleu-medium-coupage-250.jpg\",\"datePublished\":\"2016-04-25T17:06:36+00:00\",\"dateModified\":\"2021-02-05T15:02:08+00:00\",\"description\":\"Huile d'Olive Extra Vierge Gourmet D\u00e9licat Coupage 250 ml. C'est un coupage avec une saveur douce des meilleures huiles d'olive extra vierges d'Alicante.\",\"breadcrumb\":{\"@id\":\"https:\\\/\\\/www.senoriosderelleu.com\\\/fr\\\/produit\\\/acheter-huile-olive-vierge-extra-gourmet-250ml-coupage-medium\\\/#breadcrumb\"},\"inLanguage\":\"fr-FR\",\"potentialAction\":[{\"@type\":\"ReadAction\",\"target\":[\"https:\\\/\\\/www.senoriosderelleu.com\\\/fr\\\/produit\\\/acheter-huile-olive-vierge-extra-gourmet-250ml-coupage-medium\\\/\"]}]},{\"@type\":\"ImageObject\",\"inLanguage\":\"fr-FR\",\"@id\":\"https:\\\/\\\/www.senoriosderelleu.com\\\/fr\\\/produit\\\/acheter-huile-olive-vierge-extra-gourmet-250ml-coupage-medium\\\/#primaryimage\",\"url\":\"https:\\\/\\\/www.senoriosderelleu.com\\\/wp-content\\\/uploads\\\/2016\\\/04\\\/web-senorios-relleu-medium-coupage-250.jpg\",\"contentUrl\":\"https:\\\/\\\/www.senoriosderelleu.com\\\/wp-content\\\/uploads\\\/2016\\\/04\\\/web-senorios-relleu-medium-coupage-250.jpg\",\"width\":1080,\"height\":1080,\"caption\":\"L'une des meilleures huiles d'olive extra vierge. Sensations m\u00e9diterran\u00e9ennes. Aimez-vous surprendre?\"},{\"@type\":\"BreadcrumbList\",\"@id\":\"https:\\\/\\\/www.senoriosderelleu.com\\\/fr\\\/produit\\\/acheter-huile-olive-vierge-extra-gourmet-250ml-coupage-medium\\\/#breadcrumb\",\"itemListElement\":[{\"@type\":\"ListItem\",\"position\":1,\"name\":\"Portada\",\"item\":\"https:\\\/\\\/www.senoriosderelleu.com\\\/de\\\/\"},{\"@type\":\"ListItem\",\"position\":2,\"name\":\"Nos produits\",\"item\":\"https:\\\/\\\/www.senoriosderelleu.com\\\/fr\\\/acheter-meilleure-huile-olive-extra-vierge-gastronomique\\\/\"},{\"@type\":\"ListItem\",\"position\":3,\"name\":\"Huile d&#8217;olive extra vierge Extra Medium Coupage 250 ml\"}]},{\"@type\":\"WebSite\",\"@id\":\"https:\\\/\\\/www.senoriosderelleu.com\\\/#website\",\"url\":\"https:\\\/\\\/www.senoriosderelleu.com\\\/\",\"name\":\"Se\u00f1orios de Relleu | Aceite de Oliva Virgen Extra Gourmet\",\"description\":\"Mejor Aceite de Oliva Virgen Extra Gourmet Regalo Original de Alicante\",\"publisher\":{\"@id\":\"https:\\\/\\\/www.senoriosderelleu.com\\\/#organization\"},\"potentialAction\":[{\"@type\":\"SearchAction\",\"target\":{\"@type\":\"EntryPoint\",\"urlTemplate\":\"https:\\\/\\\/www.senoriosderelleu.com\\\/?s={search_term_string}\"},\"query-input\":{\"@type\":\"PropertyValueSpecification\",\"valueRequired\":true,\"valueName\":\"search_term_string\"}}],\"inLanguage\":\"fr-FR\"},{\"@type\":\"Organization\",\"@id\":\"https:\\\/\\\/www.senoriosderelleu.com\\\/#organization\",\"name\":\"Se\u00f1orios de Relleu\",\"url\":\"https:\\\/\\\/www.senoriosderelleu.com\\\/\",\"logo\":{\"@type\":\"ImageObject\",\"inLanguage\":\"fr-FR\",\"@id\":\"https:\\\/\\\/www.senoriosderelleu.com\\\/#\\\/schema\\\/logo\\\/image\\\/\",\"url\":\"https:\\\/\\\/www.senoriosderelleu.com\\\/wp-content\\\/uploads\\\/2015\\\/09\\\/sr_logo_4_opciones-Paula16022012_P\u00e1gina_3.jpg\",\"contentUrl\":\"https:\\\/\\\/www.senoriosderelleu.com\\\/wp-content\\\/uploads\\\/2015\\\/09\\\/sr_logo_4_opciones-Paula16022012_P\u00e1gina_3.jpg\",\"width\":1024,\"height\":724,\"caption\":\"Se\u00f1orios de Relleu\"},\"image\":{\"@id\":\"https:\\\/\\\/www.senoriosderelleu.com\\\/#\\\/schema\\\/logo\\\/image\\\/\"},\"sameAs\":[\"https:\\\/\\\/www.facebook.com\\\/SenoriosDeRelleu\\\/\",\"https:\\\/\\\/x.com\\\/SenoriosdRelleu\",\"https:\\\/\\\/www.instagram.com\\\/senoriosdrelleu\\\/\",\"https:\\\/\\\/www.youtube.com\\\/user\\\/SenoriosdeRelleu\"]}]}<\/script>\n<!-- \/ Yoast SEO plugin. -->","yoast_head_json":{"title":"Huile d'olive extra vierge 250 ml. Coupage Medio - Se\u00f1orios de Relleu","description":"Huile d'Olive Extra Vierge Gourmet D\u00e9licat Coupage 250 ml. C'est un coupage avec une saveur douce des meilleures huiles d'olive extra vierges d'Alicante.","robots":{"index":"index","follow":"follow","max-snippet":"max-snippet:-1","max-image-preview":"max-image-preview:large","max-video-preview":"max-video-preview:-1"},"canonical":"https:\/\/www.senoriosderelleu.com\/fr\/produit\/acheter-huile-olive-vierge-extra-gourmet-250ml-coupage-medium\/","twitter_card":"summary_large_image","twitter_title":"Huile d'olive extra vierge 250 ml. Coupage Medio - Se\u00f1orios de Relleu","twitter_description":"Huile d'Olive Extra Vierge Gourmet D\u00e9licat Coupage 250 ml. C'est un coupage avec une saveur douce des meilleures huiles d'olive extra vierges d'Alicante.","twitter_image":"https:\/\/www.senoriosderelleu.com\/wp-content\/uploads\/2016\/04\/web-senorios-relleu-medium-coupage-250.jpg","twitter_site":"@SenoriosdRelleu","twitter_misc":{"Dur\u00e9e de lecture estim\u00e9e":"1 minute"},"schema":{"@context":"https:\/\/schema.org","@graph":[{"@type":"WebPage","@id":"https:\/\/www.senoriosderelleu.com\/fr\/produit\/acheter-huile-olive-vierge-extra-gourmet-250ml-coupage-medium\/","url":"https:\/\/www.senoriosderelleu.com\/fr\/produit\/acheter-huile-olive-vierge-extra-gourmet-250ml-coupage-medium\/","name":"Huile d'olive extra vierge 250 ml. Coupage Medio - Se\u00f1orios de Relleu","isPartOf":{"@id":"https:\/\/www.senoriosderelleu.com\/#website"},"primaryImageOfPage":{"@id":"https:\/\/www.senoriosderelleu.com\/fr\/produit\/acheter-huile-olive-vierge-extra-gourmet-250ml-coupage-medium\/#primaryimage"},"image":{"@id":"https:\/\/www.senoriosderelleu.com\/fr\/produit\/acheter-huile-olive-vierge-extra-gourmet-250ml-coupage-medium\/#primaryimage"},"thumbnailUrl":"https:\/\/www.senoriosderelleu.com\/wp-content\/uploads\/2016\/04\/web-senorios-relleu-medium-coupage-250.jpg","datePublished":"2016-04-25T17:06:36+00:00","dateModified":"2021-02-05T15:02:08+00:00","description":"Huile d'Olive Extra Vierge Gourmet D\u00e9licat Coupage 250 ml. C'est un coupage avec une saveur douce des meilleures huiles d'olive extra vierges d'Alicante.","breadcrumb":{"@id":"https:\/\/www.senoriosderelleu.com\/fr\/produit\/acheter-huile-olive-vierge-extra-gourmet-250ml-coupage-medium\/#breadcrumb"},"inLanguage":"fr-FR","potentialAction":[{"@type":"ReadAction","target":["https:\/\/www.senoriosderelleu.com\/fr\/produit\/acheter-huile-olive-vierge-extra-gourmet-250ml-coupage-medium\/"]}]},{"@type":"ImageObject","inLanguage":"fr-FR","@id":"https:\/\/www.senoriosderelleu.com\/fr\/produit\/acheter-huile-olive-vierge-extra-gourmet-250ml-coupage-medium\/#primaryimage","url":"https:\/\/www.senoriosderelleu.com\/wp-content\/uploads\/2016\/04\/web-senorios-relleu-medium-coupage-250.jpg","contentUrl":"https:\/\/www.senoriosderelleu.com\/wp-content\/uploads\/2016\/04\/web-senorios-relleu-medium-coupage-250.jpg","width":1080,"height":1080,"caption":"L'une des meilleures huiles d'olive extra vierge. Sensations m\u00e9diterran\u00e9ennes. Aimez-vous surprendre?"},{"@type":"BreadcrumbList","@id":"https:\/\/www.senoriosderelleu.com\/fr\/produit\/acheter-huile-olive-vierge-extra-gourmet-250ml-coupage-medium\/#breadcrumb","itemListElement":[{"@type":"ListItem","position":1,"name":"Portada","item":"https:\/\/www.senoriosderelleu.com\/de\/"},{"@type":"ListItem","position":2,"name":"Nos produits","item":"https:\/\/www.senoriosderelleu.com\/fr\/acheter-meilleure-huile-olive-extra-vierge-gastronomique\/"},{"@type":"ListItem","position":3,"name":"Huile d&#8217;olive extra vierge Extra Medium Coupage 250 ml"}]},{"@type":"WebSite","@id":"https:\/\/www.senoriosderelleu.com\/#website","url":"https:\/\/www.senoriosderelleu.com\/","name":"Se\u00f1orios de Relleu | Aceite de Oliva Virgen Extra Gourmet","description":"Mejor Aceite de Oliva Virgen Extra Gourmet Regalo Original de Alicante","publisher":{"@id":"https:\/\/www.senoriosderelleu.com\/#organization"},"potentialAction":[{"@type":"SearchAction","target":{"@type":"EntryPoint","urlTemplate":"https:\/\/www.senoriosderelleu.com\/?s={search_term_string}"},"query-input":{"@type":"PropertyValueSpecification","valueRequired":true,"valueName":"search_term_string"}}],"inLanguage":"fr-FR"},{"@type":"Organization","@id":"https:\/\/www.senoriosderelleu.com\/#organization","name":"Se\u00f1orios de Relleu","url":"https:\/\/www.senoriosderelleu.com\/","logo":{"@type":"ImageObject","inLanguage":"fr-FR","@id":"https:\/\/www.senoriosderelleu.com\/#\/schema\/logo\/image\/","url":"https:\/\/www.senoriosderelleu.com\/wp-content\/uploads\/2015\/09\/sr_logo_4_opciones-Paula16022012_P\u00e1gina_3.jpg","contentUrl":"https:\/\/www.senoriosderelleu.com\/wp-content\/uploads\/2015\/09\/sr_logo_4_opciones-Paula16022012_P\u00e1gina_3.jpg","width":1024,"height":724,"caption":"Se\u00f1orios de Relleu"},"image":{"@id":"https:\/\/www.senoriosderelleu.com\/#\/schema\/logo\/image\/"},"sameAs":["https:\/\/www.facebook.com\/SenoriosDeRelleu\/","https:\/\/x.com\/SenoriosdRelleu","https:\/\/www.instagram.com\/senoriosdrelleu\/","https:\/\/www.youtube.com\/user\/SenoriosdeRelleu"]}]}},"_links":{"self":[{"href":"https:\/\/www.senoriosderelleu.com\/fr\/wp-json\/wp\/v2\/product\/25404","targetHints":{"allow":["GET"]}}],"collection":[{"href":"https:\/\/www.senoriosderelleu.com\/fr\/wp-json\/wp\/v2\/product"}],"about":[{"href":"https:\/\/www.senoriosderelleu.com\/fr\/wp-json\/wp\/v2\/types\/product"}],"replies":[{"embeddable":true,"href":"https:\/\/www.senoriosderelleu.com\/fr\/wp-json\/wp\/v2\/comments?post=25404"}],"wp:featuredmedia":[{"embeddable":true,"href":"https:\/\/www.senoriosderelleu.com\/fr\/wp-json\/wp\/v2\/media\/25408"}],"wp:attachment":[{"href":"https:\/\/www.senoriosderelleu.com\/fr\/wp-json\/wp\/v2\/media?parent=25404"}],"wp:term":[{"taxonomy":"product_brand","embeddable":true,"href":"https:\/\/www.senoriosderelleu.com\/fr\/wp-json\/wp\/v2\/product_brand?post=25404"},{"taxonomy":"product_cat","embeddable":true,"href":"https:\/\/www.senoriosderelleu.com\/fr\/wp-json\/wp\/v2\/product_cat?post=25404"},{"taxonomy":"product_tag","embeddable":true,"href":"https:\/\/www.senoriosderelleu.com\/fr\/wp-json\/wp\/v2\/product_tag?post=25404"}],"curies":[{"name":"wp","href":"https:\/\/api.w.org\/{rel}","templated":true}]}}