{"id":25362,"date":"2017-08-03T22:08:38","date_gmt":"2017-08-03T22:08:38","guid":{"rendered":"https:\/\/www.senoriosderelleu.com\/product\/cadeaux-personnalises-maries-huile-olive-vierge-extra-gourmet-bouteille-250ml-pergolas3sensaciones\/"},"modified":"2021-02-14T21:32:57","modified_gmt":"2021-02-14T21:32:57","slug":"cadeaux-personnalises-maries-huile-olive-vierge-extra-gourmet-bouteille-250ml-pergolas3sensaciones","status":"publish","type":"product","link":"https:\/\/www.senoriosderelleu.com\/fr\/produit\/cadeaux-personnalises-maries-huile-olive-vierge-extra-gourmet-bouteille-250ml-pergolas3sensaciones\/","title":{"rendered":"Huile d&#8217;olive extra vierge &#8211;  Etui La Pergola Sensaciones  (x3 bouteilles 250 ml)"},"content":{"rendered":"<p style=\"text-align: center;\"><span style=\"color: #000000;\">C&#8217;est une journ\u00e9e chaude, avec une lumi\u00e8re intense, un ciel bleu et une brise l\u00e9g\u00e8re, typique de la M\u00e9diterran\u00e9e. Nous sommes assis sur la pergola, \u00e0 l&#8217;ombre et au frais&#8230;<\/span><\/p>\n<p style=\"text-align: center;\"><span style=\"color: #000000;\">Depuis notre petit coin entre la montagne et la mer, des terrasses d&#8217;oliviers, d&#8217;amandiers, de figuiers&#8230; des sons lointains de cloches, le murmure du vent, le gazouillis des moineaux&#8230; des ar\u00f4mes de romarin, de pin, de fleurs, nous jouissons de merveilleuses sensations.<\/span><\/p>\n<p>&nbsp;<\/p>\n<p style=\"text-align: center;\"><span style=\"color: #000000;\">Sur la table, nous avons des tomates fra\u00eechement cueillies, des pommes de terre bouillies, du pain de campagne et <strong>nos huiles Organic, Delicate, Medium o Intense Coupage.<\/strong><\/span><\/p>\n<p>&nbsp;<\/p>\n<p style=\"text-align: center;\"><span style=\"color: #000000;\">Chacun de nous fait des m\u00e9langes \u00e0 son go\u00fbt et nous voyageons dans le temps et l&#8217;espace de mani\u00e8re simple et instantan\u00e9e vers des lieux lointains, des moments sp\u00e9ciaux, avec des personnes tr\u00e8s ch\u00e8res.<\/span><\/p>\n<p>&nbsp;<\/p>\n<p style=\"text-align: center;\"><span style=\"color: #000000;\">Dans ce lieu plein de vie, La Pergola, les sens se m\u00ealent aux souvenirs, aux histoires et on respire la paix, la tranquillit\u00e9 et la s\u00e9r\u00e9nit\u00e9.<\/span><\/p>\n<p style=\"text-align: center;\"><span style=\"color: #000000;\">Ainsi, il est facile de se fondre dans ce cadre authentique m\u00e9diterran\u00e9en.<\/span><\/p>\n<p>&nbsp;<\/p>\n<h4 style=\"text-align: center;\"><span style=\"color: #000000;\"><strong>Le ressentez-vous ? Pouvez-vous l&#8217;imaginer ?.<\/strong><\/span><br \/>\n<span style=\"color: #000000;\"> <strong> Profitez-en !!!.<\/strong><\/span><\/h4>\n<p>&nbsp;<\/p>\n<p><img loading=\"lazy\" decoding=\"async\" class=\"size-medium wp-image-15811 aligncenter\" src=\"https:\/\/www.senoriosderelleu.com\/wp-content\/uploads\/2018\/04\/EU_Organic_Logo_Colour_OuterLine_rgb-300x200.jpg\" alt=\"Logo Europeo Agricultura Ecologica. European Logo Organic Agriculture\" width=\"300\" height=\"200\" srcset=\"https:\/\/www.senoriosderelleu.com\/wp-content\/uploads\/2018\/04\/EU_Organic_Logo_Colour_OuterLine_rgb-300x200.jpg 300w, https:\/\/www.senoriosderelleu.com\/wp-content\/uploads\/2018\/04\/EU_Organic_Logo_Colour_OuterLine_rgb-304x202.jpg 304w, https:\/\/www.senoriosderelleu.com\/wp-content\/uploads\/2018\/04\/EU_Organic_Logo_Colour_OuterLine_rgb.jpg 500w\" sizes=\"auto, (max-width: 300px) 100vw, 300px\" \/><a href=\"https:\/\/www.senoriosderelleu.com\/fr\/?attachment_id=20457\" rel=\"attachment wp-att-20457\"><img loading=\"lazy\" decoding=\"async\" class=\"aligncenter size-medium wp-image-20457\" src=\"https:\/\/www.senoriosderelleu.com\/wp-content\/uploads\/2020\/02\/CAECV-Nuevo-Sello-167x300.jpg\" alt=\"Sello Agricultura Ecologica Comunidad Valenciana\" width=\"167\" height=\"300\" srcset=\"https:\/\/www.senoriosderelleu.com\/wp-content\/uploads\/2020\/02\/CAECV-Nuevo-Sello-167x300.jpg 167w, https:\/\/www.senoriosderelleu.com\/wp-content\/uploads\/2020\/02\/CAECV-Nuevo-Sello-304x547.jpg 304w, https:\/\/www.senoriosderelleu.com\/wp-content\/uploads\/2020\/02\/CAECV-Nuevo-Sello-768x1383.jpg 768w, https:\/\/www.senoriosderelleu.com\/wp-content\/uploads\/2020\/02\/CAECV-Nuevo-Sello-569x1024.jpg 569w, https:\/\/www.senoriosderelleu.com\/wp-content\/uploads\/2020\/02\/CAECV-Nuevo-Sello-700x1260.jpg 700w, https:\/\/www.senoriosderelleu.com\/wp-content\/uploads\/2020\/02\/CAECV-Nuevo-Sello.jpg 600w\" sizes=\"auto, (max-width: 167px) 100vw, 167px\" \/><\/a><\/p>\n<p>&nbsp;<\/p>\n<p style=\"text-align: center;\"><a href=\"https:\/\/www.senoriosderelleu.com\/fr\/consommation\/accords\/\">Cliquez pour voir le <strong>tableau des accords<\/strong> pour cette huile<\/a><\/p>\n","protected":false},"excerpt":{"rendered":"<h4><strong><span style=\"color: #000000;\">C&#8217;est une journ\u00e9e chaude, avec une lumi\u00e8re intense, un ciel bleu et une brise l\u00e9g\u00e8re, typique de la M\u00e9diterran\u00e9e. Nous sommes assis sur la pergola, \u00e0 l&#8217;ombre et au frais&#8230;<\/span><\/strong><\/h4>\n<h4><span style=\"color: #000000;\">Sur la table, nous avons des tomates fra\u00eechement cueillies, des pommes de terre bouillies, du pain de campagne et nos huiles d&#8217;olive extra vierge 250 ml. <strong>Organic, Delicate, Medium o Intense Coupage, un cadeau tr\u00e8s original.<\/strong><\/span><\/h4>\n","protected":false},"featured_media":25364,"comment_status":"closed","ping_status":"closed","template":"","meta":[],"product_brand":[],"product_cat":[1077,1071,1054,1070,1067,1075],"product_tag":[1064,1066,1059,1062,1057,1056,1061,1058,1060,1065,1073,1063],"class_list":{"0":"post-25362","1":"product","2":"type-product","3":"status-publish","4":"has-post-thumbnail","6":"product_cat-caisse-x3-bouteilles","7":"product_cat-coupage-bio","8":"product_cat-coupage-delicate","9":"product_cat-coupage-intense","10":"product_cat-coupage-moyen","11":"product_cat-recipients-de-250-ml","12":"product_tag-agriculture-de-montagne","13":"product_tag-bouteilles-en-aluminium","14":"product_tag-coupage-fr","15":"product_tag-extraction-a-froid","16":"product_tag-hove","17":"product_tag-huile","18":"product_tag-huile-dolive","19":"product_tag-huile-dolive-extra-vierge","20":"product_tag-oliviers-monumentaux","21":"product_tag-production-limitee","22":"product_tag-recipients-de-500-ml","23":"product_tag-recompenses","24":"pa_envase-coffret-cadeau","25":"pa_gama-delicate-fr","26":"pa_gama-intense-fr","27":"pa_gama-medium-fr","28":"pa_gama-organic-fr","29":"pa_presentacion-250-ml-fr","31":"first","32":"instock","33":"taxable","34":"shipping-taxable","35":"purchasable","36":"product-type-simple"},"yoast_head":"<!-- This site is optimized with the Yoast SEO plugin v27.5 - https:\/\/yoast.com\/product\/yoast-seo-wordpress\/ -->\n<title>Cadeaux de f\u00eate des m\u00e8res \u2713 Meilleure huile d&#039;olive 250 - Se\u00f1orios de Relleu<\/title>\n<meta name=\"description\" content=\"Sur la table des tomates, du pain de village et nos 250 ml d&#039;huile d&#039;olive. Coupage bio, d\u00e9licat, moyen ou intense, un cadeau personnalis\u00e9 original.\" \/>\n<meta name=\"robots\" content=\"index, follow, max-snippet:-1, max-image-preview:large, max-video-preview:-1\" \/>\n<link rel=\"canonical\" href=\"https:\/\/www.senoriosderelleu.com\/fr\/produit\/cadeaux-personnalises-maries-huile-olive-vierge-extra-gourmet-bouteille-250ml-pergolas3sensaciones\/\" \/>\n<meta name=\"twitter:card\" content=\"summary_large_image\" \/>\n<meta name=\"twitter:title\" content=\"Cadeaux de f\u00eate des m\u00e8res \u2713 Meilleure huile d&#039;olive 250 - Se\u00f1orios de Relleu\" \/>\n<meta name=\"twitter:description\" content=\"Sur la table des tomates, du pain de village et nos 250 ml d&#039;huile d&#039;olive. Coupage bio, d\u00e9licat, moyen ou intense, un cadeau personnalis\u00e9 original.\" \/>\n<meta name=\"twitter:image\" content=\"https:\/\/www.senoriosderelleu.com\/wp-content\/uploads\/2018\/05\/Box-3-Sensaciones-0287.png\" \/>\n<meta name=\"twitter:site\" content=\"@SenoriosdRelleu\" \/>\n<meta name=\"twitter:label1\" content=\"Dur\u00e9e de lecture estim\u00e9e\" \/>\n\t<meta name=\"twitter:data1\" content=\"2 minutes\" \/>\n<script type=\"application\/ld+json\" class=\"yoast-schema-graph\">{\"@context\":\"https:\\\/\\\/schema.org\",\"@graph\":[{\"@type\":\"WebPage\",\"@id\":\"https:\\\/\\\/www.senoriosderelleu.com\\\/fr\\\/produit\\\/cadeaux-personnalises-maries-huile-olive-vierge-extra-gourmet-bouteille-250ml-pergolas3sensaciones\\\/\",\"url\":\"https:\\\/\\\/www.senoriosderelleu.com\\\/fr\\\/produit\\\/cadeaux-personnalises-maries-huile-olive-vierge-extra-gourmet-bouteille-250ml-pergolas3sensaciones\\\/\",\"name\":\"Cadeaux de f\u00eate des m\u00e8res \u2713 Meilleure huile d'olive 250 - Se\u00f1orios de Relleu\",\"isPartOf\":{\"@id\":\"https:\\\/\\\/www.senoriosderelleu.com\\\/#website\"},\"primaryImageOfPage\":{\"@id\":\"https:\\\/\\\/www.senoriosderelleu.com\\\/fr\\\/produit\\\/cadeaux-personnalises-maries-huile-olive-vierge-extra-gourmet-bouteille-250ml-pergolas3sensaciones\\\/#primaryimage\"},\"image\":{\"@id\":\"https:\\\/\\\/www.senoriosderelleu.com\\\/fr\\\/produit\\\/cadeaux-personnalises-maries-huile-olive-vierge-extra-gourmet-bouteille-250ml-pergolas3sensaciones\\\/#primaryimage\"},\"thumbnailUrl\":\"https:\\\/\\\/www.senoriosderelleu.com\\\/wp-content\\\/uploads\\\/2018\\\/05\\\/Box-3-Sensaciones-0287.png\",\"datePublished\":\"2017-08-03T22:08:38+00:00\",\"dateModified\":\"2021-02-14T21:32:57+00:00\",\"description\":\"Sur la table des tomates, du pain de village et nos 250 ml d'huile d'olive. Coupage bio, d\u00e9licat, moyen ou intense, un cadeau personnalis\u00e9 original.\",\"breadcrumb\":{\"@id\":\"https:\\\/\\\/www.senoriosderelleu.com\\\/fr\\\/produit\\\/cadeaux-personnalises-maries-huile-olive-vierge-extra-gourmet-bouteille-250ml-pergolas3sensaciones\\\/#breadcrumb\"},\"inLanguage\":\"fr-FR\",\"potentialAction\":[{\"@type\":\"ReadAction\",\"target\":[\"https:\\\/\\\/www.senoriosderelleu.com\\\/fr\\\/produit\\\/cadeaux-personnalises-maries-huile-olive-vierge-extra-gourmet-bouteille-250ml-pergolas3sensaciones\\\/\"]}]},{\"@type\":\"ImageObject\",\"inLanguage\":\"fr-FR\",\"@id\":\"https:\\\/\\\/www.senoriosderelleu.com\\\/fr\\\/produit\\\/cadeaux-personnalises-maries-huile-olive-vierge-extra-gourmet-bouteille-250ml-pergolas3sensaciones\\\/#primaryimage\",\"url\":\"https:\\\/\\\/www.senoriosderelleu.com\\\/wp-content\\\/uploads\\\/2018\\\/05\\\/Box-3-Sensaciones-0287.png\",\"contentUrl\":\"https:\\\/\\\/www.senoriosderelleu.com\\\/wp-content\\\/uploads\\\/2018\\\/05\\\/Box-3-Sensaciones-0287.png\",\"width\":1075,\"height\":1075,\"caption\":\"L'une des meilleures huiles d'olive extra vierge. Sensations m\u00e9diterran\u00e9ennes. Aimez-vous surprendre?\"},{\"@type\":\"BreadcrumbList\",\"@id\":\"https:\\\/\\\/www.senoriosderelleu.com\\\/fr\\\/produit\\\/cadeaux-personnalises-maries-huile-olive-vierge-extra-gourmet-bouteille-250ml-pergolas3sensaciones\\\/#breadcrumb\",\"itemListElement\":[{\"@type\":\"ListItem\",\"position\":1,\"name\":\"Portada\",\"item\":\"https:\\\/\\\/www.senoriosderelleu.com\\\/de\\\/\"},{\"@type\":\"ListItem\",\"position\":2,\"name\":\"Nos produits\",\"item\":\"https:\\\/\\\/www.senoriosderelleu.com\\\/fr\\\/acheter-meilleure-huile-olive-extra-vierge-gastronomique\\\/\"},{\"@type\":\"ListItem\",\"position\":3,\"name\":\"Huile d&#8217;olive extra vierge &#8211; Etui La Pergola Sensaciones (x3 bouteilles 250 ml)\"}]},{\"@type\":\"WebSite\",\"@id\":\"https:\\\/\\\/www.senoriosderelleu.com\\\/#website\",\"url\":\"https:\\\/\\\/www.senoriosderelleu.com\\\/\",\"name\":\"Se\u00f1orios de Relleu | Aceite de Oliva Virgen Extra Gourmet\",\"description\":\"Mejor Aceite de Oliva Virgen Extra Gourmet Regalo Original de Alicante\",\"publisher\":{\"@id\":\"https:\\\/\\\/www.senoriosderelleu.com\\\/#organization\"},\"potentialAction\":[{\"@type\":\"SearchAction\",\"target\":{\"@type\":\"EntryPoint\",\"urlTemplate\":\"https:\\\/\\\/www.senoriosderelleu.com\\\/?s={search_term_string}\"},\"query-input\":{\"@type\":\"PropertyValueSpecification\",\"valueRequired\":true,\"valueName\":\"search_term_string\"}}],\"inLanguage\":\"fr-FR\"},{\"@type\":\"Organization\",\"@id\":\"https:\\\/\\\/www.senoriosderelleu.com\\\/#organization\",\"name\":\"Se\u00f1orios de Relleu\",\"url\":\"https:\\\/\\\/www.senoriosderelleu.com\\\/\",\"logo\":{\"@type\":\"ImageObject\",\"inLanguage\":\"fr-FR\",\"@id\":\"https:\\\/\\\/www.senoriosderelleu.com\\\/#\\\/schema\\\/logo\\\/image\\\/\",\"url\":\"https:\\\/\\\/www.senoriosderelleu.com\\\/wp-content\\\/uploads\\\/2015\\\/09\\\/sr_logo_4_opciones-Paula16022012_P\u00e1gina_3.jpg\",\"contentUrl\":\"https:\\\/\\\/www.senoriosderelleu.com\\\/wp-content\\\/uploads\\\/2015\\\/09\\\/sr_logo_4_opciones-Paula16022012_P\u00e1gina_3.jpg\",\"width\":1024,\"height\":724,\"caption\":\"Se\u00f1orios de Relleu\"},\"image\":{\"@id\":\"https:\\\/\\\/www.senoriosderelleu.com\\\/#\\\/schema\\\/logo\\\/image\\\/\"},\"sameAs\":[\"https:\\\/\\\/www.facebook.com\\\/SenoriosDeRelleu\\\/\",\"https:\\\/\\\/x.com\\\/SenoriosdRelleu\",\"https:\\\/\\\/www.instagram.com\\\/senoriosdrelleu\\\/\",\"https:\\\/\\\/www.youtube.com\\\/user\\\/SenoriosdeRelleu\"]}]}<\/script>\n<!-- \/ Yoast SEO plugin. -->","yoast_head_json":{"title":"Cadeaux de f\u00eate des m\u00e8res \u2713 Meilleure huile d'olive 250 - Se\u00f1orios de Relleu","description":"Sur la table des tomates, du pain de village et nos 250 ml d'huile d'olive. Coupage bio, d\u00e9licat, moyen ou intense, un cadeau personnalis\u00e9 original.","robots":{"index":"index","follow":"follow","max-snippet":"max-snippet:-1","max-image-preview":"max-image-preview:large","max-video-preview":"max-video-preview:-1"},"canonical":"https:\/\/www.senoriosderelleu.com\/fr\/produit\/cadeaux-personnalises-maries-huile-olive-vierge-extra-gourmet-bouteille-250ml-pergolas3sensaciones\/","twitter_card":"summary_large_image","twitter_title":"Cadeaux de f\u00eate des m\u00e8res \u2713 Meilleure huile d'olive 250 - Se\u00f1orios de Relleu","twitter_description":"Sur la table des tomates, du pain de village et nos 250 ml d'huile d'olive. Coupage bio, d\u00e9licat, moyen ou intense, un cadeau personnalis\u00e9 original.","twitter_image":"https:\/\/www.senoriosderelleu.com\/wp-content\/uploads\/2018\/05\/Box-3-Sensaciones-0287.png","twitter_site":"@SenoriosdRelleu","twitter_misc":{"Dur\u00e9e de lecture estim\u00e9e":"2 minutes"},"schema":{"@context":"https:\/\/schema.org","@graph":[{"@type":"WebPage","@id":"https:\/\/www.senoriosderelleu.com\/fr\/produit\/cadeaux-personnalises-maries-huile-olive-vierge-extra-gourmet-bouteille-250ml-pergolas3sensaciones\/","url":"https:\/\/www.senoriosderelleu.com\/fr\/produit\/cadeaux-personnalises-maries-huile-olive-vierge-extra-gourmet-bouteille-250ml-pergolas3sensaciones\/","name":"Cadeaux de f\u00eate des m\u00e8res \u2713 Meilleure huile d'olive 250 - Se\u00f1orios de Relleu","isPartOf":{"@id":"https:\/\/www.senoriosderelleu.com\/#website"},"primaryImageOfPage":{"@id":"https:\/\/www.senoriosderelleu.com\/fr\/produit\/cadeaux-personnalises-maries-huile-olive-vierge-extra-gourmet-bouteille-250ml-pergolas3sensaciones\/#primaryimage"},"image":{"@id":"https:\/\/www.senoriosderelleu.com\/fr\/produit\/cadeaux-personnalises-maries-huile-olive-vierge-extra-gourmet-bouteille-250ml-pergolas3sensaciones\/#primaryimage"},"thumbnailUrl":"https:\/\/www.senoriosderelleu.com\/wp-content\/uploads\/2018\/05\/Box-3-Sensaciones-0287.png","datePublished":"2017-08-03T22:08:38+00:00","dateModified":"2021-02-14T21:32:57+00:00","description":"Sur la table des tomates, du pain de village et nos 250 ml d'huile d'olive. Coupage bio, d\u00e9licat, moyen ou intense, un cadeau personnalis\u00e9 original.","breadcrumb":{"@id":"https:\/\/www.senoriosderelleu.com\/fr\/produit\/cadeaux-personnalises-maries-huile-olive-vierge-extra-gourmet-bouteille-250ml-pergolas3sensaciones\/#breadcrumb"},"inLanguage":"fr-FR","potentialAction":[{"@type":"ReadAction","target":["https:\/\/www.senoriosderelleu.com\/fr\/produit\/cadeaux-personnalises-maries-huile-olive-vierge-extra-gourmet-bouteille-250ml-pergolas3sensaciones\/"]}]},{"@type":"ImageObject","inLanguage":"fr-FR","@id":"https:\/\/www.senoriosderelleu.com\/fr\/produit\/cadeaux-personnalises-maries-huile-olive-vierge-extra-gourmet-bouteille-250ml-pergolas3sensaciones\/#primaryimage","url":"https:\/\/www.senoriosderelleu.com\/wp-content\/uploads\/2018\/05\/Box-3-Sensaciones-0287.png","contentUrl":"https:\/\/www.senoriosderelleu.com\/wp-content\/uploads\/2018\/05\/Box-3-Sensaciones-0287.png","width":1075,"height":1075,"caption":"L'une des meilleures huiles d'olive extra vierge. Sensations m\u00e9diterran\u00e9ennes. Aimez-vous surprendre?"},{"@type":"BreadcrumbList","@id":"https:\/\/www.senoriosderelleu.com\/fr\/produit\/cadeaux-personnalises-maries-huile-olive-vierge-extra-gourmet-bouteille-250ml-pergolas3sensaciones\/#breadcrumb","itemListElement":[{"@type":"ListItem","position":1,"name":"Portada","item":"https:\/\/www.senoriosderelleu.com\/de\/"},{"@type":"ListItem","position":2,"name":"Nos produits","item":"https:\/\/www.senoriosderelleu.com\/fr\/acheter-meilleure-huile-olive-extra-vierge-gastronomique\/"},{"@type":"ListItem","position":3,"name":"Huile d&#8217;olive extra vierge &#8211; Etui La Pergola Sensaciones (x3 bouteilles 250 ml)"}]},{"@type":"WebSite","@id":"https:\/\/www.senoriosderelleu.com\/#website","url":"https:\/\/www.senoriosderelleu.com\/","name":"Se\u00f1orios de Relleu | Aceite de Oliva Virgen Extra Gourmet","description":"Mejor Aceite de Oliva Virgen Extra Gourmet Regalo Original de Alicante","publisher":{"@id":"https:\/\/www.senoriosderelleu.com\/#organization"},"potentialAction":[{"@type":"SearchAction","target":{"@type":"EntryPoint","urlTemplate":"https:\/\/www.senoriosderelleu.com\/?s={search_term_string}"},"query-input":{"@type":"PropertyValueSpecification","valueRequired":true,"valueName":"search_term_string"}}],"inLanguage":"fr-FR"},{"@type":"Organization","@id":"https:\/\/www.senoriosderelleu.com\/#organization","name":"Se\u00f1orios de Relleu","url":"https:\/\/www.senoriosderelleu.com\/","logo":{"@type":"ImageObject","inLanguage":"fr-FR","@id":"https:\/\/www.senoriosderelleu.com\/#\/schema\/logo\/image\/","url":"https:\/\/www.senoriosderelleu.com\/wp-content\/uploads\/2015\/09\/sr_logo_4_opciones-Paula16022012_P\u00e1gina_3.jpg","contentUrl":"https:\/\/www.senoriosderelleu.com\/wp-content\/uploads\/2015\/09\/sr_logo_4_opciones-Paula16022012_P\u00e1gina_3.jpg","width":1024,"height":724,"caption":"Se\u00f1orios de Relleu"},"image":{"@id":"https:\/\/www.senoriosderelleu.com\/#\/schema\/logo\/image\/"},"sameAs":["https:\/\/www.facebook.com\/SenoriosDeRelleu\/","https:\/\/x.com\/SenoriosdRelleu","https:\/\/www.instagram.com\/senoriosdrelleu\/","https:\/\/www.youtube.com\/user\/SenoriosdeRelleu"]}]}},"_links":{"self":[{"href":"https:\/\/www.senoriosderelleu.com\/fr\/wp-json\/wp\/v2\/product\/25362","targetHints":{"allow":["GET"]}}],"collection":[{"href":"https:\/\/www.senoriosderelleu.com\/fr\/wp-json\/wp\/v2\/product"}],"about":[{"href":"https:\/\/www.senoriosderelleu.com\/fr\/wp-json\/wp\/v2\/types\/product"}],"replies":[{"embeddable":true,"href":"https:\/\/www.senoriosderelleu.com\/fr\/wp-json\/wp\/v2\/comments?post=25362"}],"wp:featuredmedia":[{"embeddable":true,"href":"https:\/\/www.senoriosderelleu.com\/fr\/wp-json\/wp\/v2\/media\/25364"}],"wp:attachment":[{"href":"https:\/\/www.senoriosderelleu.com\/fr\/wp-json\/wp\/v2\/media?parent=25362"}],"wp:term":[{"taxonomy":"product_brand","embeddable":true,"href":"https:\/\/www.senoriosderelleu.com\/fr\/wp-json\/wp\/v2\/product_brand?post=25362"},{"taxonomy":"product_cat","embeddable":true,"href":"https:\/\/www.senoriosderelleu.com\/fr\/wp-json\/wp\/v2\/product_cat?post=25362"},{"taxonomy":"product_tag","embeddable":true,"href":"https:\/\/www.senoriosderelleu.com\/fr\/wp-json\/wp\/v2\/product_tag?post=25362"}],"curies":[{"name":"wp","href":"https:\/\/api.w.org\/{rel}","templated":true}]}}