{"id":25351,"date":"2018-04-11T22:34:56","date_gmt":"2018-04-11T22:34:56","guid":{"rendered":"https:\/\/www.senoriosderelleu.com\/product\/acheter-meilleure-huile-olive-vierge-extra-biologique-gourmet-250ml-coupage\/"},"modified":"2021-02-14T21:29:22","modified_gmt":"2021-02-14T21:29:22","slug":"acheter-meilleure-huile-olive-vierge-extra-biologique-gourmet-250ml-coupage","status":"publish","type":"product","link":"https:\/\/www.senoriosderelleu.com\/fr\/produit\/acheter-meilleure-huile-olive-vierge-extra-biologique-gourmet-250ml-coupage\/","title":{"rendered":"Huile D&#8217;olive Vierge Extra Organic Coupage 250 ml"},"content":{"rendered":"<div id=\"tab-description\" class=\"tab-content\">\n<h3><span style=\"color: #000000;\"><strong>100 ans d&#8217;histoire<\/strong><\/span><\/h3>\n<p>&nbsp;<\/p>\n<p><span style=\"color: #000000;\">\u00c0 l&#8217;occasion de l&#8217;anniversaire des 100 ans d&#8217;histoire de notre ferme Mas\u00eda Teulad\u00ed, nous avons produit cette huile d&#8217;olive vierge extra de mani\u00e8re totalement \u00e9cologique et durable pour l&#8217;environnement.<\/span><\/p>\n<p>&nbsp;<\/p>\n<p><span style=\"color: #000000;\">Cette bouteille, qui raconte notre histoire \u00e0 travers une illustration \u00e0 l&#8217;aquarelle, fait partie d&#8217;une production limit\u00e9e d&#8217;huiles qui sont totalement li\u00e9es \u00e0 leur environnement et \u00e0 la conservation de la terre. Toutes sont le r\u00e9sultat d&#8217;une grande passion familiale. Nous produisons notre jus d&#8217;olive sur les terrasses arabes des zones montagneuses avec les vari\u00e9t\u00e9s indig\u00e8nes suivantes :<br \/>\n<\/span><span style=\"color: #000000;\">Manzanilla Villalonga, Blanqueta, Changlot Real, Alfafara, Genovesa et combin\u00e9 avec Arbequina.<\/span><\/p>\n<p>&nbsp;<\/p>\n<h4><span style=\"color: #000000;\"><strong>Pourquoi l&#8217;agriculture biologique?<\/strong><\/span><\/h4>\n<p>&nbsp;<\/p>\n<p><span style=\"color: #000000;\">L&#8217;agriculture biologique est bas\u00e9e sur la culture de plantes qui utilisent les ressources naturelles pour lutter contre les parasites, maintenir ou augmenter la fertilit\u00e9 des terres sans avoir recours \u00e0 des produits chimiques de synth\u00e8se tels que les engrais, les pesticides ou autres, et sur la non-utilisation d&#8217;organismes g\u00e9n\u00e9tiquement modifi\u00e9s. De cette mani\u00e8re, on obtient des aliments plus naturels, plus sains et plus nutritifs. En outre, elle contribue \u00e0 la durabilit\u00e9 de l&#8217;environnement en causant le moins d&#8217;impact possible.<\/span><\/p>\n<p><img loading=\"lazy\" decoding=\"async\" class=\"size-medium wp-image-15811 aligncenter\" src=\"https:\/\/www.senoriosderelleu.com\/wp-content\/uploads\/2018\/04\/EU_Organic_Logo_Colour_OuterLine_rgb-300x200.jpg\" alt=\"Logo Europeo Agricultura Ecologica. European Logo Organic Agriculture\" width=\"300\" height=\"200\" srcset=\"https:\/\/www.senoriosderelleu.com\/wp-content\/uploads\/2018\/04\/EU_Organic_Logo_Colour_OuterLine_rgb-300x200.jpg 300w, https:\/\/www.senoriosderelleu.com\/wp-content\/uploads\/2018\/04\/EU_Organic_Logo_Colour_OuterLine_rgb-304x202.jpg 304w, https:\/\/www.senoriosderelleu.com\/wp-content\/uploads\/2018\/04\/EU_Organic_Logo_Colour_OuterLine_rgb.jpg 500w\" sizes=\"auto, (max-width: 300px) 100vw, 300px\" \/><\/p>\n<\/div>\n<div id=\"tab-description\" class=\"tab-content\">\n<p><a href=\"https:\/\/www.senoriosderelleu.com\/fr\/?attachment_id=25289\"><img loading=\"lazy\" decoding=\"async\" class=\"size-medium wp-image-20457 aligncenter\" src=\"https:\/\/www.senoriosderelleu.com\/wp-content\/uploads\/2020\/02\/CAECV-Nuevo-Sello-167x300.jpg\" alt=\"Sello Agricultura Ecologica Comunidad Valenciana\" width=\"167\" height=\"300\" srcset=\"https:\/\/www.senoriosderelleu.com\/wp-content\/uploads\/2020\/02\/CAECV-Nuevo-Sello-167x300.jpg 167w, https:\/\/www.senoriosderelleu.com\/wp-content\/uploads\/2020\/02\/CAECV-Nuevo-Sello-304x547.jpg 304w, https:\/\/www.senoriosderelleu.com\/wp-content\/uploads\/2020\/02\/CAECV-Nuevo-Sello-768x1383.jpg 768w, https:\/\/www.senoriosderelleu.com\/wp-content\/uploads\/2020\/02\/CAECV-Nuevo-Sello-569x1024.jpg 569w, https:\/\/www.senoriosderelleu.com\/wp-content\/uploads\/2020\/02\/CAECV-Nuevo-Sello-700x1260.jpg 700w, https:\/\/www.senoriosderelleu.com\/wp-content\/uploads\/2020\/02\/CAECV-Nuevo-Sello.jpg 600w\" sizes=\"auto, (max-width: 167px) 100vw, 167px\" \/><\/a><a href=\"https:\/\/www.senoriosderelleu.com\/fr\/consommation\/accords\/\">Cliquez pour voir le <strong>tableau des accords<\/strong><\/a><\/p>\n<\/div>\n<p>&nbsp;<\/p>\n","protected":false},"excerpt":{"rendered":"<h4><span style=\"color: #000000;\"><strong>L&#8217;huile d&#8217;olive vierge extra Organic Coupage 250 ml. Se\u00f1or\u00edos de Relleu\u00ae avec coffret cadeau, est un coupage des meilleures huiles d&#8217;olive vierge extra biologiques provenant de cinq vari\u00e9t\u00e9s locales et de l&#8217;Arbequina,<\/strong> avec un ar\u00f4me moyennement fruit\u00e9, l\u00e9g\u00e8rement amer et avec un piquant moyen-\u00e9lev\u00e9 provenant de l&#8217;agriculture biologique.<\/span><\/h4>\n","protected":false},"featured_media":25352,"comment_status":"closed","ping_status":"closed","template":"","meta":[],"product_brand":[],"product_cat":[1071,1075],"product_tag":[1064,1066,1059,1072,1062,1057,1056,1061,1058,1065,1063],"class_list":{"0":"post-25351","1":"product","2":"type-product","3":"status-publish","4":"has-post-thumbnail","6":"product_cat-coupage-bio","7":"product_cat-recipients-de-250-ml","8":"product_tag-agriculture-de-montagne","9":"product_tag-bouteilles-en-aluminium","10":"product_tag-coupage-fr","11":"product_tag-ecologique","12":"product_tag-extraction-a-froid","13":"product_tag-hove","14":"product_tag-huile","15":"product_tag-huile-dolive","16":"product_tag-huile-dolive-extra-vierge","17":"product_tag-production-limitee","18":"product_tag-recompenses","19":"pa_envase-bouteille","20":"pa_gama-organic-fr","21":"pa_presentacion-250-ml-fr","23":"first","24":"instock","25":"taxable","26":"shipping-taxable","27":"purchasable","28":"product-type-simple"},"yoast_head":"<!-- This site is optimized with the Yoast SEO plugin v27.5 - https:\/\/yoast.com\/product\/yoast-seo-wordpress\/ -->\n<title>Meilleure huile d&#039;olive extra vierge biologique 250 ml. - Se\u00f1orios de Relleu<\/title>\n<meta name=\"description\" content=\"Huile d&#039;Olive Extra Vierge Bio Coupage 250 ml. Se\u00f1or\u00edos de Relleu\u00ae, est un m\u00e9lange des meilleures huiles d&#039;olive biologiques d&#039;Alicante.\" \/>\n<meta name=\"robots\" content=\"index, follow, max-snippet:-1, max-image-preview:large, max-video-preview:-1\" \/>\n<link rel=\"canonical\" href=\"https:\/\/www.senoriosderelleu.com\/fr\/produit\/acheter-meilleure-huile-olive-vierge-extra-biologique-gourmet-250ml-coupage\/\" \/>\n<meta name=\"twitter:card\" content=\"summary_large_image\" \/>\n<meta name=\"twitter:title\" content=\"Meilleure huile d&#039;olive extra vierge biologique 250 ml. - Se\u00f1orios de Relleu\" \/>\n<meta name=\"twitter:description\" content=\"Huile d&#039;Olive Extra Vierge Bio Coupage 250 ml. Se\u00f1or\u00edos de Relleu\u00ae, est un m\u00e9lange des meilleures huiles d&#039;olive biologiques d&#039;Alicante.\" \/>\n<meta name=\"twitter:image\" content=\"https:\/\/www.senoriosderelleu.com\/wp-content\/uploads\/2018\/05\/250-ml.-Organic-Coupage.-Ecologico.-Bio-3.png\" \/>\n<meta name=\"twitter:site\" content=\"@SenoriosdRelleu\" \/>\n<meta name=\"twitter:label1\" content=\"Dur\u00e9e de lecture estim\u00e9e\" \/>\n\t<meta name=\"twitter:data1\" content=\"2 minutes\" \/>\n<script type=\"application\/ld+json\" class=\"yoast-schema-graph\">{\"@context\":\"https:\\\/\\\/schema.org\",\"@graph\":[{\"@type\":\"WebPage\",\"@id\":\"https:\\\/\\\/www.senoriosderelleu.com\\\/fr\\\/produit\\\/acheter-meilleure-huile-olive-vierge-extra-biologique-gourmet-250ml-coupage\\\/\",\"url\":\"https:\\\/\\\/www.senoriosderelleu.com\\\/fr\\\/produit\\\/acheter-meilleure-huile-olive-vierge-extra-biologique-gourmet-250ml-coupage\\\/\",\"name\":\"Meilleure huile d'olive extra vierge biologique 250 ml. - Se\u00f1orios de Relleu\",\"isPartOf\":{\"@id\":\"https:\\\/\\\/www.senoriosderelleu.com\\\/#website\"},\"primaryImageOfPage\":{\"@id\":\"https:\\\/\\\/www.senoriosderelleu.com\\\/fr\\\/produit\\\/acheter-meilleure-huile-olive-vierge-extra-biologique-gourmet-250ml-coupage\\\/#primaryimage\"},\"image\":{\"@id\":\"https:\\\/\\\/www.senoriosderelleu.com\\\/fr\\\/produit\\\/acheter-meilleure-huile-olive-vierge-extra-biologique-gourmet-250ml-coupage\\\/#primaryimage\"},\"thumbnailUrl\":\"https:\\\/\\\/www.senoriosderelleu.com\\\/wp-content\\\/uploads\\\/2018\\\/05\\\/250-ml.-Organic-Coupage.-Ecologico.-Bio-3.png\",\"datePublished\":\"2018-04-11T22:34:56+00:00\",\"dateModified\":\"2021-02-14T21:29:22+00:00\",\"description\":\"Huile d'Olive Extra Vierge Bio Coupage 250 ml. Se\u00f1or\u00edos de Relleu\u00ae, est un m\u00e9lange des meilleures huiles d'olive biologiques d'Alicante.\",\"breadcrumb\":{\"@id\":\"https:\\\/\\\/www.senoriosderelleu.com\\\/fr\\\/produit\\\/acheter-meilleure-huile-olive-vierge-extra-biologique-gourmet-250ml-coupage\\\/#breadcrumb\"},\"inLanguage\":\"fr-FR\",\"potentialAction\":[{\"@type\":\"ReadAction\",\"target\":[\"https:\\\/\\\/www.senoriosderelleu.com\\\/fr\\\/produit\\\/acheter-meilleure-huile-olive-vierge-extra-biologique-gourmet-250ml-coupage\\\/\"]}]},{\"@type\":\"ImageObject\",\"inLanguage\":\"fr-FR\",\"@id\":\"https:\\\/\\\/www.senoriosderelleu.com\\\/fr\\\/produit\\\/acheter-meilleure-huile-olive-vierge-extra-biologique-gourmet-250ml-coupage\\\/#primaryimage\",\"url\":\"https:\\\/\\\/www.senoriosderelleu.com\\\/wp-content\\\/uploads\\\/2018\\\/05\\\/250-ml.-Organic-Coupage.-Ecologico.-Bio-3.png\",\"contentUrl\":\"https:\\\/\\\/www.senoriosderelleu.com\\\/wp-content\\\/uploads\\\/2018\\\/05\\\/250-ml.-Organic-Coupage.-Ecologico.-Bio-3.png\",\"width\":1075,\"height\":1075,\"caption\":\"L'une des meilleures huiles d'olive extra vierge. Sensations m\u00e9diterran\u00e9ennes. Aimez-vous surprendre?\"},{\"@type\":\"BreadcrumbList\",\"@id\":\"https:\\\/\\\/www.senoriosderelleu.com\\\/fr\\\/produit\\\/acheter-meilleure-huile-olive-vierge-extra-biologique-gourmet-250ml-coupage\\\/#breadcrumb\",\"itemListElement\":[{\"@type\":\"ListItem\",\"position\":1,\"name\":\"Portada\",\"item\":\"https:\\\/\\\/www.senoriosderelleu.com\\\/de\\\/\"},{\"@type\":\"ListItem\",\"position\":2,\"name\":\"Nos produits\",\"item\":\"https:\\\/\\\/www.senoriosderelleu.com\\\/fr\\\/acheter-meilleure-huile-olive-extra-vierge-gastronomique\\\/\"},{\"@type\":\"ListItem\",\"position\":3,\"name\":\"Huile D&#8217;olive Vierge Extra Organic Coupage 250 ml\"}]},{\"@type\":\"WebSite\",\"@id\":\"https:\\\/\\\/www.senoriosderelleu.com\\\/#website\",\"url\":\"https:\\\/\\\/www.senoriosderelleu.com\\\/\",\"name\":\"Se\u00f1orios de Relleu | Aceite de Oliva Virgen Extra Gourmet\",\"description\":\"Mejor Aceite de Oliva Virgen Extra Gourmet Regalo Original de Alicante\",\"publisher\":{\"@id\":\"https:\\\/\\\/www.senoriosderelleu.com\\\/#organization\"},\"potentialAction\":[{\"@type\":\"SearchAction\",\"target\":{\"@type\":\"EntryPoint\",\"urlTemplate\":\"https:\\\/\\\/www.senoriosderelleu.com\\\/?s={search_term_string}\"},\"query-input\":{\"@type\":\"PropertyValueSpecification\",\"valueRequired\":true,\"valueName\":\"search_term_string\"}}],\"inLanguage\":\"fr-FR\"},{\"@type\":\"Organization\",\"@id\":\"https:\\\/\\\/www.senoriosderelleu.com\\\/#organization\",\"name\":\"Se\u00f1orios de Relleu\",\"url\":\"https:\\\/\\\/www.senoriosderelleu.com\\\/\",\"logo\":{\"@type\":\"ImageObject\",\"inLanguage\":\"fr-FR\",\"@id\":\"https:\\\/\\\/www.senoriosderelleu.com\\\/#\\\/schema\\\/logo\\\/image\\\/\",\"url\":\"https:\\\/\\\/www.senoriosderelleu.com\\\/wp-content\\\/uploads\\\/2015\\\/09\\\/sr_logo_4_opciones-Paula16022012_P\u00e1gina_3.jpg\",\"contentUrl\":\"https:\\\/\\\/www.senoriosderelleu.com\\\/wp-content\\\/uploads\\\/2015\\\/09\\\/sr_logo_4_opciones-Paula16022012_P\u00e1gina_3.jpg\",\"width\":1024,\"height\":724,\"caption\":\"Se\u00f1orios de Relleu\"},\"image\":{\"@id\":\"https:\\\/\\\/www.senoriosderelleu.com\\\/#\\\/schema\\\/logo\\\/image\\\/\"},\"sameAs\":[\"https:\\\/\\\/www.facebook.com\\\/SenoriosDeRelleu\\\/\",\"https:\\\/\\\/x.com\\\/SenoriosdRelleu\",\"https:\\\/\\\/www.instagram.com\\\/senoriosdrelleu\\\/\",\"https:\\\/\\\/www.youtube.com\\\/user\\\/SenoriosdeRelleu\"]}]}<\/script>\n<!-- \/ Yoast SEO plugin. -->","yoast_head_json":{"title":"Meilleure huile d'olive extra vierge biologique 250 ml. - Se\u00f1orios de Relleu","description":"Huile d'Olive Extra Vierge Bio Coupage 250 ml. Se\u00f1or\u00edos de Relleu\u00ae, est un m\u00e9lange des meilleures huiles d'olive biologiques d'Alicante.","robots":{"index":"index","follow":"follow","max-snippet":"max-snippet:-1","max-image-preview":"max-image-preview:large","max-video-preview":"max-video-preview:-1"},"canonical":"https:\/\/www.senoriosderelleu.com\/fr\/produit\/acheter-meilleure-huile-olive-vierge-extra-biologique-gourmet-250ml-coupage\/","twitter_card":"summary_large_image","twitter_title":"Meilleure huile d'olive extra vierge biologique 250 ml. - Se\u00f1orios de Relleu","twitter_description":"Huile d'Olive Extra Vierge Bio Coupage 250 ml. Se\u00f1or\u00edos de Relleu\u00ae, est un m\u00e9lange des meilleures huiles d'olive biologiques d'Alicante.","twitter_image":"https:\/\/www.senoriosderelleu.com\/wp-content\/uploads\/2018\/05\/250-ml.-Organic-Coupage.-Ecologico.-Bio-3.png","twitter_site":"@SenoriosdRelleu","twitter_misc":{"Dur\u00e9e de lecture estim\u00e9e":"2 minutes"},"schema":{"@context":"https:\/\/schema.org","@graph":[{"@type":"WebPage","@id":"https:\/\/www.senoriosderelleu.com\/fr\/produit\/acheter-meilleure-huile-olive-vierge-extra-biologique-gourmet-250ml-coupage\/","url":"https:\/\/www.senoriosderelleu.com\/fr\/produit\/acheter-meilleure-huile-olive-vierge-extra-biologique-gourmet-250ml-coupage\/","name":"Meilleure huile d'olive extra vierge biologique 250 ml. - Se\u00f1orios de Relleu","isPartOf":{"@id":"https:\/\/www.senoriosderelleu.com\/#website"},"primaryImageOfPage":{"@id":"https:\/\/www.senoriosderelleu.com\/fr\/produit\/acheter-meilleure-huile-olive-vierge-extra-biologique-gourmet-250ml-coupage\/#primaryimage"},"image":{"@id":"https:\/\/www.senoriosderelleu.com\/fr\/produit\/acheter-meilleure-huile-olive-vierge-extra-biologique-gourmet-250ml-coupage\/#primaryimage"},"thumbnailUrl":"https:\/\/www.senoriosderelleu.com\/wp-content\/uploads\/2018\/05\/250-ml.-Organic-Coupage.-Ecologico.-Bio-3.png","datePublished":"2018-04-11T22:34:56+00:00","dateModified":"2021-02-14T21:29:22+00:00","description":"Huile d'Olive Extra Vierge Bio Coupage 250 ml. Se\u00f1or\u00edos de Relleu\u00ae, est un m\u00e9lange des meilleures huiles d'olive biologiques d'Alicante.","breadcrumb":{"@id":"https:\/\/www.senoriosderelleu.com\/fr\/produit\/acheter-meilleure-huile-olive-vierge-extra-biologique-gourmet-250ml-coupage\/#breadcrumb"},"inLanguage":"fr-FR","potentialAction":[{"@type":"ReadAction","target":["https:\/\/www.senoriosderelleu.com\/fr\/produit\/acheter-meilleure-huile-olive-vierge-extra-biologique-gourmet-250ml-coupage\/"]}]},{"@type":"ImageObject","inLanguage":"fr-FR","@id":"https:\/\/www.senoriosderelleu.com\/fr\/produit\/acheter-meilleure-huile-olive-vierge-extra-biologique-gourmet-250ml-coupage\/#primaryimage","url":"https:\/\/www.senoriosderelleu.com\/wp-content\/uploads\/2018\/05\/250-ml.-Organic-Coupage.-Ecologico.-Bio-3.png","contentUrl":"https:\/\/www.senoriosderelleu.com\/wp-content\/uploads\/2018\/05\/250-ml.-Organic-Coupage.-Ecologico.-Bio-3.png","width":1075,"height":1075,"caption":"L'une des meilleures huiles d'olive extra vierge. Sensations m\u00e9diterran\u00e9ennes. Aimez-vous surprendre?"},{"@type":"BreadcrumbList","@id":"https:\/\/www.senoriosderelleu.com\/fr\/produit\/acheter-meilleure-huile-olive-vierge-extra-biologique-gourmet-250ml-coupage\/#breadcrumb","itemListElement":[{"@type":"ListItem","position":1,"name":"Portada","item":"https:\/\/www.senoriosderelleu.com\/de\/"},{"@type":"ListItem","position":2,"name":"Nos produits","item":"https:\/\/www.senoriosderelleu.com\/fr\/acheter-meilleure-huile-olive-extra-vierge-gastronomique\/"},{"@type":"ListItem","position":3,"name":"Huile D&#8217;olive Vierge Extra Organic Coupage 250 ml"}]},{"@type":"WebSite","@id":"https:\/\/www.senoriosderelleu.com\/#website","url":"https:\/\/www.senoriosderelleu.com\/","name":"Se\u00f1orios de Relleu | Aceite de Oliva Virgen Extra Gourmet","description":"Mejor Aceite de Oliva Virgen Extra Gourmet Regalo Original de Alicante","publisher":{"@id":"https:\/\/www.senoriosderelleu.com\/#organization"},"potentialAction":[{"@type":"SearchAction","target":{"@type":"EntryPoint","urlTemplate":"https:\/\/www.senoriosderelleu.com\/?s={search_term_string}"},"query-input":{"@type":"PropertyValueSpecification","valueRequired":true,"valueName":"search_term_string"}}],"inLanguage":"fr-FR"},{"@type":"Organization","@id":"https:\/\/www.senoriosderelleu.com\/#organization","name":"Se\u00f1orios de Relleu","url":"https:\/\/www.senoriosderelleu.com\/","logo":{"@type":"ImageObject","inLanguage":"fr-FR","@id":"https:\/\/www.senoriosderelleu.com\/#\/schema\/logo\/image\/","url":"https:\/\/www.senoriosderelleu.com\/wp-content\/uploads\/2015\/09\/sr_logo_4_opciones-Paula16022012_P\u00e1gina_3.jpg","contentUrl":"https:\/\/www.senoriosderelleu.com\/wp-content\/uploads\/2015\/09\/sr_logo_4_opciones-Paula16022012_P\u00e1gina_3.jpg","width":1024,"height":724,"caption":"Se\u00f1orios de Relleu"},"image":{"@id":"https:\/\/www.senoriosderelleu.com\/#\/schema\/logo\/image\/"},"sameAs":["https:\/\/www.facebook.com\/SenoriosDeRelleu\/","https:\/\/x.com\/SenoriosdRelleu","https:\/\/www.instagram.com\/senoriosdrelleu\/","https:\/\/www.youtube.com\/user\/SenoriosdeRelleu"]}]}},"_links":{"self":[{"href":"https:\/\/www.senoriosderelleu.com\/fr\/wp-json\/wp\/v2\/product\/25351","targetHints":{"allow":["GET"]}}],"collection":[{"href":"https:\/\/www.senoriosderelleu.com\/fr\/wp-json\/wp\/v2\/product"}],"about":[{"href":"https:\/\/www.senoriosderelleu.com\/fr\/wp-json\/wp\/v2\/types\/product"}],"replies":[{"embeddable":true,"href":"https:\/\/www.senoriosderelleu.com\/fr\/wp-json\/wp\/v2\/comments?post=25351"}],"wp:featuredmedia":[{"embeddable":true,"href":"https:\/\/www.senoriosderelleu.com\/fr\/wp-json\/wp\/v2\/media\/25352"}],"wp:attachment":[{"href":"https:\/\/www.senoriosderelleu.com\/fr\/wp-json\/wp\/v2\/media?parent=25351"}],"wp:term":[{"taxonomy":"product_brand","embeddable":true,"href":"https:\/\/www.senoriosderelleu.com\/fr\/wp-json\/wp\/v2\/product_brand?post=25351"},{"taxonomy":"product_cat","embeddable":true,"href":"https:\/\/www.senoriosderelleu.com\/fr\/wp-json\/wp\/v2\/product_cat?post=25351"},{"taxonomy":"product_tag","embeddable":true,"href":"https:\/\/www.senoriosderelleu.com\/fr\/wp-json\/wp\/v2\/product_tag?post=25351"}],"curies":[{"name":"wp","href":"https:\/\/api.w.org\/{rel}","templated":true}]}}