{"id":18156,"date":"2018-06-06T15:09:59","date_gmt":"2018-06-06T15:09:59","guid":{"rendered":"https:\/\/www.senoriosderelleu.com\/?post_type=product&#038;p=18156"},"modified":"2021-02-15T09:12:30","modified_gmt":"2021-02-15T09:12:30","slug":"buy-best-organic-olive-oil-gift-sets-100-ml","status":"publish","type":"product","link":"https:\/\/www.senoriosderelleu.com\/en\/product\/buy-best-organic-olive-oil-gift-sets-100-ml\/","title":{"rendered":"Pocket GiftBox &#8220;Return to the Origins: Organic&#8221; Extra Virgin Olive Oil &#8211; (3 Bottles 100 ml)"},"content":{"rendered":"<h3><span style=\"color: #000000;\"><strong>100 years of history<\/strong><\/span><\/h3>\n<p>&nbsp;<\/p>\n<p><span style=\"color: #000000;\">This bottle, which tells our story through a watercolor illustration, is part of a limited production of olive oils <strong>linked to their surroundings and to preserving the territory<\/strong>. They are all the product of a great family passion. We produce our olive juice among Arab terraces in mountainous regions with the following regional varieties: Manzanilla Villalonga, Blanqueta, Changlot Real, Alfafara, Genovesa and combined with Arbequina.<\/span><\/p>\n<p>&nbsp;<\/p>\n<h3><span style=\"color: #000000;\"><strong>Why ecological agriculture?<\/strong><\/span><\/h3>\n<p>&nbsp;<\/p>\n<p><span style=\"color: #000000;\">Ecological agriculture is based on growing crops that maximise the natural resources to combat pests, maintaining or increasing soil fertility without using synthetic chemical products like fertilisers, pesticides or the like, and avoiding the use of genetically modified organisms. By doing this we can produce <strong>foods that are more natural, healthier and more nutritious<\/strong>. Moreover, we are helping to sustain the environment causing the least impact possible.<\/span><\/p>\n<p>&nbsp;<\/p>\n<p><a href=\"https:\/\/www.senoriosderelleu.com\/?attachment_id=19516\"><img loading=\"lazy\" decoding=\"async\" class=\"size-medium wp-image-19516 aligncenter\" src=\"https:\/\/www.senoriosderelleu.com\/wp-content\/uploads\/2019\/04\/EU_Organic_Logo_Colour_OuterLine_rgb-300x200.jpg\" alt=\"\" width=\"300\" height=\"200\" srcset=\"https:\/\/www.senoriosderelleu.com\/wp-content\/uploads\/2019\/04\/EU_Organic_Logo_Colour_OuterLine_rgb-300x200.jpg 300w, https:\/\/www.senoriosderelleu.com\/wp-content\/uploads\/2019\/04\/EU_Organic_Logo_Colour_OuterLine_rgb-304x202.jpg 304w, https:\/\/www.senoriosderelleu.com\/wp-content\/uploads\/2019\/04\/EU_Organic_Logo_Colour_OuterLine_rgb.jpg 500w\" sizes=\"auto, (max-width: 300px) 100vw, 300px\" \/><\/a><\/p>\n<p><a href=\"https:\/\/www.senoriosderelleu.com\/en\/?attachment_id=20458\" rel=\"attachment wp-att-20458\"><img loading=\"lazy\" decoding=\"async\" class=\"aligncenter size-medium wp-image-20458\" src=\"https:\/\/www.senoriosderelleu.com\/wp-content\/uploads\/2020\/02\/CAECV-Nuevo-Sello-167x300.jpg\" alt=\"\" width=\"167\" height=\"300\" srcset=\"https:\/\/www.senoriosderelleu.com\/wp-content\/uploads\/2020\/02\/CAECV-Nuevo-Sello-167x300.jpg 167w, https:\/\/www.senoriosderelleu.com\/wp-content\/uploads\/2020\/02\/CAECV-Nuevo-Sello-304x547.jpg 304w, https:\/\/www.senoriosderelleu.com\/wp-content\/uploads\/2020\/02\/CAECV-Nuevo-Sello-768x1383.jpg 768w, https:\/\/www.senoriosderelleu.com\/wp-content\/uploads\/2020\/02\/CAECV-Nuevo-Sello-569x1024.jpg 569w, https:\/\/www.senoriosderelleu.com\/wp-content\/uploads\/2020\/02\/CAECV-Nuevo-Sello-700x1260.jpg 700w, https:\/\/www.senoriosderelleu.com\/wp-content\/uploads\/2020\/02\/CAECV-Nuevo-Sello.jpg 600w\" sizes=\"auto, (max-width: 167px) 100vw, 167px\" \/><\/a><\/p>\n<p><a href=\"https:\/\/www.senoriosderelleu.com\/en\/consumption\/pairings\/\">Click to see the <strong>pairings table<\/strong> for this oil<\/a><\/p>\n","protected":false},"excerpt":{"rendered":"<h4><span style=\"color: #000000;\">We have created this extra virgin olive oil in a totally <strong>ecological and sustainable<\/strong> way to mark the <strong>100th anniversary of history<\/strong> of our <strong>Mas\u00eda Teulad\u00ed<\/strong> (our headquarters in Relleu).<\/span><\/h4>\n","protected":false},"featured_media":18112,"comment_status":"closed","ping_status":"closed","template":"","meta":[],"product_brand":[],"product_cat":[488,118,613],"product_tag":[602,611,607,739,601,599,606,612,600,597,598,604,605],"class_list":{"0":"post-18156","1":"product","2":"type-product","3":"status-publish","4":"has-post-thumbnail","6":"product_cat-100-ml-original-gifts-best-extra-virgin-olive-oil","7":"product_cat-gift-boxes-olive-oil-3-bottles","8":"product_cat-best-organic-extra-virgin-olive-oil","9":"product_tag-aluminum-bottles","10":"product_tag-awards","11":"product_tag-cold-extraction","12":"product_tag-coupage","13":"product_tag-evoo","14":"product_tag-extra-virgin-olive-oil","15":"product_tag-gift-box","16":"product_tag-limited-production","17":"product_tag-mountain-agriculture","18":"product_tag-oil","19":"product_tag-olive-oil-en","20":"product_tag-organic","21":"product_tag-pocket-edition","22":"pa_envase-gift-boxes","23":"pa_gama-organic-en","24":"pa_presentacion-100-ml-en","26":"first","27":"instock","28":"taxable","29":"shipping-taxable","30":"purchasable","31":"product-type-simple"},"yoast_head":"<!-- This site is optimized with the Yoast SEO plugin v27.5 - https:\/\/yoast.com\/product\/yoast-seo-wordpress\/ -->\n<title>Buy Best Organic Olive Oil Gift Sets 100 ml. - Se\u00f1orios de Relleu<\/title>\n<meta name=\"description\" content=\"We have created this organic extra virgin olive oil gift set 100 ml. in a totally ecological and sustainable way to mark the 100 anniversary of our history.\" \/>\n<meta name=\"robots\" content=\"index, follow, max-snippet:-1, max-image-preview:large, max-video-preview:-1\" \/>\n<link rel=\"canonical\" href=\"https:\/\/www.senoriosderelleu.com\/en\/product\/buy-best-organic-olive-oil-gift-sets-100-ml\/\" \/>\n<meta name=\"twitter:card\" content=\"summary_large_image\" \/>\n<meta name=\"twitter:title\" content=\"Buy Best Organic Olive Oil Gift Sets 100 ml. - Se\u00f1orios de Relleu\" \/>\n<meta name=\"twitter:description\" content=\"We have created this organic extra virgin olive oil gift set 100 ml. in a totally ecological and sustainable way to mark the 100 anniversary of our history.\" \/>\n<meta name=\"twitter:image\" content=\"https:\/\/www.senoriosderelleu.com\/wp-content\/uploads\/2018\/06\/EDICI\u00d3N-DE-BOLSILLO-HISTORIAS-DE-SE\u00d1OR\u00cdOS-DE-RELLEU.-Organico-V5.png\" \/>\n<meta name=\"twitter:site\" content=\"@SenoriosdRelleu\" \/>\n<meta name=\"twitter:label1\" content=\"Est. reading time\" \/>\n\t<meta name=\"twitter:data1\" content=\"2 minutes\" \/>\n<script type=\"application\/ld+json\" class=\"yoast-schema-graph\">{\"@context\":\"https:\\\/\\\/schema.org\",\"@graph\":[{\"@type\":\"WebPage\",\"@id\":\"https:\\\/\\\/www.senoriosderelleu.com\\\/en\\\/product\\\/buy-best-organic-olive-oil-gift-sets-100-ml\\\/\",\"url\":\"https:\\\/\\\/www.senoriosderelleu.com\\\/en\\\/product\\\/buy-best-organic-olive-oil-gift-sets-100-ml\\\/\",\"name\":\"Buy Best Organic Olive Oil Gift Sets 100 ml. - Se\u00f1orios de Relleu\",\"isPartOf\":{\"@id\":\"https:\\\/\\\/www.senoriosderelleu.com\\\/#website\"},\"primaryImageOfPage\":{\"@id\":\"https:\\\/\\\/www.senoriosderelleu.com\\\/en\\\/product\\\/buy-best-organic-olive-oil-gift-sets-100-ml\\\/#primaryimage\"},\"image\":{\"@id\":\"https:\\\/\\\/www.senoriosderelleu.com\\\/en\\\/product\\\/buy-best-organic-olive-oil-gift-sets-100-ml\\\/#primaryimage\"},\"thumbnailUrl\":\"https:\\\/\\\/www.senoriosderelleu.com\\\/wp-content\\\/uploads\\\/2018\\\/06\\\/EDICI\u00d3N-DE-BOLSILLO-HISTORIAS-DE-SE\u00d1OR\u00cdOS-DE-RELLEU.-Organico-V5.png\",\"datePublished\":\"2018-06-06T15:09:59+00:00\",\"dateModified\":\"2021-02-15T09:12:30+00:00\",\"description\":\"We have created this organic extra virgin olive oil gift set 100 ml. in a totally ecological and sustainable way to mark the 100 anniversary of our history.\",\"breadcrumb\":{\"@id\":\"https:\\\/\\\/www.senoriosderelleu.com\\\/en\\\/product\\\/buy-best-organic-olive-oil-gift-sets-100-ml\\\/#breadcrumb\"},\"inLanguage\":\"en-US\",\"potentialAction\":[{\"@type\":\"ReadAction\",\"target\":[\"https:\\\/\\\/www.senoriosderelleu.com\\\/en\\\/product\\\/buy-best-organic-olive-oil-gift-sets-100-ml\\\/\"]}]},{\"@type\":\"ImageObject\",\"inLanguage\":\"en-US\",\"@id\":\"https:\\\/\\\/www.senoriosderelleu.com\\\/en\\\/product\\\/buy-best-organic-olive-oil-gift-sets-100-ml\\\/#primaryimage\",\"url\":\"https:\\\/\\\/www.senoriosderelleu.com\\\/wp-content\\\/uploads\\\/2018\\\/06\\\/EDICI\u00d3N-DE-BOLSILLO-HISTORIAS-DE-SE\u00d1OR\u00cdOS-DE-RELLEU.-Organico-V5.png\",\"contentUrl\":\"https:\\\/\\\/www.senoriosderelleu.com\\\/wp-content\\\/uploads\\\/2018\\\/06\\\/EDICI\u00d3N-DE-BOLSILLO-HISTORIAS-DE-SE\u00d1OR\u00cdOS-DE-RELLEU.-Organico-V5.png\",\"width\":1075,\"height\":1075,\"caption\":\"En el 100 aniversario de la Mas\u00eda Teuladi hemos decidido gestionar una de nuestras fincas (La perdida) con abonos org\u00e1nicos y proteger los arboles con feromonas.\"},{\"@type\":\"BreadcrumbList\",\"@id\":\"https:\\\/\\\/www.senoriosderelleu.com\\\/en\\\/product\\\/buy-best-organic-olive-oil-gift-sets-100-ml\\\/#breadcrumb\",\"itemListElement\":[{\"@type\":\"ListItem\",\"position\":1,\"name\":\"Portada\",\"item\":\"https:\\\/\\\/www.senoriosderelleu.com\\\/en\\\/home-en\\\/\"},{\"@type\":\"ListItem\",\"position\":2,\"name\":\"Shop\",\"item\":\"https:\\\/\\\/www.senoriosderelleu.com\\\/en\\\/buy-best-gourmet-extra-virgin-olive-oil\\\/\"},{\"@type\":\"ListItem\",\"position\":3,\"name\":\"Pocket GiftBox \u00abReturn to the Origins: Organic\u00bb Extra Virgin Olive Oil &#8211; (3 Bottles 100 ml)\"}]},{\"@type\":\"WebSite\",\"@id\":\"https:\\\/\\\/www.senoriosderelleu.com\\\/#website\",\"url\":\"https:\\\/\\\/www.senoriosderelleu.com\\\/\",\"name\":\"Se\u00f1orios de Relleu | Aceite de Oliva Virgen Extra Gourmet\",\"description\":\"Mejor Aceite de Oliva Virgen Extra Gourmet Regalo Original de Alicante\",\"publisher\":{\"@id\":\"https:\\\/\\\/www.senoriosderelleu.com\\\/#organization\"},\"potentialAction\":[{\"@type\":\"SearchAction\",\"target\":{\"@type\":\"EntryPoint\",\"urlTemplate\":\"https:\\\/\\\/www.senoriosderelleu.com\\\/?s={search_term_string}\"},\"query-input\":{\"@type\":\"PropertyValueSpecification\",\"valueRequired\":true,\"valueName\":\"search_term_string\"}}],\"inLanguage\":\"en-US\"},{\"@type\":\"Organization\",\"@id\":\"https:\\\/\\\/www.senoriosderelleu.com\\\/#organization\",\"name\":\"Se\u00f1orios de Relleu\",\"url\":\"https:\\\/\\\/www.senoriosderelleu.com\\\/\",\"logo\":{\"@type\":\"ImageObject\",\"inLanguage\":\"en-US\",\"@id\":\"https:\\\/\\\/www.senoriosderelleu.com\\\/#\\\/schema\\\/logo\\\/image\\\/\",\"url\":\"https:\\\/\\\/www.senoriosderelleu.com\\\/wp-content\\\/uploads\\\/2015\\\/09\\\/sr_logo_4_opciones-Paula16022012_P\u00e1gina_3.jpg\",\"contentUrl\":\"https:\\\/\\\/www.senoriosderelleu.com\\\/wp-content\\\/uploads\\\/2015\\\/09\\\/sr_logo_4_opciones-Paula16022012_P\u00e1gina_3.jpg\",\"width\":1024,\"height\":724,\"caption\":\"Se\u00f1orios de Relleu\"},\"image\":{\"@id\":\"https:\\\/\\\/www.senoriosderelleu.com\\\/#\\\/schema\\\/logo\\\/image\\\/\"},\"sameAs\":[\"https:\\\/\\\/www.facebook.com\\\/SenoriosDeRelleu\\\/\",\"https:\\\/\\\/x.com\\\/SenoriosdRelleu\",\"https:\\\/\\\/www.instagram.com\\\/senoriosdrelleu\\\/\",\"https:\\\/\\\/www.youtube.com\\\/user\\\/SenoriosdeRelleu\"]}]}<\/script>\n<!-- \/ Yoast SEO plugin. -->","yoast_head_json":{"title":"Buy Best Organic Olive Oil Gift Sets 100 ml. - Se\u00f1orios de Relleu","description":"We have created this organic extra virgin olive oil gift set 100 ml. in a totally ecological and sustainable way to mark the 100 anniversary of our history.","robots":{"index":"index","follow":"follow","max-snippet":"max-snippet:-1","max-image-preview":"max-image-preview:large","max-video-preview":"max-video-preview:-1"},"canonical":"https:\/\/www.senoriosderelleu.com\/en\/product\/buy-best-organic-olive-oil-gift-sets-100-ml\/","twitter_card":"summary_large_image","twitter_title":"Buy Best Organic Olive Oil Gift Sets 100 ml. - Se\u00f1orios de Relleu","twitter_description":"We have created this organic extra virgin olive oil gift set 100 ml. in a totally ecological and sustainable way to mark the 100 anniversary of our history.","twitter_image":"https:\/\/www.senoriosderelleu.com\/wp-content\/uploads\/2018\/06\/EDICI\u00d3N-DE-BOLSILLO-HISTORIAS-DE-SE\u00d1OR\u00cdOS-DE-RELLEU.-Organico-V5.png","twitter_site":"@SenoriosdRelleu","twitter_misc":{"Est. reading time":"2 minutes"},"schema":{"@context":"https:\/\/schema.org","@graph":[{"@type":"WebPage","@id":"https:\/\/www.senoriosderelleu.com\/en\/product\/buy-best-organic-olive-oil-gift-sets-100-ml\/","url":"https:\/\/www.senoriosderelleu.com\/en\/product\/buy-best-organic-olive-oil-gift-sets-100-ml\/","name":"Buy Best Organic Olive Oil Gift Sets 100 ml. - Se\u00f1orios de Relleu","isPartOf":{"@id":"https:\/\/www.senoriosderelleu.com\/#website"},"primaryImageOfPage":{"@id":"https:\/\/www.senoriosderelleu.com\/en\/product\/buy-best-organic-olive-oil-gift-sets-100-ml\/#primaryimage"},"image":{"@id":"https:\/\/www.senoriosderelleu.com\/en\/product\/buy-best-organic-olive-oil-gift-sets-100-ml\/#primaryimage"},"thumbnailUrl":"https:\/\/www.senoriosderelleu.com\/wp-content\/uploads\/2018\/06\/EDICI\u00d3N-DE-BOLSILLO-HISTORIAS-DE-SE\u00d1OR\u00cdOS-DE-RELLEU.-Organico-V5.png","datePublished":"2018-06-06T15:09:59+00:00","dateModified":"2021-02-15T09:12:30+00:00","description":"We have created this organic extra virgin olive oil gift set 100 ml. in a totally ecological and sustainable way to mark the 100 anniversary of our history.","breadcrumb":{"@id":"https:\/\/www.senoriosderelleu.com\/en\/product\/buy-best-organic-olive-oil-gift-sets-100-ml\/#breadcrumb"},"inLanguage":"en-US","potentialAction":[{"@type":"ReadAction","target":["https:\/\/www.senoriosderelleu.com\/en\/product\/buy-best-organic-olive-oil-gift-sets-100-ml\/"]}]},{"@type":"ImageObject","inLanguage":"en-US","@id":"https:\/\/www.senoriosderelleu.com\/en\/product\/buy-best-organic-olive-oil-gift-sets-100-ml\/#primaryimage","url":"https:\/\/www.senoriosderelleu.com\/wp-content\/uploads\/2018\/06\/EDICI\u00d3N-DE-BOLSILLO-HISTORIAS-DE-SE\u00d1OR\u00cdOS-DE-RELLEU.-Organico-V5.png","contentUrl":"https:\/\/www.senoriosderelleu.com\/wp-content\/uploads\/2018\/06\/EDICI\u00d3N-DE-BOLSILLO-HISTORIAS-DE-SE\u00d1OR\u00cdOS-DE-RELLEU.-Organico-V5.png","width":1075,"height":1075,"caption":"En el 100 aniversario de la Mas\u00eda Teuladi hemos decidido gestionar una de nuestras fincas (La perdida) con abonos org\u00e1nicos y proteger los arboles con feromonas."},{"@type":"BreadcrumbList","@id":"https:\/\/www.senoriosderelleu.com\/en\/product\/buy-best-organic-olive-oil-gift-sets-100-ml\/#breadcrumb","itemListElement":[{"@type":"ListItem","position":1,"name":"Portada","item":"https:\/\/www.senoriosderelleu.com\/en\/home-en\/"},{"@type":"ListItem","position":2,"name":"Shop","item":"https:\/\/www.senoriosderelleu.com\/en\/buy-best-gourmet-extra-virgin-olive-oil\/"},{"@type":"ListItem","position":3,"name":"Pocket GiftBox \u00abReturn to the Origins: Organic\u00bb Extra Virgin Olive Oil &#8211; (3 Bottles 100 ml)"}]},{"@type":"WebSite","@id":"https:\/\/www.senoriosderelleu.com\/#website","url":"https:\/\/www.senoriosderelleu.com\/","name":"Se\u00f1orios de Relleu | Aceite de Oliva Virgen Extra Gourmet","description":"Mejor Aceite de Oliva Virgen Extra Gourmet Regalo Original de Alicante","publisher":{"@id":"https:\/\/www.senoriosderelleu.com\/#organization"},"potentialAction":[{"@type":"SearchAction","target":{"@type":"EntryPoint","urlTemplate":"https:\/\/www.senoriosderelleu.com\/?s={search_term_string}"},"query-input":{"@type":"PropertyValueSpecification","valueRequired":true,"valueName":"search_term_string"}}],"inLanguage":"en-US"},{"@type":"Organization","@id":"https:\/\/www.senoriosderelleu.com\/#organization","name":"Se\u00f1orios de Relleu","url":"https:\/\/www.senoriosderelleu.com\/","logo":{"@type":"ImageObject","inLanguage":"en-US","@id":"https:\/\/www.senoriosderelleu.com\/#\/schema\/logo\/image\/","url":"https:\/\/www.senoriosderelleu.com\/wp-content\/uploads\/2015\/09\/sr_logo_4_opciones-Paula16022012_P\u00e1gina_3.jpg","contentUrl":"https:\/\/www.senoriosderelleu.com\/wp-content\/uploads\/2015\/09\/sr_logo_4_opciones-Paula16022012_P\u00e1gina_3.jpg","width":1024,"height":724,"caption":"Se\u00f1orios de Relleu"},"image":{"@id":"https:\/\/www.senoriosderelleu.com\/#\/schema\/logo\/image\/"},"sameAs":["https:\/\/www.facebook.com\/SenoriosDeRelleu\/","https:\/\/x.com\/SenoriosdRelleu","https:\/\/www.instagram.com\/senoriosdrelleu\/","https:\/\/www.youtube.com\/user\/SenoriosdeRelleu"]}]}},"_links":{"self":[{"href":"https:\/\/www.senoriosderelleu.com\/en\/wp-json\/wp\/v2\/product\/18156","targetHints":{"allow":["GET"]}}],"collection":[{"href":"https:\/\/www.senoriosderelleu.com\/en\/wp-json\/wp\/v2\/product"}],"about":[{"href":"https:\/\/www.senoriosderelleu.com\/en\/wp-json\/wp\/v2\/types\/product"}],"replies":[{"embeddable":true,"href":"https:\/\/www.senoriosderelleu.com\/en\/wp-json\/wp\/v2\/comments?post=18156"}],"wp:featuredmedia":[{"embeddable":true,"href":"https:\/\/www.senoriosderelleu.com\/en\/wp-json\/wp\/v2\/media\/18112"}],"wp:attachment":[{"href":"https:\/\/www.senoriosderelleu.com\/en\/wp-json\/wp\/v2\/media?parent=18156"}],"wp:term":[{"taxonomy":"product_brand","embeddable":true,"href":"https:\/\/www.senoriosderelleu.com\/en\/wp-json\/wp\/v2\/product_brand?post=18156"},{"taxonomy":"product_cat","embeddable":true,"href":"https:\/\/www.senoriosderelleu.com\/en\/wp-json\/wp\/v2\/product_cat?post=18156"},{"taxonomy":"product_tag","embeddable":true,"href":"https:\/\/www.senoriosderelleu.com\/en\/wp-json\/wp\/v2\/product_tag?post=18156"}],"curies":[{"name":"wp","href":"https:\/\/api.w.org\/{rel}","templated":true}]}}