{"id":34977,"date":"2022-08-05T11:50:25","date_gmt":"2022-08-05T11:50:25","guid":{"rendered":"https:\/\/www.senoriosderelleu.com\/product\/delicate-coupage-natives-olivenoel-extra-packung-mit-75-einzeldosen-a-20-ml\/"},"modified":"2023-09-04T07:11:48","modified_gmt":"2023-09-04T07:11:48","slug":"delicate-coupage-natives-olivenol-extra-packung-75-einzeldosen-20ml","status":"publish","type":"product","link":"https:\/\/www.senoriosderelleu.com\/de\/produkt\/delicate-coupage-natives-olivenol-extra-packung-75-einzeldosen-20ml\/","title":{"rendered":"Delicate Coupage Natives Oliven\u00f6l Extra, Packung mit 75 Einzeldosen \u00e0 20 ml."},"content":{"rendered":"<p><strong>Das Natives Oliven\u00f6l Extra <span class=\"Estilo11\">Delicate Coupage 20 ml.<\/span> Se\u00f1or\u00edos de Relleu\u00ae ist ein Coupage aus nativem Oliven\u00f6l extra aus f\u00fcnf einheimischen und Arbequina-Sorten.<\/strong> Seine Fruchtigkeit kontrastiert perfekt mit der Bitterkeit und W\u00fcrze und ergibt ein sehr ausgewogenes Oliven\u00f6l.<\/p>\n<p>In seiner weichen, frischen und zarten Fruchtnote sind die Nuancen von Gras und gr\u00fcnem Blatt hervorzuheben, erg\u00e4nzt durch einen Hauch von frischem Holz und Heu.<\/p>\n<p>In seinen Nuancen vertiefen sich leichte Noten von Feige, Tomate und N\u00fcssen, die dieses \u00d6l zu einem delikaten Saft f\u00fcr die anspruchsvollsten Gaumen machen.<\/p>\n<p>&nbsp;<\/p>\n<p><a href=\"https:\/\/www.senoriosderelleu.com\/en\/consumption\/pairings\/\">Klicken Sie hier, um die <strong>Paarungstabelle<\/strong> f\u00fcr dieses \u00d6l anzuzeigen<\/a><\/p>\n<p>&nbsp;<\/p>\n<p><strong>Pioniere in der Vermittlung von Emotionen mit allen 5 Sinnen <\/strong><\/p>\n<p>Um die Eigenschaften von EVOO (Natives Oliven\u00f6l extra) vollst\u00e4ndig zu bewahren, pr\u00e4sentieren wir unsere Einzeldosis in einer Aluminiumtube, die im naiven Kunststil gestaltet ist und unsere Geschichte zeigt. Dieser Beh\u00e4lter sch\u00fctzt vor: Licht und Luft, er ist unzerbrechlich, leicht, strapazierf\u00e4hig, recycelbar und einfach zu verwenden.<\/p>\n<p>&nbsp;<\/p>\n<p><strong>Wir stellen unsere 20 ml Gourmet-Monodosen vor<\/strong><\/p>\n<p>Diese modernen Einzeldosisverpackungen in Aluminiumtuben bewahren alle Eigenschaften des EVOO (Natives Oliven\u00f6l Extra), da sie auf Wunsch in unserer \u00d6lm\u00fchle in einem undurchsichtigen, vakuumversiegelten Beh\u00e4lter verpackt werden, um alle Vorteile zu sch\u00fctzen.<\/p>\n<p>Dieses innovative, auf dem Markt einzigartige Format bietet zahlreiche Vorteile gegen\u00fcber allen derzeit auf dem Markt erh\u00e4ltlichen Einzeldosisprodukten. Diese individuelle Verpackung sorgt f\u00fcr eine hervorragende Konservierung und bewahrt perfekt die Frische und die Aromen, die bei jedem \u00d6ffnen gesch\u00e4tzt werden.<\/p>\n<p>&nbsp;<\/p>\n<p><strong>Einzeldosisanwendungen<\/strong><\/p>\n<p>Das Einzeldosis-Format von nativem Oliven\u00f6l extra wird sowohl in der Gastronomie und Hotellerie als auch im h\u00e4uslichen Bereich immer h\u00e4ufiger verwendet. Aufgrund seines besonderen Formats ist es \u00fcblich, \u00d6l in Mondosis als Annehmlichkeiten oder Empfangsprodukt f\u00fcr Hotels und l\u00e4ndliche Wohnungen zu kaufen. Es bietet Ihren Kunden ein unverzichtbares Produkt der spanischen Gastronomie.<br \/>\nWenn Sie eine Veranstaltung oder ein Fest planen und Ihren G\u00e4sten etwas Besonderes bieten m\u00f6chten, sind unsere Gourmet-Geschenke in Einzeldosen aufgrund ihres praktischen und originellen Formats eine empfehlenswerte Option.<br \/>\nDar\u00fcber hinaus empfiehlt die Europ\u00e4ische Agentur f\u00fcr Lebensmittelsicherheit (EFSA) einen Mindestverzehr von 20 Gramm pro Tag, um von der gesunden Wirkung der im nativen Oliven\u00f6l extra enthaltenen Polyphenole zu profitieren.<\/p>\n","protected":false},"excerpt":{"rendered":"<p><strong>Schachtel mit 75 Gourmet-Oliven\u00f6len extra vergine, Einzeldosis Se\u00f1orios de Relleu Delicate Coupage Fr\u00fchernte-Coupage im 20-ml-Einzeldosisformat.<\/strong><\/p>\n<p>Das Extra natives Oliven\u00f6l Delicate Coupage 20 ml. Single Dose Se\u00f1or\u00edos de Relleu\u00ae ist eine Mischung aus nativem Oliven\u00f6l extra aus f\u00fcnf einheimischen und Arbequina-Sorten. Seine Fruchtigkeit kontrastiert perfekt mit der Bitterkeit und W\u00fcrze und ergibt ein sehr ausgewogenes Oliven\u00f6l.<\/p>\n","protected":false},"featured_media":32346,"comment_status":"closed","ping_status":"closed","template":"","meta":[],"product_brand":[],"product_cat":[807,1641],"product_tag":[],"class_list":{"0":"post-34977","1":"product","2":"type-product","3":"status-publish","4":"has-post-thumbnail","6":"product_cat-bestes-natives-olivenol-extra-gourmet-milder-geschmack","7":"product_cat-gourmet-einzeldosis-20-ml","8":"pa_envase-pack-de","9":"pa_gama-delicate-de","10":"pa_presentacion-20-ml-de","12":"first","13":"instock","14":"taxable","15":"shipping-taxable","16":"purchasable","17":"product-type-simple"},"yoast_head":"<!-- This site is optimized with the Yoast SEO plugin v27.5 - https:\/\/yoast.com\/product\/yoast-seo-wordpress\/ -->\n<title>Delicate Coupage Natives Oliven\u00f6l Extra, Packung mit 75 Einzeldosen \u00e0 20 ml. - Se\u00f1orios de Relleu | Aceite de Oliva Virgen Extra Gourmet<\/title>\n<meta name=\"robots\" content=\"index, follow, max-snippet:-1, max-image-preview:large, max-video-preview:-1\" \/>\n<link rel=\"canonical\" href=\"https:\/\/www.senoriosderelleu.com\/de\/produkt\/delicate-coupage-natives-olivenol-extra-packung-75-einzeldosen-20ml\/\" \/>\n<meta name=\"twitter:card\" content=\"summary_large_image\" \/>\n<meta name=\"twitter:title\" content=\"Delicate Coupage Natives Oliven\u00f6l Extra, Packung mit 75 Einzeldosen \u00e0 20 ml. - Se\u00f1orios de Relleu | Aceite de Oliva Virgen Extra Gourmet\" \/>\n<meta name=\"twitter:description\" content=\"Schachtel mit 75 Gourmet-Oliven\u00f6len extra vergine, Einzeldosis Se\u00f1orios de Relleu Delicate Coupage Fr\u00fchernte-Coupage im 20-ml-Einzeldosisformat. Das Extra natives Oliven\u00f6l Delicate Coupage 20 ml. Single Dose Se\u00f1or\u00edos de Relleu\u00ae ist eine Mischung aus nativem Oliven\u00f6l extra aus f\u00fcnf einheimischen und Arbequina-Sorten. Seine Fruchtigkeit kontrastiert perfekt mit der Bitterkeit und W\u00fcrze und ergibt ein sehr ausgewogenes Oliven\u00f6l.\" \/>\n<meta name=\"twitter:image\" content=\"https:\/\/www.senoriosderelleu.com\/wp-content\/uploads\/2022\/08\/dispensador_monodosis_20ml_1.jpg\" \/>\n<meta name=\"twitter:site\" content=\"@SenoriosdRelleu\" \/>\n<meta name=\"twitter:label1\" content=\"Gesch\u00e4tzte Lesezeit\" \/>\n\t<meta name=\"twitter:data1\" content=\"2\u00a0Minuten\" \/>\n<script type=\"application\/ld+json\" class=\"yoast-schema-graph\">{\"@context\":\"https:\\\/\\\/schema.org\",\"@graph\":[{\"@type\":\"WebPage\",\"@id\":\"https:\\\/\\\/www.senoriosderelleu.com\\\/de\\\/produkt\\\/delicate-coupage-natives-olivenol-extra-packung-75-einzeldosen-20ml\\\/\",\"url\":\"https:\\\/\\\/www.senoriosderelleu.com\\\/de\\\/produkt\\\/delicate-coupage-natives-olivenol-extra-packung-75-einzeldosen-20ml\\\/\",\"name\":\"Delicate Coupage Natives Oliven\u00f6l Extra, Packung mit 75 Einzeldosen \u00e0 20 ml. - Se\u00f1orios de Relleu | Aceite de Oliva Virgen Extra Gourmet\",\"isPartOf\":{\"@id\":\"https:\\\/\\\/www.senoriosderelleu.com\\\/#website\"},\"primaryImageOfPage\":{\"@id\":\"https:\\\/\\\/www.senoriosderelleu.com\\\/de\\\/produkt\\\/delicate-coupage-natives-olivenol-extra-packung-75-einzeldosen-20ml\\\/#primaryimage\"},\"image\":{\"@id\":\"https:\\\/\\\/www.senoriosderelleu.com\\\/de\\\/produkt\\\/delicate-coupage-natives-olivenol-extra-packung-75-einzeldosen-20ml\\\/#primaryimage\"},\"thumbnailUrl\":\"https:\\\/\\\/www.senoriosderelleu.com\\\/wp-content\\\/uploads\\\/2022\\\/08\\\/dispensador_monodosis_20ml_1.jpg\",\"datePublished\":\"2022-08-05T11:50:25+00:00\",\"dateModified\":\"2023-09-04T07:11:48+00:00\",\"breadcrumb\":{\"@id\":\"https:\\\/\\\/www.senoriosderelleu.com\\\/de\\\/produkt\\\/delicate-coupage-natives-olivenol-extra-packung-75-einzeldosen-20ml\\\/#breadcrumb\"},\"inLanguage\":\"de\",\"potentialAction\":[{\"@type\":\"ReadAction\",\"target\":[\"https:\\\/\\\/www.senoriosderelleu.com\\\/de\\\/produkt\\\/delicate-coupage-natives-olivenol-extra-packung-75-einzeldosen-20ml\\\/\"]}]},{\"@type\":\"ImageObject\",\"inLanguage\":\"de\",\"@id\":\"https:\\\/\\\/www.senoriosderelleu.com\\\/de\\\/produkt\\\/delicate-coupage-natives-olivenol-extra-packung-75-einzeldosen-20ml\\\/#primaryimage\",\"url\":\"https:\\\/\\\/www.senoriosderelleu.com\\\/wp-content\\\/uploads\\\/2022\\\/08\\\/dispensador_monodosis_20ml_1.jpg\",\"contentUrl\":\"https:\\\/\\\/www.senoriosderelleu.com\\\/wp-content\\\/uploads\\\/2022\\\/08\\\/dispensador_monodosis_20ml_1.jpg\",\"width\":1600,\"height\":1600,\"caption\":\"Extra natives Oliven\u00f6l, Packung mit 75 Einzeldosen \u00e0 20 ml\"},{\"@type\":\"BreadcrumbList\",\"@id\":\"https:\\\/\\\/www.senoriosderelleu.com\\\/de\\\/produkt\\\/delicate-coupage-natives-olivenol-extra-packung-75-einzeldosen-20ml\\\/#breadcrumb\",\"itemListElement\":[{\"@type\":\"ListItem\",\"position\":1,\"name\":\"Portada\",\"item\":\"https:\\\/\\\/www.senoriosderelleu.com\\\/de\\\/\"},{\"@type\":\"ListItem\",\"position\":2,\"name\":\"Produkte\",\"item\":\"https:\\\/\\\/www.senoriosderelleu.com\\\/de\\\/ich-kaufe-besser-natives-olivenoel-extra-gourmet-geschenke\\\/\"},{\"@type\":\"ListItem\",\"position\":3,\"name\":\"Delicate Coupage Natives Oliven\u00f6l Extra, Packung mit 75 Einzeldosen \u00e0 20 ml.\"}]},{\"@type\":\"WebSite\",\"@id\":\"https:\\\/\\\/www.senoriosderelleu.com\\\/#website\",\"url\":\"https:\\\/\\\/www.senoriosderelleu.com\\\/\",\"name\":\"Se\u00f1orios de Relleu | Aceite de Oliva Virgen Extra Gourmet\",\"description\":\"Mejor Aceite de Oliva Virgen Extra Gourmet Regalo Original de Alicante\",\"publisher\":{\"@id\":\"https:\\\/\\\/www.senoriosderelleu.com\\\/#organization\"},\"potentialAction\":[{\"@type\":\"SearchAction\",\"target\":{\"@type\":\"EntryPoint\",\"urlTemplate\":\"https:\\\/\\\/www.senoriosderelleu.com\\\/?s={search_term_string}\"},\"query-input\":{\"@type\":\"PropertyValueSpecification\",\"valueRequired\":true,\"valueName\":\"search_term_string\"}}],\"inLanguage\":\"de\"},{\"@type\":\"Organization\",\"@id\":\"https:\\\/\\\/www.senoriosderelleu.com\\\/#organization\",\"name\":\"Se\u00f1orios de Relleu\",\"url\":\"https:\\\/\\\/www.senoriosderelleu.com\\\/\",\"logo\":{\"@type\":\"ImageObject\",\"inLanguage\":\"de\",\"@id\":\"https:\\\/\\\/www.senoriosderelleu.com\\\/#\\\/schema\\\/logo\\\/image\\\/\",\"url\":\"https:\\\/\\\/www.senoriosderelleu.com\\\/wp-content\\\/uploads\\\/2015\\\/09\\\/sr_logo_4_opciones-Paula16022012_P\u00e1gina_3.jpg\",\"contentUrl\":\"https:\\\/\\\/www.senoriosderelleu.com\\\/wp-content\\\/uploads\\\/2015\\\/09\\\/sr_logo_4_opciones-Paula16022012_P\u00e1gina_3.jpg\",\"width\":1024,\"height\":724,\"caption\":\"Se\u00f1orios de Relleu\"},\"image\":{\"@id\":\"https:\\\/\\\/www.senoriosderelleu.com\\\/#\\\/schema\\\/logo\\\/image\\\/\"},\"sameAs\":[\"https:\\\/\\\/www.facebook.com\\\/SenoriosDeRelleu\\\/\",\"https:\\\/\\\/x.com\\\/SenoriosdRelleu\",\"https:\\\/\\\/www.instagram.com\\\/senoriosdrelleu\\\/\",\"https:\\\/\\\/www.youtube.com\\\/user\\\/SenoriosdeRelleu\"]}]}<\/script>\n<!-- \/ Yoast SEO plugin. -->","yoast_head_json":{"title":"Delicate Coupage Natives Oliven\u00f6l Extra, Packung mit 75 Einzeldosen \u00e0 20 ml. - Se\u00f1orios de Relleu | Aceite de Oliva Virgen Extra Gourmet","robots":{"index":"index","follow":"follow","max-snippet":"max-snippet:-1","max-image-preview":"max-image-preview:large","max-video-preview":"max-video-preview:-1"},"canonical":"https:\/\/www.senoriosderelleu.com\/de\/produkt\/delicate-coupage-natives-olivenol-extra-packung-75-einzeldosen-20ml\/","twitter_card":"summary_large_image","twitter_title":"Delicate Coupage Natives Oliven\u00f6l Extra, Packung mit 75 Einzeldosen \u00e0 20 ml. - Se\u00f1orios de Relleu | Aceite de Oliva Virgen Extra Gourmet","twitter_description":"Schachtel mit 75 Gourmet-Oliven\u00f6len extra vergine, Einzeldosis Se\u00f1orios de Relleu Delicate Coupage Fr\u00fchernte-Coupage im 20-ml-Einzeldosisformat. Das Extra natives Oliven\u00f6l Delicate Coupage 20 ml. Single Dose Se\u00f1or\u00edos de Relleu\u00ae ist eine Mischung aus nativem Oliven\u00f6l extra aus f\u00fcnf einheimischen und Arbequina-Sorten. Seine Fruchtigkeit kontrastiert perfekt mit der Bitterkeit und W\u00fcrze und ergibt ein sehr ausgewogenes Oliven\u00f6l.","twitter_image":"https:\/\/www.senoriosderelleu.com\/wp-content\/uploads\/2022\/08\/dispensador_monodosis_20ml_1.jpg","twitter_site":"@SenoriosdRelleu","twitter_misc":{"Gesch\u00e4tzte Lesezeit":"2\u00a0Minuten"},"schema":{"@context":"https:\/\/schema.org","@graph":[{"@type":"WebPage","@id":"https:\/\/www.senoriosderelleu.com\/de\/produkt\/delicate-coupage-natives-olivenol-extra-packung-75-einzeldosen-20ml\/","url":"https:\/\/www.senoriosderelleu.com\/de\/produkt\/delicate-coupage-natives-olivenol-extra-packung-75-einzeldosen-20ml\/","name":"Delicate Coupage Natives Oliven\u00f6l Extra, Packung mit 75 Einzeldosen \u00e0 20 ml. - Se\u00f1orios de Relleu | Aceite de Oliva Virgen Extra Gourmet","isPartOf":{"@id":"https:\/\/www.senoriosderelleu.com\/#website"},"primaryImageOfPage":{"@id":"https:\/\/www.senoriosderelleu.com\/de\/produkt\/delicate-coupage-natives-olivenol-extra-packung-75-einzeldosen-20ml\/#primaryimage"},"image":{"@id":"https:\/\/www.senoriosderelleu.com\/de\/produkt\/delicate-coupage-natives-olivenol-extra-packung-75-einzeldosen-20ml\/#primaryimage"},"thumbnailUrl":"https:\/\/www.senoriosderelleu.com\/wp-content\/uploads\/2022\/08\/dispensador_monodosis_20ml_1.jpg","datePublished":"2022-08-05T11:50:25+00:00","dateModified":"2023-09-04T07:11:48+00:00","breadcrumb":{"@id":"https:\/\/www.senoriosderelleu.com\/de\/produkt\/delicate-coupage-natives-olivenol-extra-packung-75-einzeldosen-20ml\/#breadcrumb"},"inLanguage":"de","potentialAction":[{"@type":"ReadAction","target":["https:\/\/www.senoriosderelleu.com\/de\/produkt\/delicate-coupage-natives-olivenol-extra-packung-75-einzeldosen-20ml\/"]}]},{"@type":"ImageObject","inLanguage":"de","@id":"https:\/\/www.senoriosderelleu.com\/de\/produkt\/delicate-coupage-natives-olivenol-extra-packung-75-einzeldosen-20ml\/#primaryimage","url":"https:\/\/www.senoriosderelleu.com\/wp-content\/uploads\/2022\/08\/dispensador_monodosis_20ml_1.jpg","contentUrl":"https:\/\/www.senoriosderelleu.com\/wp-content\/uploads\/2022\/08\/dispensador_monodosis_20ml_1.jpg","width":1600,"height":1600,"caption":"Extra natives Oliven\u00f6l, Packung mit 75 Einzeldosen \u00e0 20 ml"},{"@type":"BreadcrumbList","@id":"https:\/\/www.senoriosderelleu.com\/de\/produkt\/delicate-coupage-natives-olivenol-extra-packung-75-einzeldosen-20ml\/#breadcrumb","itemListElement":[{"@type":"ListItem","position":1,"name":"Portada","item":"https:\/\/www.senoriosderelleu.com\/de\/"},{"@type":"ListItem","position":2,"name":"Produkte","item":"https:\/\/www.senoriosderelleu.com\/de\/ich-kaufe-besser-natives-olivenoel-extra-gourmet-geschenke\/"},{"@type":"ListItem","position":3,"name":"Delicate Coupage Natives Oliven\u00f6l Extra, Packung mit 75 Einzeldosen \u00e0 20 ml."}]},{"@type":"WebSite","@id":"https:\/\/www.senoriosderelleu.com\/#website","url":"https:\/\/www.senoriosderelleu.com\/","name":"Se\u00f1orios de Relleu | Aceite de Oliva Virgen Extra Gourmet","description":"Mejor Aceite de Oliva Virgen Extra Gourmet Regalo Original de Alicante","publisher":{"@id":"https:\/\/www.senoriosderelleu.com\/#organization"},"potentialAction":[{"@type":"SearchAction","target":{"@type":"EntryPoint","urlTemplate":"https:\/\/www.senoriosderelleu.com\/?s={search_term_string}"},"query-input":{"@type":"PropertyValueSpecification","valueRequired":true,"valueName":"search_term_string"}}],"inLanguage":"de"},{"@type":"Organization","@id":"https:\/\/www.senoriosderelleu.com\/#organization","name":"Se\u00f1orios de Relleu","url":"https:\/\/www.senoriosderelleu.com\/","logo":{"@type":"ImageObject","inLanguage":"de","@id":"https:\/\/www.senoriosderelleu.com\/#\/schema\/logo\/image\/","url":"https:\/\/www.senoriosderelleu.com\/wp-content\/uploads\/2015\/09\/sr_logo_4_opciones-Paula16022012_P\u00e1gina_3.jpg","contentUrl":"https:\/\/www.senoriosderelleu.com\/wp-content\/uploads\/2015\/09\/sr_logo_4_opciones-Paula16022012_P\u00e1gina_3.jpg","width":1024,"height":724,"caption":"Se\u00f1orios de Relleu"},"image":{"@id":"https:\/\/www.senoriosderelleu.com\/#\/schema\/logo\/image\/"},"sameAs":["https:\/\/www.facebook.com\/SenoriosDeRelleu\/","https:\/\/x.com\/SenoriosdRelleu","https:\/\/www.instagram.com\/senoriosdrelleu\/","https:\/\/www.youtube.com\/user\/SenoriosdeRelleu"]}]}},"_links":{"self":[{"href":"https:\/\/www.senoriosderelleu.com\/de\/wp-json\/wp\/v2\/product\/34977","targetHints":{"allow":["GET"]}}],"collection":[{"href":"https:\/\/www.senoriosderelleu.com\/de\/wp-json\/wp\/v2\/product"}],"about":[{"href":"https:\/\/www.senoriosderelleu.com\/de\/wp-json\/wp\/v2\/types\/product"}],"replies":[{"embeddable":true,"href":"https:\/\/www.senoriosderelleu.com\/de\/wp-json\/wp\/v2\/comments?post=34977"}],"wp:featuredmedia":[{"embeddable":true,"href":"https:\/\/www.senoriosderelleu.com\/de\/wp-json\/wp\/v2\/media\/32346"}],"wp:attachment":[{"href":"https:\/\/www.senoriosderelleu.com\/de\/wp-json\/wp\/v2\/media?parent=34977"}],"wp:term":[{"taxonomy":"product_brand","embeddable":true,"href":"https:\/\/www.senoriosderelleu.com\/de\/wp-json\/wp\/v2\/product_brand?post=34977"},{"taxonomy":"product_cat","embeddable":true,"href":"https:\/\/www.senoriosderelleu.com\/de\/wp-json\/wp\/v2\/product_cat?post=34977"},{"taxonomy":"product_tag","embeddable":true,"href":"https:\/\/www.senoriosderelleu.com\/de\/wp-json\/wp\/v2\/product_tag?post=34977"}],"curies":[{"name":"wp","href":"https:\/\/api.w.org\/{rel}","templated":true}]}}