{"id":21280,"date":"2018-04-17T20:50:13","date_gmt":"2018-04-17T20:50:13","guid":{"rendered":"https:\/\/www.senoriosderelleu.com\/product\/comprar-mejor-aceite-de-oliva-virgen-extra-ecologico-bio-organico-gourmet-100ml-coupage\/"},"modified":"2021-02-15T07:33:26","modified_gmt":"2021-02-15T07:33:26","slug":"kaufen-bestes-natives-olivenol-extra-bio-gourmet-100ml-coupage","status":"publish","type":"product","link":"https:\/\/www.senoriosderelleu.com\/de\/produkt\/kaufen-bestes-natives-olivenol-extra-bio-gourmet-100ml-coupage\/","title":{"rendered":"Natives Oliven\u00f6l extra Organic Coupage 100 ml"},"content":{"rendered":"<div id=\"tab-description\" class=\"tab-content\">\n<h3><span style=\"color: #000000;\">100 Jahre Geschichte<\/span><\/h3>\n<p>&nbsp;<\/p>\n<p><span style=\"color: #000000;\">Anl\u00e4sslich der hundertj\u00e4hrigen Geschichte unseres Landguts Mas\u00eda Teulad\u00ed haben wir dieses vollkommen \u00f6kologische und nachhaltige native Oliven\u00f6l extra hergestellt.<\/span><\/p>\n<p>&nbsp;<\/p>\n<p><span style=\"color: #000000;\">Diese Flasche, die unsere Geschichte in einem Aquarell veranschaulicht, ist Teil einer limitierten Produktion von \u00d6len, die vollst\u00e4ndig mit ihrer Umgebung und der Landschaftserhaltung verkn\u00fcpft sind. All diese \u00d6le sind das Ergebnis der gro\u00dfen Leidenschaft einer Familie. Wir stellen unseren Olivensaft inmitten einer Berglandschaft mit arabischen Terrassenfeldern aus den folgenden einheimischen Sorten her: Manzanilla Villalonga, Blanqueta, Changlot Real, Alfafara, Genovesa und kombiniert mit Arbequina.<\/span><\/p>\n<p>&nbsp;<\/p>\n<h3><span style=\"color: #000000;\">Warum \u00f6kologische Landwirtschaft?<\/span><\/h3>\n<p>&nbsp;<\/p>\n<p><span style=\"color: #000000;\">Die \u00f6kologische Landwirtschaft basiert auf einem Anbau, in dem nat\u00fcrliche Mittel genutzt werden, um Sch\u00e4dlinge zu bek\u00e4mpfen, die Fruchtbarkeit der B\u00f6den zu erhalten oder zu erh\u00f6hen, ohne den Einsatz synthetisch hergestellter chemischer Produkte wie D\u00fcngemitteln, Pestiziden oder \u00c4hnlichem, und in dem keine genetisch ver\u00e4nderten Organismen verwendet werden. Auf diese Weise erh\u00e4lt man Erzeugnisse, die nat\u00fcrlicher, ges\u00fcnder und nahrhafter sind. Au\u00dferdem wird durch die geringe Umweltbelastung die \u00f6kologische Nachhaltigkeit unterst\u00fctzt.<\/span><\/p>\n<p>&nbsp;<\/p>\n<\/div>\n<div id=\"tab-description\" class=\"tab-content\">\n<p><img loading=\"lazy\" decoding=\"async\" class=\"size-medium wp-image-15811 aligncenter\" src=\"https:\/\/www.senoriosderelleu.com\/wp-content\/uploads\/2018\/04\/EU_Organic_Logo_Colour_OuterLine_rgb-300x200.jpg\" alt=\"Logo Europeo Agricultura Ecologica. European Logo Organic Agriculture\" width=\"300\" height=\"200\" srcset=\"https:\/\/www.senoriosderelleu.com\/wp-content\/uploads\/2018\/04\/EU_Organic_Logo_Colour_OuterLine_rgb-300x200.jpg 300w, https:\/\/www.senoriosderelleu.com\/wp-content\/uploads\/2018\/04\/EU_Organic_Logo_Colour_OuterLine_rgb-304x202.jpg 304w, https:\/\/www.senoriosderelleu.com\/wp-content\/uploads\/2018\/04\/EU_Organic_Logo_Colour_OuterLine_rgb.jpg 500w\" sizes=\"auto, (max-width: 300px) 100vw, 300px\" \/><a href=\"https:\/\/www.senoriosderelleu.com\/caecv-nuevo-sello\/\"><img loading=\"lazy\" decoding=\"async\" class=\"aligncenter size-medium wp-image-20457\" src=\"https:\/\/www.senoriosderelleu.com\/wp-content\/uploads\/2020\/02\/CAECV-Nuevo-Sello-167x300.jpg\" alt=\"Sello Agricultura Ecologica Comunidad Valenciana\" width=\"167\" height=\"300\" srcset=\"https:\/\/www.senoriosderelleu.com\/wp-content\/uploads\/2020\/02\/CAECV-Nuevo-Sello-167x300.jpg 167w, https:\/\/www.senoriosderelleu.com\/wp-content\/uploads\/2020\/02\/CAECV-Nuevo-Sello-304x547.jpg 304w, https:\/\/www.senoriosderelleu.com\/wp-content\/uploads\/2020\/02\/CAECV-Nuevo-Sello-768x1383.jpg 768w, https:\/\/www.senoriosderelleu.com\/wp-content\/uploads\/2020\/02\/CAECV-Nuevo-Sello-569x1024.jpg 569w, https:\/\/www.senoriosderelleu.com\/wp-content\/uploads\/2020\/02\/CAECV-Nuevo-Sello-700x1260.jpg 700w, https:\/\/www.senoriosderelleu.com\/wp-content\/uploads\/2020\/02\/CAECV-Nuevo-Sello.jpg 600w\" sizes=\"auto, (max-width: 167px) 100vw, 167px\" \/><\/a><a href=\"https:\/\/www.senoriosderelleu.com\/de\/konsum\/kombination-von-olivenoel-und-speisen\/\">Klicken Sie hier, um die Tabelle mit Kombinationen f\u00fcr dieses Oliven\u00f6l zu sehen<\/a><\/p>\n<\/div>\n<p>&nbsp;<\/p>\n","protected":false},"excerpt":{"rendered":"<h4><span style=\"color: #000000;\"><strong>Das native Oliven\u00f6l extra <\/strong><strong>Organic Coupage, 100 ml, <\/strong><strong>von Se\u00f1or\u00edos de Relleu\u00ae ist eine Coupage der besten nativen Oliven\u00f6le extra aus f\u00fcnf einheimischen Sorten der Region und Arbequina.<\/strong>\u00a0Seine Fruchtigkeit steht im perfekten Kontrast zu Bitterkeit und Sch\u00e4rfe und macht es zu einem sehr ausgewogenen \u00d6l.<\/span><\/h4>\n","protected":false},"featured_media":21282,"comment_status":"closed","ping_status":"closed","template":"","meta":[],"product_brand":[],"product_cat":[806,832],"product_tag":[808,809,810,811,812,813,814,839,815,816,817,818],"class_list":{"0":"post-21280","1":"product","2":"type-product","3":"status-publish","4":"has-post-thumbnail","6":"product_cat-verpackung-100-ml-gourmet-geschenk-bestes-natives-olivenol-extra-alicante","7":"product_cat-bestes-natives-olivenol-extra-organisch-bio-gourmet","8":"product_tag-aceite-de","9":"product_tag-aceite-de-oliva-de","10":"product_tag-aceite-de-oliva-virgen-extra-de","11":"product_tag-agricultura-de-montana-de","12":"product_tag-aove-de","13":"product_tag-botellas-de-aluminio-de","14":"product_tag-coupage-de","15":"product_tag-ecologico-de","16":"product_tag-extraccion-en-frio-de","17":"product_tag-olivos-monumentales-de","18":"product_tag-premios-de","19":"product_tag-produccion-limitada-de","20":"pa_envase-flaschen","21":"pa_gama-organic-de","22":"pa_presentacion-100-ml-de","24":"first","25":"instock","26":"taxable","27":"shipping-taxable","28":"purchasable","29":"product-type-simple"},"yoast_head":"<!-- This site is optimized with the Yoast SEO plugin v27.5 - https:\/\/yoast.com\/product\/yoast-seo-wordpress\/ -->\n<title>Natives Oliven\u00f6l extra Organic Coupage 100 ml - Se\u00f1orios de Relleu<\/title>\n<meta name=\"description\" content=\"Das native Oliven\u00f6l extra Organic Coupage, 100 ml, von Se\u00f1or\u00edos de Relleu\u00ae ist eine Coupage der besten \u00f6kologischen nativen Oliven\u00f6le extra aus Alicante.\" \/>\n<meta name=\"robots\" content=\"index, follow, max-snippet:-1, max-image-preview:large, max-video-preview:-1\" \/>\n<link rel=\"canonical\" href=\"https:\/\/www.senoriosderelleu.com\/de\/product\/kaufen-bestes-natives-olivenol-extra-bio-gourmet-100ml-coupage\/\" \/>\n<meta name=\"twitter:card\" content=\"summary_large_image\" \/>\n<meta name=\"twitter:title\" content=\"Natives Oliven\u00f6l extra Organic Coupage 100 ml - Se\u00f1orios de Relleu\" \/>\n<meta name=\"twitter:description\" content=\"Das native Oliven\u00f6l extra Organic Coupage, 100 ml, von Se\u00f1or\u00edos de Relleu\u00ae ist eine Coupage der besten \u00f6kologischen nativen Oliven\u00f6le extra aus Alicante.\" \/>\n<meta name=\"twitter:image\" content=\"https:\/\/www.senoriosderelleu.com\/wp-content\/uploads\/2018\/04\/Mini_Organic_WEB-1.png\" \/>\n<meta name=\"twitter:site\" content=\"@SenoriosdRelleu\" \/>\n<meta name=\"twitter:label1\" content=\"Gesch\u00e4tzte Lesezeit\" \/>\n\t<meta name=\"twitter:data1\" content=\"2\u00a0Minuten\" \/>\n<script type=\"application\/ld+json\" class=\"yoast-schema-graph\">{\"@context\":\"https:\\\/\\\/schema.org\",\"@graph\":[{\"@type\":\"WebPage\",\"@id\":\"https:\\\/\\\/www.senoriosderelleu.com\\\/de\\\/product\\\/kaufen-bestes-natives-olivenol-extra-bio-gourmet-100ml-coupage\\\/\",\"url\":\"https:\\\/\\\/www.senoriosderelleu.com\\\/de\\\/product\\\/kaufen-bestes-natives-olivenol-extra-bio-gourmet-100ml-coupage\\\/\",\"name\":\"Natives Oliven\u00f6l extra Organic Coupage 100 ml - Se\u00f1orios de Relleu\",\"isPartOf\":{\"@id\":\"https:\\\/\\\/www.senoriosderelleu.com\\\/#website\"},\"primaryImageOfPage\":{\"@id\":\"https:\\\/\\\/www.senoriosderelleu.com\\\/de\\\/product\\\/kaufen-bestes-natives-olivenol-extra-bio-gourmet-100ml-coupage\\\/#primaryimage\"},\"image\":{\"@id\":\"https:\\\/\\\/www.senoriosderelleu.com\\\/de\\\/product\\\/kaufen-bestes-natives-olivenol-extra-bio-gourmet-100ml-coupage\\\/#primaryimage\"},\"thumbnailUrl\":\"https:\\\/\\\/www.senoriosderelleu.com\\\/wp-content\\\/uploads\\\/2018\\\/04\\\/Mini_Organic_WEB-1.png\",\"datePublished\":\"2018-04-17T20:50:13+00:00\",\"dateModified\":\"2021-02-15T07:33:26+00:00\",\"description\":\"Das native Oliven\u00f6l extra Organic Coupage, 100 ml, von Se\u00f1or\u00edos de Relleu\u00ae ist eine Coupage der besten \u00f6kologischen nativen Oliven\u00f6le extra aus Alicante.\",\"breadcrumb\":{\"@id\":\"https:\\\/\\\/www.senoriosderelleu.com\\\/de\\\/product\\\/kaufen-bestes-natives-olivenol-extra-bio-gourmet-100ml-coupage\\\/#breadcrumb\"},\"inLanguage\":\"de\",\"potentialAction\":[{\"@type\":\"ReadAction\",\"target\":[\"https:\\\/\\\/www.senoriosderelleu.com\\\/de\\\/product\\\/kaufen-bestes-natives-olivenol-extra-bio-gourmet-100ml-coupage\\\/\"]}]},{\"@type\":\"ImageObject\",\"inLanguage\":\"de\",\"@id\":\"https:\\\/\\\/www.senoriosderelleu.com\\\/de\\\/product\\\/kaufen-bestes-natives-olivenol-extra-bio-gourmet-100ml-coupage\\\/#primaryimage\",\"url\":\"https:\\\/\\\/www.senoriosderelleu.com\\\/wp-content\\\/uploads\\\/2018\\\/04\\\/Mini_Organic_WEB-1.png\",\"contentUrl\":\"https:\\\/\\\/www.senoriosderelleu.com\\\/wp-content\\\/uploads\\\/2018\\\/04\\\/Mini_Organic_WEB-1.png\",\"width\":1075,\"height\":1075},{\"@type\":\"BreadcrumbList\",\"@id\":\"https:\\\/\\\/www.senoriosderelleu.com\\\/de\\\/product\\\/kaufen-bestes-natives-olivenol-extra-bio-gourmet-100ml-coupage\\\/#breadcrumb\",\"itemListElement\":[{\"@type\":\"ListItem\",\"position\":1,\"name\":\"Portada\",\"item\":\"https:\\\/\\\/www.senoriosderelleu.com\\\/de\\\/\"},{\"@type\":\"ListItem\",\"position\":2,\"name\":\"Produkte\",\"item\":\"https:\\\/\\\/www.senoriosderelleu.com\\\/de\\\/ich-kaufe-besser-natives-olivenoel-extra-gourmet-geschenke\\\/\"},{\"@type\":\"ListItem\",\"position\":3,\"name\":\"Natives Oliven\u00f6l extra Organic Coupage 100 ml\"}]},{\"@type\":\"WebSite\",\"@id\":\"https:\\\/\\\/www.senoriosderelleu.com\\\/#website\",\"url\":\"https:\\\/\\\/www.senoriosderelleu.com\\\/\",\"name\":\"Se\u00f1orios de Relleu | Aceite de Oliva Virgen Extra Gourmet\",\"description\":\"Mejor Aceite de Oliva Virgen Extra Gourmet Regalo Original de Alicante\",\"publisher\":{\"@id\":\"https:\\\/\\\/www.senoriosderelleu.com\\\/#organization\"},\"potentialAction\":[{\"@type\":\"SearchAction\",\"target\":{\"@type\":\"EntryPoint\",\"urlTemplate\":\"https:\\\/\\\/www.senoriosderelleu.com\\\/?s={search_term_string}\"},\"query-input\":{\"@type\":\"PropertyValueSpecification\",\"valueRequired\":true,\"valueName\":\"search_term_string\"}}],\"inLanguage\":\"de\"},{\"@type\":\"Organization\",\"@id\":\"https:\\\/\\\/www.senoriosderelleu.com\\\/#organization\",\"name\":\"Se\u00f1orios de Relleu\",\"url\":\"https:\\\/\\\/www.senoriosderelleu.com\\\/\",\"logo\":{\"@type\":\"ImageObject\",\"inLanguage\":\"de\",\"@id\":\"https:\\\/\\\/www.senoriosderelleu.com\\\/#\\\/schema\\\/logo\\\/image\\\/\",\"url\":\"https:\\\/\\\/www.senoriosderelleu.com\\\/wp-content\\\/uploads\\\/2015\\\/09\\\/sr_logo_4_opciones-Paula16022012_P\u00e1gina_3.jpg\",\"contentUrl\":\"https:\\\/\\\/www.senoriosderelleu.com\\\/wp-content\\\/uploads\\\/2015\\\/09\\\/sr_logo_4_opciones-Paula16022012_P\u00e1gina_3.jpg\",\"width\":1024,\"height\":724,\"caption\":\"Se\u00f1orios de Relleu\"},\"image\":{\"@id\":\"https:\\\/\\\/www.senoriosderelleu.com\\\/#\\\/schema\\\/logo\\\/image\\\/\"},\"sameAs\":[\"https:\\\/\\\/www.facebook.com\\\/SenoriosDeRelleu\\\/\",\"https:\\\/\\\/x.com\\\/SenoriosdRelleu\",\"https:\\\/\\\/www.instagram.com\\\/senoriosdrelleu\\\/\",\"https:\\\/\\\/www.youtube.com\\\/user\\\/SenoriosdeRelleu\"]}]}<\/script>\n<!-- \/ Yoast SEO plugin. -->","yoast_head_json":{"title":"Natives Oliven\u00f6l extra Organic Coupage 100 ml - Se\u00f1orios de Relleu","description":"Das native Oliven\u00f6l extra Organic Coupage, 100 ml, von Se\u00f1or\u00edos de Relleu\u00ae ist eine Coupage der besten \u00f6kologischen nativen Oliven\u00f6le extra aus Alicante.","robots":{"index":"index","follow":"follow","max-snippet":"max-snippet:-1","max-image-preview":"max-image-preview:large","max-video-preview":"max-video-preview:-1"},"canonical":"https:\/\/www.senoriosderelleu.com\/de\/product\/kaufen-bestes-natives-olivenol-extra-bio-gourmet-100ml-coupage\/","twitter_card":"summary_large_image","twitter_title":"Natives Oliven\u00f6l extra Organic Coupage 100 ml - Se\u00f1orios de Relleu","twitter_description":"Das native Oliven\u00f6l extra Organic Coupage, 100 ml, von Se\u00f1or\u00edos de Relleu\u00ae ist eine Coupage der besten \u00f6kologischen nativen Oliven\u00f6le extra aus Alicante.","twitter_image":"https:\/\/www.senoriosderelleu.com\/wp-content\/uploads\/2018\/04\/Mini_Organic_WEB-1.png","twitter_site":"@SenoriosdRelleu","twitter_misc":{"Gesch\u00e4tzte Lesezeit":"2\u00a0Minuten"},"schema":{"@context":"https:\/\/schema.org","@graph":[{"@type":"WebPage","@id":"https:\/\/www.senoriosderelleu.com\/de\/product\/kaufen-bestes-natives-olivenol-extra-bio-gourmet-100ml-coupage\/","url":"https:\/\/www.senoriosderelleu.com\/de\/product\/kaufen-bestes-natives-olivenol-extra-bio-gourmet-100ml-coupage\/","name":"Natives Oliven\u00f6l extra Organic Coupage 100 ml - Se\u00f1orios de Relleu","isPartOf":{"@id":"https:\/\/www.senoriosderelleu.com\/#website"},"primaryImageOfPage":{"@id":"https:\/\/www.senoriosderelleu.com\/de\/product\/kaufen-bestes-natives-olivenol-extra-bio-gourmet-100ml-coupage\/#primaryimage"},"image":{"@id":"https:\/\/www.senoriosderelleu.com\/de\/product\/kaufen-bestes-natives-olivenol-extra-bio-gourmet-100ml-coupage\/#primaryimage"},"thumbnailUrl":"https:\/\/www.senoriosderelleu.com\/wp-content\/uploads\/2018\/04\/Mini_Organic_WEB-1.png","datePublished":"2018-04-17T20:50:13+00:00","dateModified":"2021-02-15T07:33:26+00:00","description":"Das native Oliven\u00f6l extra Organic Coupage, 100 ml, von Se\u00f1or\u00edos de Relleu\u00ae ist eine Coupage der besten \u00f6kologischen nativen Oliven\u00f6le extra aus Alicante.","breadcrumb":{"@id":"https:\/\/www.senoriosderelleu.com\/de\/product\/kaufen-bestes-natives-olivenol-extra-bio-gourmet-100ml-coupage\/#breadcrumb"},"inLanguage":"de","potentialAction":[{"@type":"ReadAction","target":["https:\/\/www.senoriosderelleu.com\/de\/product\/kaufen-bestes-natives-olivenol-extra-bio-gourmet-100ml-coupage\/"]}]},{"@type":"ImageObject","inLanguage":"de","@id":"https:\/\/www.senoriosderelleu.com\/de\/product\/kaufen-bestes-natives-olivenol-extra-bio-gourmet-100ml-coupage\/#primaryimage","url":"https:\/\/www.senoriosderelleu.com\/wp-content\/uploads\/2018\/04\/Mini_Organic_WEB-1.png","contentUrl":"https:\/\/www.senoriosderelleu.com\/wp-content\/uploads\/2018\/04\/Mini_Organic_WEB-1.png","width":1075,"height":1075},{"@type":"BreadcrumbList","@id":"https:\/\/www.senoriosderelleu.com\/de\/product\/kaufen-bestes-natives-olivenol-extra-bio-gourmet-100ml-coupage\/#breadcrumb","itemListElement":[{"@type":"ListItem","position":1,"name":"Portada","item":"https:\/\/www.senoriosderelleu.com\/de\/"},{"@type":"ListItem","position":2,"name":"Produkte","item":"https:\/\/www.senoriosderelleu.com\/de\/ich-kaufe-besser-natives-olivenoel-extra-gourmet-geschenke\/"},{"@type":"ListItem","position":3,"name":"Natives Oliven\u00f6l extra Organic Coupage 100 ml"}]},{"@type":"WebSite","@id":"https:\/\/www.senoriosderelleu.com\/#website","url":"https:\/\/www.senoriosderelleu.com\/","name":"Se\u00f1orios de Relleu | Aceite de Oliva Virgen Extra Gourmet","description":"Mejor Aceite de Oliva Virgen Extra Gourmet Regalo Original de Alicante","publisher":{"@id":"https:\/\/www.senoriosderelleu.com\/#organization"},"potentialAction":[{"@type":"SearchAction","target":{"@type":"EntryPoint","urlTemplate":"https:\/\/www.senoriosderelleu.com\/?s={search_term_string}"},"query-input":{"@type":"PropertyValueSpecification","valueRequired":true,"valueName":"search_term_string"}}],"inLanguage":"de"},{"@type":"Organization","@id":"https:\/\/www.senoriosderelleu.com\/#organization","name":"Se\u00f1orios de Relleu","url":"https:\/\/www.senoriosderelleu.com\/","logo":{"@type":"ImageObject","inLanguage":"de","@id":"https:\/\/www.senoriosderelleu.com\/#\/schema\/logo\/image\/","url":"https:\/\/www.senoriosderelleu.com\/wp-content\/uploads\/2015\/09\/sr_logo_4_opciones-Paula16022012_P\u00e1gina_3.jpg","contentUrl":"https:\/\/www.senoriosderelleu.com\/wp-content\/uploads\/2015\/09\/sr_logo_4_opciones-Paula16022012_P\u00e1gina_3.jpg","width":1024,"height":724,"caption":"Se\u00f1orios de Relleu"},"image":{"@id":"https:\/\/www.senoriosderelleu.com\/#\/schema\/logo\/image\/"},"sameAs":["https:\/\/www.facebook.com\/SenoriosDeRelleu\/","https:\/\/x.com\/SenoriosdRelleu","https:\/\/www.instagram.com\/senoriosdrelleu\/","https:\/\/www.youtube.com\/user\/SenoriosdeRelleu"]}]}},"_links":{"self":[{"href":"https:\/\/www.senoriosderelleu.com\/de\/wp-json\/wp\/v2\/product\/21280","targetHints":{"allow":["GET"]}}],"collection":[{"href":"https:\/\/www.senoriosderelleu.com\/de\/wp-json\/wp\/v2\/product"}],"about":[{"href":"https:\/\/www.senoriosderelleu.com\/de\/wp-json\/wp\/v2\/types\/product"}],"replies":[{"embeddable":true,"href":"https:\/\/www.senoriosderelleu.com\/de\/wp-json\/wp\/v2\/comments?post=21280"}],"wp:featuredmedia":[{"embeddable":true,"href":"https:\/\/www.senoriosderelleu.com\/de\/wp-json\/wp\/v2\/media\/21282"}],"wp:attachment":[{"href":"https:\/\/www.senoriosderelleu.com\/de\/wp-json\/wp\/v2\/media?parent=21280"}],"wp:term":[{"taxonomy":"product_brand","embeddable":true,"href":"https:\/\/www.senoriosderelleu.com\/de\/wp-json\/wp\/v2\/product_brand?post=21280"},{"taxonomy":"product_cat","embeddable":true,"href":"https:\/\/www.senoriosderelleu.com\/de\/wp-json\/wp\/v2\/product_cat?post=21280"},{"taxonomy":"product_tag","embeddable":true,"href":"https:\/\/www.senoriosderelleu.com\/de\/wp-json\/wp\/v2\/product_tag?post=21280"}],"curies":[{"name":"wp","href":"https:\/\/api.w.org\/{rel}","templated":true}]}}