{"id":21273,"date":"2018-05-21T20:07:21","date_gmt":"2018-05-21T20:07:21","guid":{"rendered":"https:\/\/www.senoriosderelleu.com\/product\/regalos-originales-novios-aceite-de-oliva-virgen-extra-gourmet-botella-250ml-pergola3felicidades\/"},"modified":"2021-02-15T07:40:19","modified_gmt":"2021-02-15T07:40:19","slug":"originell-geschenke-freunde-natives-olivenol-extra-gourmet-flasche-250ml-pergola3glueckwunsch","status":"publish","type":"product","link":"https:\/\/www.senoriosderelleu.com\/de\/produkt\/originell-geschenke-freunde-natives-olivenol-extra-gourmet-flasche-250ml-pergola3glueckwunsch\/","title":{"rendered":"Natives Oliven\u00f6l extra &#8211; packungen La Pergola \u201eFelicidades (x3 flaschen 250 ml)"},"content":{"rendered":"<p style=\"text-align: center;\"><span style=\"color: #000000;\">Ein warmer Tag mit intensivem Licht, blauem Himmel und einer leichten Brise, wie es am Mittelmeer typisch ist.\u00a0Wir sitzen unter der Pergola im k\u00fchlen Schatten.<\/span><\/p>\n<p>&nbsp;<\/p>\n<p style=\"text-align: center;\"><span style=\"color: #000000;\">Von unserem versteckten Pl\u00e4tzchen aus, zwischen Bergen und Meer, Terrassenfl\u00e4chen mit Oliven-, Mandel- und Feigenb\u00e4umen \u2013 weit entfernt, l\u00e4utende Glocken, fl\u00fcsternder Wind und zwitschernde Spatzen, es duftet nach Rosmarin, Pinien und Blumen \u2013 genie\u00dfen wir ein wundervolles Meer der Gef\u00fchle.<\/span><\/p>\n<p>&nbsp;<\/p>\n<p style=\"text-align: center;\"><span style=\"color: #000000;\">Auf dem Tisch sind frisch gepfl\u00fcckte Tomaten, gekochte Kartoffeln, Bauernbrot aus dem Holzofen und <strong>unsere \u00d6le Organic, Delicate, Medium oder Intense Coupage.<\/strong><\/span><\/p>\n<p>&nbsp;<\/p>\n<p style=\"text-align: center;\"><span style=\"color: #000000;\">Jeder von uns mischt sich alles nach seinem Geschmack. Wir reisen einfach und schnell durch Zeit und Raum an entlegene Orte, zu besonderen Anl\u00e4ssen, mit geliebten Menschen.<\/span><\/p>\n<p>&nbsp;<\/p>\n<p style=\"text-align: center;\"><span style=\"color: #000000;\">An diesem Ort voller Leben, unter der Pergola, vermischen sich die Sinne mit Erinnerungen und Geschichten, und man sp\u00fcrt Ruhe, Gelassenheit und Frieden.<\/span><\/p>\n<p style=\"text-align: center;\"><span style=\"color: #000000;\">So einfach ist es, ein Teil dieser authentischen mediterranen Umgebung zu werden.<\/span><\/p>\n<p>&nbsp;<\/p>\n<h4 style=\"text-align: center;\"><span style=\"color: #000000;\">Sp\u00fcren Sie es? K\u00f6nnen Sie es sich vorstellen?<\/span><br \/>\n<span style=\"color: #000000;\">Genie\u00dfen Sie!!!<\/span><\/h4>\n<p><img loading=\"lazy\" decoding=\"async\" class=\"size-medium wp-image-15811 aligncenter\" src=\"https:\/\/www.senoriosderelleu.com\/wp-content\/uploads\/2018\/04\/EU_Organic_Logo_Colour_OuterLine_rgb-300x200.jpg\" alt=\"Logo Europeo Agricultura Ecologica. European Logo Organic Agriculture\" width=\"300\" height=\"200\" srcset=\"https:\/\/www.senoriosderelleu.com\/wp-content\/uploads\/2018\/04\/EU_Organic_Logo_Colour_OuterLine_rgb-300x200.jpg 300w, https:\/\/www.senoriosderelleu.com\/wp-content\/uploads\/2018\/04\/EU_Organic_Logo_Colour_OuterLine_rgb-304x202.jpg 304w, https:\/\/www.senoriosderelleu.com\/wp-content\/uploads\/2018\/04\/EU_Organic_Logo_Colour_OuterLine_rgb.jpg 500w\" sizes=\"auto, (max-width: 300px) 100vw, 300px\" \/><a href=\"https:\/\/www.senoriosderelleu.com\/caecv-nuevo-sello\/\"><img loading=\"lazy\" decoding=\"async\" class=\"aligncenter size-medium wp-image-20457\" src=\"https:\/\/www.senoriosderelleu.com\/wp-content\/uploads\/2020\/02\/CAECV-Nuevo-Sello-167x300.jpg\" alt=\"Sello Agricultura Ecologica Comunidad Valenciana\" width=\"167\" height=\"300\" srcset=\"https:\/\/www.senoriosderelleu.com\/wp-content\/uploads\/2020\/02\/CAECV-Nuevo-Sello-167x300.jpg 167w, https:\/\/www.senoriosderelleu.com\/wp-content\/uploads\/2020\/02\/CAECV-Nuevo-Sello-304x547.jpg 304w, https:\/\/www.senoriosderelleu.com\/wp-content\/uploads\/2020\/02\/CAECV-Nuevo-Sello-768x1383.jpg 768w, https:\/\/www.senoriosderelleu.com\/wp-content\/uploads\/2020\/02\/CAECV-Nuevo-Sello-569x1024.jpg 569w, https:\/\/www.senoriosderelleu.com\/wp-content\/uploads\/2020\/02\/CAECV-Nuevo-Sello-700x1260.jpg 700w, https:\/\/www.senoriosderelleu.com\/wp-content\/uploads\/2020\/02\/CAECV-Nuevo-Sello.jpg 600w\" sizes=\"auto, (max-width: 167px) 100vw, 167px\" \/><\/a><\/p>\n<p style=\"text-align: center;\"><a href=\"https:\/\/www.senoriosderelleu.com\/de\/konsum\/kombination-von-olivenoel-und-speisen\/\">Klicken Sie hier, um die Tabelle mit Kombinationen f\u00fcr diese Oliven\u00f6le zu sehen<\/a><\/p>\n","protected":false},"excerpt":{"rendered":"<h4><span style=\"color: #000000;\">Mein warmer Tag mit intensivem Licht, blauem Himmel und einer leichten Brise, wie es am Mittelmeer typisch ist. <strong>Wir sitzen unter der Pergola im k\u00fchlen Schatten.<\/strong><\/span><\/h4>\n","protected":false},"featured_media":21274,"comment_status":"closed","ping_status":"closed","template":"","meta":[],"product_brand":[],"product_cat":[807,819,834,831,830,832],"product_tag":[808,809,810,811,812,813,814,822,815,816,817,818],"class_list":{"0":"post-21273","1":"product","2":"type-product","3":"status-publish","4":"has-post-thumbnail","6":"product_cat-bestes-natives-olivenol-extra-gourmet-milder-geschmack","7":"product_cat-verpackung-250-ml-gourmet-geschenk-bestes-natives-olivenol-extra-alicante","8":"product_cat-geschenkboxen-weihnachten-gesellschaft-hochzeit-taufe-kommunionen-veranstaltungen-3-flasche-olivenol","9":"product_cat-bestes-natives-olivenol-extra-gourmet-intensives-aroma","10":"product_cat-bestes-natives-olivenol-extra-gourmet-mittleres-aroma","11":"product_cat-bestes-natives-olivenol-extra-organisch-bio-gourmet","12":"product_tag-aceite-de","13":"product_tag-aceite-de-oliva-de","14":"product_tag-aceite-de-oliva-virgen-extra-de","15":"product_tag-agricultura-de-montana-de","16":"product_tag-aove-de","17":"product_tag-botellas-de-aluminio-de","18":"product_tag-coupage-de","19":"product_tag-estuche-de-regalo-de","20":"product_tag-extraccion-en-frio-de","21":"product_tag-olivos-monumentales-de","22":"product_tag-premios-de","23":"product_tag-produccion-limitada-de","24":"pa_envase-geschenkpackung","25":"pa_gama-delicate-de","26":"pa_gama-intense-de","27":"pa_gama-medium-de","28":"pa_gama-organic-de","29":"pa_presentacion-250-ml-de","31":"first","32":"instock","33":"taxable","34":"shipping-taxable","35":"purchasable","36":"product-type-simple"},"yoast_head":"<!-- This site is optimized with the Yoast SEO plugin v27.5 - https:\/\/yoast.com\/product\/yoast-seo-wordpress\/ -->\n<title>Natives Oliven\u00f6l extra - packungen La Pergola \u201eFelicidades (x3 flaschen 250 ml) - Se\u00f1orios de Relleu<\/title>\n<meta name=\"description\" content=\"Einzigartige und originelle Geschenke f\u00fcr Brautpaare. Herzlichen Gl\u00fcckwunsch! Ideal f\u00fcr Ihren Tisch: unsere 250 ml \u00d6le Organic, Delicate, Medium oder Intense Coupage.\" \/>\n<meta name=\"robots\" content=\"index, follow, max-snippet:-1, max-image-preview:large, max-video-preview:-1\" \/>\n<link rel=\"canonical\" href=\"https:\/\/www.senoriosderelleu.com\/produkt\/regalos-originales-novios-aceite-de-oliva-virgen-extra-gourmet-botella-250ml-pergola3felicidades\/\" \/>\n<meta name=\"twitter:card\" content=\"summary_large_image\" \/>\n<meta name=\"twitter:title\" content=\"Natives Oliven\u00f6l extra - packungen La Pergola \u201eFelicidades (x3 flaschen 250 ml) - Se\u00f1orios de Relleu\" \/>\n<meta name=\"twitter:description\" content=\"Einzigartige und originelle Geschenke f\u00fcr Brautpaare. Herzlichen Gl\u00fcckwunsch! Ideal f\u00fcr Ihren Tisch: unsere 250 ml \u00d6le Organic, Delicate, Medium oder Intense Coupage.\" \/>\n<meta name=\"twitter:image\" content=\"https:\/\/www.senoriosderelleu.com\/wp-content\/uploads\/2018\/05\/Estuche-La-Pergola-Felicidades-Congratulations-x3.png\" \/>\n<meta name=\"twitter:site\" content=\"@SenoriosdRelleu\" \/>\n<meta name=\"twitter:label1\" content=\"Gesch\u00e4tzte Lesezeit\" \/>\n\t<meta name=\"twitter:data1\" content=\"2\u00a0Minuten\" \/>\n<script type=\"application\/ld+json\" class=\"yoast-schema-graph\">{\"@context\":\"https:\\\/\\\/schema.org\",\"@graph\":[{\"@type\":\"WebPage\",\"@id\":\"https:\\\/\\\/www.senoriosderelleu.com\\\/produkt\\\/regalos-originales-novios-aceite-de-oliva-virgen-extra-gourmet-botella-250ml-pergola3felicidades\\\/\",\"url\":\"https:\\\/\\\/www.senoriosderelleu.com\\\/produkt\\\/regalos-originales-novios-aceite-de-oliva-virgen-extra-gourmet-botella-250ml-pergola3felicidades\\\/\",\"name\":\"Natives Oliven\u00f6l extra - packungen La Pergola \u201eFelicidades (x3 flaschen 250 ml) - Se\u00f1orios de Relleu\",\"isPartOf\":{\"@id\":\"https:\\\/\\\/www.senoriosderelleu.com\\\/#website\"},\"primaryImageOfPage\":{\"@id\":\"https:\\\/\\\/www.senoriosderelleu.com\\\/produkt\\\/regalos-originales-novios-aceite-de-oliva-virgen-extra-gourmet-botella-250ml-pergola3felicidades\\\/#primaryimage\"},\"image\":{\"@id\":\"https:\\\/\\\/www.senoriosderelleu.com\\\/produkt\\\/regalos-originales-novios-aceite-de-oliva-virgen-extra-gourmet-botella-250ml-pergola3felicidades\\\/#primaryimage\"},\"thumbnailUrl\":\"https:\\\/\\\/www.senoriosderelleu.com\\\/wp-content\\\/uploads\\\/2018\\\/05\\\/Estuche-La-Pergola-Felicidades-Congratulations-x3.png\",\"datePublished\":\"2018-05-21T20:07:21+00:00\",\"dateModified\":\"2021-02-15T07:40:19+00:00\",\"description\":\"Einzigartige und originelle Geschenke f\u00fcr Brautpaare. Herzlichen Gl\u00fcckwunsch! Ideal f\u00fcr Ihren Tisch: unsere 250 ml \u00d6le Organic, Delicate, Medium oder Intense Coupage.\",\"breadcrumb\":{\"@id\":\"https:\\\/\\\/www.senoriosderelleu.com\\\/produkt\\\/regalos-originales-novios-aceite-de-oliva-virgen-extra-gourmet-botella-250ml-pergola3felicidades\\\/#breadcrumb\"},\"inLanguage\":\"de\",\"potentialAction\":[{\"@type\":\"ReadAction\",\"target\":[\"https:\\\/\\\/www.senoriosderelleu.com\\\/produkt\\\/regalos-originales-novios-aceite-de-oliva-virgen-extra-gourmet-botella-250ml-pergola3felicidades\\\/\"]}]},{\"@type\":\"ImageObject\",\"inLanguage\":\"de\",\"@id\":\"https:\\\/\\\/www.senoriosderelleu.com\\\/produkt\\\/regalos-originales-novios-aceite-de-oliva-virgen-extra-gourmet-botella-250ml-pergola3felicidades\\\/#primaryimage\",\"url\":\"https:\\\/\\\/www.senoriosderelleu.com\\\/wp-content\\\/uploads\\\/2018\\\/05\\\/Estuche-La-Pergola-Felicidades-Congratulations-x3.png\",\"contentUrl\":\"https:\\\/\\\/www.senoriosderelleu.com\\\/wp-content\\\/uploads\\\/2018\\\/05\\\/Estuche-La-Pergola-Felicidades-Congratulations-x3.png\",\"width\":1075,\"height\":1075},{\"@type\":\"BreadcrumbList\",\"@id\":\"https:\\\/\\\/www.senoriosderelleu.com\\\/produkt\\\/regalos-originales-novios-aceite-de-oliva-virgen-extra-gourmet-botella-250ml-pergola3felicidades\\\/#breadcrumb\",\"itemListElement\":[{\"@type\":\"ListItem\",\"position\":1,\"name\":\"Portada\",\"item\":\"https:\\\/\\\/www.senoriosderelleu.com\\\/de\\\/\"},{\"@type\":\"ListItem\",\"position\":2,\"name\":\"Produkte\",\"item\":\"https:\\\/\\\/www.senoriosderelleu.com\\\/de\\\/ich-kaufe-besser-natives-olivenoel-extra-gourmet-geschenke\\\/\"},{\"@type\":\"ListItem\",\"position\":3,\"name\":\"Natives Oliven\u00f6l extra &#8211; packungen La Pergola \u201eFelicidades (x3 flaschen 250 ml)\"}]},{\"@type\":\"WebSite\",\"@id\":\"https:\\\/\\\/www.senoriosderelleu.com\\\/#website\",\"url\":\"https:\\\/\\\/www.senoriosderelleu.com\\\/\",\"name\":\"Se\u00f1orios de Relleu | Aceite de Oliva Virgen Extra Gourmet\",\"description\":\"Mejor Aceite de Oliva Virgen Extra Gourmet Regalo Original de Alicante\",\"publisher\":{\"@id\":\"https:\\\/\\\/www.senoriosderelleu.com\\\/#organization\"},\"potentialAction\":[{\"@type\":\"SearchAction\",\"target\":{\"@type\":\"EntryPoint\",\"urlTemplate\":\"https:\\\/\\\/www.senoriosderelleu.com\\\/?s={search_term_string}\"},\"query-input\":{\"@type\":\"PropertyValueSpecification\",\"valueRequired\":true,\"valueName\":\"search_term_string\"}}],\"inLanguage\":\"de\"},{\"@type\":\"Organization\",\"@id\":\"https:\\\/\\\/www.senoriosderelleu.com\\\/#organization\",\"name\":\"Se\u00f1orios de Relleu\",\"url\":\"https:\\\/\\\/www.senoriosderelleu.com\\\/\",\"logo\":{\"@type\":\"ImageObject\",\"inLanguage\":\"de\",\"@id\":\"https:\\\/\\\/www.senoriosderelleu.com\\\/#\\\/schema\\\/logo\\\/image\\\/\",\"url\":\"https:\\\/\\\/www.senoriosderelleu.com\\\/wp-content\\\/uploads\\\/2015\\\/09\\\/sr_logo_4_opciones-Paula16022012_P\u00e1gina_3.jpg\",\"contentUrl\":\"https:\\\/\\\/www.senoriosderelleu.com\\\/wp-content\\\/uploads\\\/2015\\\/09\\\/sr_logo_4_opciones-Paula16022012_P\u00e1gina_3.jpg\",\"width\":1024,\"height\":724,\"caption\":\"Se\u00f1orios de Relleu\"},\"image\":{\"@id\":\"https:\\\/\\\/www.senoriosderelleu.com\\\/#\\\/schema\\\/logo\\\/image\\\/\"},\"sameAs\":[\"https:\\\/\\\/www.facebook.com\\\/SenoriosDeRelleu\\\/\",\"https:\\\/\\\/x.com\\\/SenoriosdRelleu\",\"https:\\\/\\\/www.instagram.com\\\/senoriosdrelleu\\\/\",\"https:\\\/\\\/www.youtube.com\\\/user\\\/SenoriosdeRelleu\"]}]}<\/script>\n<!-- \/ Yoast SEO plugin. -->","yoast_head_json":{"title":"Natives Oliven\u00f6l extra - packungen La Pergola \u201eFelicidades (x3 flaschen 250 ml) - Se\u00f1orios de Relleu","description":"Einzigartige und originelle Geschenke f\u00fcr Brautpaare. Herzlichen Gl\u00fcckwunsch! Ideal f\u00fcr Ihren Tisch: unsere 250 ml \u00d6le Organic, Delicate, Medium oder Intense Coupage.","robots":{"index":"index","follow":"follow","max-snippet":"max-snippet:-1","max-image-preview":"max-image-preview:large","max-video-preview":"max-video-preview:-1"},"canonical":"https:\/\/www.senoriosderelleu.com\/produkt\/regalos-originales-novios-aceite-de-oliva-virgen-extra-gourmet-botella-250ml-pergola3felicidades\/","twitter_card":"summary_large_image","twitter_title":"Natives Oliven\u00f6l extra - packungen La Pergola \u201eFelicidades (x3 flaschen 250 ml) - Se\u00f1orios de Relleu","twitter_description":"Einzigartige und originelle Geschenke f\u00fcr Brautpaare. Herzlichen Gl\u00fcckwunsch! Ideal f\u00fcr Ihren Tisch: unsere 250 ml \u00d6le Organic, Delicate, Medium oder Intense Coupage.","twitter_image":"https:\/\/www.senoriosderelleu.com\/wp-content\/uploads\/2018\/05\/Estuche-La-Pergola-Felicidades-Congratulations-x3.png","twitter_site":"@SenoriosdRelleu","twitter_misc":{"Gesch\u00e4tzte Lesezeit":"2\u00a0Minuten"},"schema":{"@context":"https:\/\/schema.org","@graph":[{"@type":"WebPage","@id":"https:\/\/www.senoriosderelleu.com\/produkt\/regalos-originales-novios-aceite-de-oliva-virgen-extra-gourmet-botella-250ml-pergola3felicidades\/","url":"https:\/\/www.senoriosderelleu.com\/produkt\/regalos-originales-novios-aceite-de-oliva-virgen-extra-gourmet-botella-250ml-pergola3felicidades\/","name":"Natives Oliven\u00f6l extra - packungen La Pergola \u201eFelicidades (x3 flaschen 250 ml) - Se\u00f1orios de Relleu","isPartOf":{"@id":"https:\/\/www.senoriosderelleu.com\/#website"},"primaryImageOfPage":{"@id":"https:\/\/www.senoriosderelleu.com\/produkt\/regalos-originales-novios-aceite-de-oliva-virgen-extra-gourmet-botella-250ml-pergola3felicidades\/#primaryimage"},"image":{"@id":"https:\/\/www.senoriosderelleu.com\/produkt\/regalos-originales-novios-aceite-de-oliva-virgen-extra-gourmet-botella-250ml-pergola3felicidades\/#primaryimage"},"thumbnailUrl":"https:\/\/www.senoriosderelleu.com\/wp-content\/uploads\/2018\/05\/Estuche-La-Pergola-Felicidades-Congratulations-x3.png","datePublished":"2018-05-21T20:07:21+00:00","dateModified":"2021-02-15T07:40:19+00:00","description":"Einzigartige und originelle Geschenke f\u00fcr Brautpaare. Herzlichen Gl\u00fcckwunsch! Ideal f\u00fcr Ihren Tisch: unsere 250 ml \u00d6le Organic, Delicate, Medium oder Intense Coupage.","breadcrumb":{"@id":"https:\/\/www.senoriosderelleu.com\/produkt\/regalos-originales-novios-aceite-de-oliva-virgen-extra-gourmet-botella-250ml-pergola3felicidades\/#breadcrumb"},"inLanguage":"de","potentialAction":[{"@type":"ReadAction","target":["https:\/\/www.senoriosderelleu.com\/produkt\/regalos-originales-novios-aceite-de-oliva-virgen-extra-gourmet-botella-250ml-pergola3felicidades\/"]}]},{"@type":"ImageObject","inLanguage":"de","@id":"https:\/\/www.senoriosderelleu.com\/produkt\/regalos-originales-novios-aceite-de-oliva-virgen-extra-gourmet-botella-250ml-pergola3felicidades\/#primaryimage","url":"https:\/\/www.senoriosderelleu.com\/wp-content\/uploads\/2018\/05\/Estuche-La-Pergola-Felicidades-Congratulations-x3.png","contentUrl":"https:\/\/www.senoriosderelleu.com\/wp-content\/uploads\/2018\/05\/Estuche-La-Pergola-Felicidades-Congratulations-x3.png","width":1075,"height":1075},{"@type":"BreadcrumbList","@id":"https:\/\/www.senoriosderelleu.com\/produkt\/regalos-originales-novios-aceite-de-oliva-virgen-extra-gourmet-botella-250ml-pergola3felicidades\/#breadcrumb","itemListElement":[{"@type":"ListItem","position":1,"name":"Portada","item":"https:\/\/www.senoriosderelleu.com\/de\/"},{"@type":"ListItem","position":2,"name":"Produkte","item":"https:\/\/www.senoriosderelleu.com\/de\/ich-kaufe-besser-natives-olivenoel-extra-gourmet-geschenke\/"},{"@type":"ListItem","position":3,"name":"Natives Oliven\u00f6l extra &#8211; packungen La Pergola \u201eFelicidades (x3 flaschen 250 ml)"}]},{"@type":"WebSite","@id":"https:\/\/www.senoriosderelleu.com\/#website","url":"https:\/\/www.senoriosderelleu.com\/","name":"Se\u00f1orios de Relleu | Aceite de Oliva Virgen Extra Gourmet","description":"Mejor Aceite de Oliva Virgen Extra Gourmet Regalo Original de Alicante","publisher":{"@id":"https:\/\/www.senoriosderelleu.com\/#organization"},"potentialAction":[{"@type":"SearchAction","target":{"@type":"EntryPoint","urlTemplate":"https:\/\/www.senoriosderelleu.com\/?s={search_term_string}"},"query-input":{"@type":"PropertyValueSpecification","valueRequired":true,"valueName":"search_term_string"}}],"inLanguage":"de"},{"@type":"Organization","@id":"https:\/\/www.senoriosderelleu.com\/#organization","name":"Se\u00f1orios de Relleu","url":"https:\/\/www.senoriosderelleu.com\/","logo":{"@type":"ImageObject","inLanguage":"de","@id":"https:\/\/www.senoriosderelleu.com\/#\/schema\/logo\/image\/","url":"https:\/\/www.senoriosderelleu.com\/wp-content\/uploads\/2015\/09\/sr_logo_4_opciones-Paula16022012_P\u00e1gina_3.jpg","contentUrl":"https:\/\/www.senoriosderelleu.com\/wp-content\/uploads\/2015\/09\/sr_logo_4_opciones-Paula16022012_P\u00e1gina_3.jpg","width":1024,"height":724,"caption":"Se\u00f1orios de Relleu"},"image":{"@id":"https:\/\/www.senoriosderelleu.com\/#\/schema\/logo\/image\/"},"sameAs":["https:\/\/www.facebook.com\/SenoriosDeRelleu\/","https:\/\/x.com\/SenoriosdRelleu","https:\/\/www.instagram.com\/senoriosdrelleu\/","https:\/\/www.youtube.com\/user\/SenoriosdeRelleu"]}]}},"_links":{"self":[{"href":"https:\/\/www.senoriosderelleu.com\/de\/wp-json\/wp\/v2\/product\/21273","targetHints":{"allow":["GET"]}}],"collection":[{"href":"https:\/\/www.senoriosderelleu.com\/de\/wp-json\/wp\/v2\/product"}],"about":[{"href":"https:\/\/www.senoriosderelleu.com\/de\/wp-json\/wp\/v2\/types\/product"}],"replies":[{"embeddable":true,"href":"https:\/\/www.senoriosderelleu.com\/de\/wp-json\/wp\/v2\/comments?post=21273"}],"wp:featuredmedia":[{"embeddable":true,"href":"https:\/\/www.senoriosderelleu.com\/de\/wp-json\/wp\/v2\/media\/21274"}],"wp:attachment":[{"href":"https:\/\/www.senoriosderelleu.com\/de\/wp-json\/wp\/v2\/media?parent=21273"}],"wp:term":[{"taxonomy":"product_brand","embeddable":true,"href":"https:\/\/www.senoriosderelleu.com\/de\/wp-json\/wp\/v2\/product_brand?post=21273"},{"taxonomy":"product_cat","embeddable":true,"href":"https:\/\/www.senoriosderelleu.com\/de\/wp-json\/wp\/v2\/product_cat?post=21273"},{"taxonomy":"product_tag","embeddable":true,"href":"https:\/\/www.senoriosderelleu.com\/de\/wp-json\/wp\/v2\/product_tag?post=21273"}],"curies":[{"name":"wp","href":"https:\/\/api.w.org\/{rel}","templated":true}]}}