{"id":21258,"date":"2018-06-06T15:09:59","date_gmt":"2018-06-06T15:09:59","guid":{"rendered":"https:\/\/www.senoriosderelleu.com\/product\/experiencias-para-regalar-mejor-marca-aceite-de-oliva-gourmet-estuche-100ml-ecologico\/"},"modified":"2021-02-15T07:40:06","modified_gmt":"2021-02-15T07:40:06","slug":"erlebnis-zum-verschenken-beste-marke-olivenol-gourmet-box-100ml-bio","status":"publish","type":"product","link":"https:\/\/www.senoriosderelleu.com\/de\/produkt\/erlebnis-zum-verschenken-beste-marke-olivenol-gourmet-box-100ml-bio\/","title":{"rendered":"NATIVES OLIVEN\u00d6L EXTRA \u2013 GESCHENKPACKUNG TASCHENAUSGABE \u201eREGRESO A LOS OR\u00cdGENES: ORG\u00c1NICO&#8221; (3 FLASCHEN \u00c0 100 ML)"},"content":{"rendered":"<h3 style=\"text-align: center;\">100 Jahre Geschichte<\/h3>\n<p>&nbsp;<\/p>\n<p style=\"text-align: center;\"><span style=\"color: #000000;\">Anl\u00e4sslich der hundertj\u00e4hrigen Geschichte unseres Landguts Mas\u00eda Teulad\u00ed haben wir dieses vollkommen \u00f6kologische und nachhaltige native Oliven\u00f6l extra hergestellt.<\/span><\/p>\n<p>&nbsp;<\/p>\n<p style=\"text-align: center;\"><span style=\"color: #000000;\">Diese Flasche, die unsere Geschichte in einem Aquarell veranschaulicht, ist Teil einer limitierten Produktion von \u00d6len, die vollst\u00e4ndig mit ihrer Umgebung und der Landschaftserhaltung verkn\u00fcpft sind. All diese \u00d6le sind das Ergebnis der gro\u00dfen Leidenschaft einer Familie. Wir stellen unseren Olivensaft inmitten einer Berglandschaft mit arabischen Terrassenfeldern aus den folgenden einheimischen Sorten her: Manzanilla Villalonga, Blanqueta, Changlot Real, Alfafara, Genovesa und kombiniert mit Arbequina.<\/span><\/p>\n<p>&nbsp;<\/p>\n<h3 style=\"text-align: center;\"><span style=\"color: #000000;\">Warum \u00f6kologische Landwirtschaft?<\/span><\/h3>\n<p>&nbsp;<\/p>\n<p style=\"text-align: center;\"><span style=\"color: #000000;\">Die \u00f6kologische Landwirtschaft basiert auf einem Anbau, in dem nat\u00fcrliche Mittel genutzt werden, um Sch\u00e4dlinge zu bek\u00e4mpfen, die Fruchtbarkeit der B\u00f6den zu erhalten oder zu erh\u00f6hen, ohne den Einsatz synthetisch hergestellter chemischer Produkte wie D\u00fcngemitteln, Pestiziden oder \u00c4hnlichem, und in dem keine genetisch ver\u00e4nderten Organismen verwendet werden. Auf diese Weise erh\u00e4lt man Erzeugnisse, die nat\u00fcrlicher, ges\u00fcnder und nahrhafter sind. Au\u00dferdem wird durch die geringe Umweltbelastung die \u00f6kologische Nachhaltigkeit unterst\u00fctzt.<\/span><\/p>\n<p style=\"text-align: center;\"><noscript><img loading=\"lazy\" decoding=\"async\" class=\"size-medium wp-image-15811 alignleft\" src=\"https:\/\/www.senoriosderelleu.com\/wp-content\/uploads\/2018\/04\/EU_Organic_Logo_Colour_OuterLine_rgb-300x200.jpg\" alt=\"Logo Europeo Agricultura Ecologica. European Logo Organic Agriculture\" width=\"300\" height=\"200\" srcset=\"https:\/\/www.senoriosderelleu.com\/wp-content\/uploads\/2018\/04\/EU_Organic_Logo_Colour_OuterLine_rgb-300x200.jpg 300w, https:\/\/www.senoriosderelleu.com\/wp-content\/uploads\/2018\/04\/EU_Organic_Logo_Colour_OuterLine_rgb.jpg 500w\" sizes=\"auto, (max-width: 300px) 100vw, 300px\" \/><\/noscript><img loading=\"lazy\" decoding=\"async\" class=\"size-medium wp-image-15811 ls-is-cached lazyloaded aligncenter\" src=\"https:\/\/www.senoriosderelleu.com\/wp-content\/uploads\/2018\/04\/EU_Organic_Logo_Colour_OuterLine_rgb-300x200.jpg\" sizes=\"auto, (max-width: 300px) 100vw, 300px\" srcset=\"https:\/\/www.senoriosderelleu.com\/wp-content\/uploads\/2018\/04\/EU_Organic_Logo_Colour_OuterLine_rgb-300x200.jpg 300w, https:\/\/www.senoriosderelleu.com\/wp-content\/uploads\/2018\/04\/EU_Organic_Logo_Colour_OuterLine_rgb.jpg 500w\" alt=\"Logo Europeo Agricultura Ecologica. European Logo Organic Agriculture\" width=\"300\" height=\"200\" data-src=\"https:\/\/www.senoriosderelleu.com\/wp-content\/uploads\/2018\/04\/EU_Organic_Logo_Colour_OuterLine_rgb-300x200.jpg\" data-srcset=\"https:\/\/www.senoriosderelleu.com\/wp-content\/uploads\/2018\/04\/EU_Organic_Logo_Colour_OuterLine_rgb-300x200.jpg 300w, https:\/\/www.senoriosderelleu.com\/wp-content\/uploads\/2018\/04\/EU_Organic_Logo_Colour_OuterLine_rgb.jpg 500w\" data-sizes=\"(max-width: 300px) 100vw, 300px\" \/><a href=\"https:\/\/www.senoriosderelleu.com\/de\/?attachment_id=21281\"><noscript><img loading=\"lazy\" decoding=\"async\" class=\"aligncenter size-medium wp-image-20457\" src=\"https:\/\/www.senoriosderelleu.com\/wp-content\/uploads\/2020\/02\/CAECV-Nuevo-Sello-167x300.jpg\" alt=\"Sello Agricultura Ecologica Comunidad Valenciana\" width=\"167\" height=\"300\" srcset=\"https:\/\/www.senoriosderelleu.com\/wp-content\/uploads\/2020\/02\/CAECV-Nuevo-Sello-167x300.jpg 167w, https:\/\/www.senoriosderelleu.com\/wp-content\/uploads\/2020\/02\/CAECV-Nuevo-Sello-768x1383.jpg 768w, https:\/\/www.senoriosderelleu.com\/wp-content\/uploads\/2020\/02\/CAECV-Nuevo-Sello-569x1024.jpg 569w, https:\/\/www.senoriosderelleu.com\/wp-content\/uploads\/2020\/02\/CAECV-Nuevo-Sello-700x1260.jpg 700w, https:\/\/www.senoriosderelleu.com\/wp-content\/uploads\/2020\/02\/CAECV-Nuevo-Sello.jpg 600w\" sizes=\"auto, (max-width: 167px) 100vw, 167px\" \/><\/noscript><img loading=\"lazy\" decoding=\"async\" class=\"aligncenter size-medium wp-image-20457 ls-is-cached lazyloaded\" src=\"https:\/\/www.senoriosderelleu.com\/wp-content\/uploads\/2020\/02\/CAECV-Nuevo-Sello-167x300.jpg\" sizes=\"auto, (max-width: 167px) 100vw, 167px\" srcset=\"https:\/\/www.senoriosderelleu.com\/wp-content\/uploads\/2020\/02\/CAECV-Nuevo-Sello-167x300.jpg 167w, https:\/\/www.senoriosderelleu.com\/wp-content\/uploads\/2020\/02\/CAECV-Nuevo-Sello-768x1383.jpg 768w, https:\/\/www.senoriosderelleu.com\/wp-content\/uploads\/2020\/02\/CAECV-Nuevo-Sello-569x1024.jpg 569w, https:\/\/www.senoriosderelleu.com\/wp-content\/uploads\/2020\/02\/CAECV-Nuevo-Sello-700x1260.jpg 700w, https:\/\/www.senoriosderelleu.com\/wp-content\/uploads\/2020\/02\/CAECV-Nuevo-Sello.jpg 600w\" alt=\"Sello Agricultura Ecologica Comunidad Valenciana\" width=\"167\" height=\"300\" data-src=\"https:\/\/www.senoriosderelleu.com\/wp-content\/uploads\/2020\/02\/CAECV-Nuevo-Sello-167x300.jpg\" data-srcset=\"https:\/\/www.senoriosderelleu.com\/wp-content\/uploads\/2020\/02\/CAECV-Nuevo-Sello-167x300.jpg 167w, https:\/\/www.senoriosderelleu.com\/wp-content\/uploads\/2020\/02\/CAECV-Nuevo-Sello-768x1383.jpg 768w, https:\/\/www.senoriosderelleu.com\/wp-content\/uploads\/2020\/02\/CAECV-Nuevo-Sello-569x1024.jpg 569w, https:\/\/www.senoriosderelleu.com\/wp-content\/uploads\/2020\/02\/CAECV-Nuevo-Sello-700x1260.jpg 700w, https:\/\/www.senoriosderelleu.com\/wp-content\/uploads\/2020\/02\/CAECV-Nuevo-Sello.jpg 600w\" data-sizes=\"(max-width: 167px) 100vw, 167px\" \/><\/a><a href=\"https:\/\/www.senoriosderelleu.com\/de\/konsum\/kombination-von-olivenoel-und-speisen\/\">Klicken Sie hier, um die Tabelle mit Kombinationen f\u00fcr dieses Oliven\u00f6l zu sehen<\/a><\/p>\n","protected":false},"excerpt":{"rendered":"<h4><span style=\"color: #000000;\">Anl\u00e4sslich der hundertj\u00e4hrigen Geschichte unseres Landguts Mas\u00eda Teulad\u00ed haben wir dieses vollkommen <strong>\u00f6kologische<\/strong> und nachhaltige native Oliven\u00f6l extra in einer <strong>100-ml-Geschenkverpackung entworfen<\/strong>. Ein ganz besonderes Geschenkerlebnis.<\/span><\/h4>\n<h4><\/h4>\n","protected":false},"featured_media":21260,"comment_status":"closed","ping_status":"closed","template":"","meta":[],"product_brand":[],"product_cat":[806,834,832],"product_tag":[808,809,810,811,812,813,814,839,837,822,815,817,818],"class_list":{"0":"post-21258","1":"product","2":"type-product","3":"status-publish","4":"has-post-thumbnail","6":"product_cat-verpackung-100-ml-gourmet-geschenk-bestes-natives-olivenol-extra-alicante","7":"product_cat-geschenkboxen-weihnachten-gesellschaft-hochzeit-taufe-kommunionen-veranstaltungen-3-flasche-olivenol","8":"product_cat-bestes-natives-olivenol-extra-organisch-bio-gourmet","9":"product_tag-aceite-de","10":"product_tag-aceite-de-oliva-de","11":"product_tag-aceite-de-oliva-virgen-extra-de","12":"product_tag-agricultura-de-montana-de","13":"product_tag-aove-de","14":"product_tag-botellas-de-aluminio-de","15":"product_tag-coupage-de","16":"product_tag-ecologico-de","17":"product_tag-edicion-bolsillo-de","18":"product_tag-estuche-de-regalo-de","19":"product_tag-extraccion-en-frio-de","20":"product_tag-premios-de","21":"product_tag-produccion-limitada-de","22":"pa_envase-geschenkpackung","23":"pa_gama-organic-de","24":"pa_presentacion-100-ml-de","26":"first","27":"instock","28":"taxable","29":"shipping-taxable","30":"purchasable","31":"product-type-simple"},"yoast_head":"<!-- This site is optimized with the Yoast SEO plugin v27.5 - https:\/\/yoast.com\/product\/yoast-seo-wordpress\/ -->\n<title>NATIVES OLIVEN\u00d6L EXTRA \u2013 GESCHENKPACKUNG TASCHENAUSGABE \u201eREGRESO A LOS OR\u00cdGENES: ORG\u00c1NICO&quot; (3 FLASCHEN \u00c0 100 ML) - Se\u00f1orios de Relleu<\/title>\n<meta name=\"description\" content=\"Zum 100 j\u00e4hrigen Jubil\u00e4um unserer Mas\u00eda Teulad\u00ed haben wir f\u00fcr dieses vollkommen \u00f6kologische und nachhaltige native Oliven\u00f6l extra eine 100 ml-Geschenkverpackung entworfen. Ein Erlebnisgeschenk!\" \/>\n<meta name=\"robots\" content=\"index, follow, max-snippet:-1, max-image-preview:large, max-video-preview:-1\" \/>\n<link rel=\"canonical\" href=\"https:\/\/www.senoriosderelleu.com\/de\/product\/erlebnis-zum-verschenken-beste-marke-olivenol-gourmet-box-100ml-bio\/\" \/>\n<meta name=\"twitter:card\" content=\"summary_large_image\" \/>\n<meta name=\"twitter:title\" content=\"NATIVES OLIVEN\u00d6L EXTRA \u2013 GESCHENKPACKUNG TASCHENAUSGABE \u201eREGRESO A LOS OR\u00cdGENES: ORG\u00c1NICO&quot; (3 FLASCHEN \u00c0 100 ML) - Se\u00f1orios de Relleu\" \/>\n<meta name=\"twitter:description\" content=\"Zum 100 j\u00e4hrigen Jubil\u00e4um unserer Mas\u00eda Teulad\u00ed haben wir f\u00fcr dieses vollkommen \u00f6kologische und nachhaltige native Oliven\u00f6l extra eine 100 ml-Geschenkverpackung entworfen. Ein Erlebnisgeschenk!\" \/>\n<meta name=\"twitter:image\" content=\"https:\/\/www.senoriosderelleu.com\/wp-content\/uploads\/2018\/06\/EDICI\u00d3N-DE-BOLSILLO-HISTORIAS-DE-SE\u00d1OR\u00cdOS-DE-RELLEU.-Organico-V5.png\" \/>\n<meta name=\"twitter:site\" content=\"@SenoriosdRelleu\" \/>\n<meta name=\"twitter:label1\" content=\"Gesch\u00e4tzte Lesezeit\" \/>\n\t<meta name=\"twitter:data1\" content=\"2\u00a0Minuten\" \/>\n<script type=\"application\/ld+json\" class=\"yoast-schema-graph\">{\"@context\":\"https:\\\/\\\/schema.org\",\"@graph\":[{\"@type\":\"WebPage\",\"@id\":\"https:\\\/\\\/www.senoriosderelleu.com\\\/de\\\/product\\\/erlebnis-zum-verschenken-beste-marke-olivenol-gourmet-box-100ml-bio\\\/\",\"url\":\"https:\\\/\\\/www.senoriosderelleu.com\\\/de\\\/product\\\/erlebnis-zum-verschenken-beste-marke-olivenol-gourmet-box-100ml-bio\\\/\",\"name\":\"NATIVES OLIVEN\u00d6L EXTRA \u2013 GESCHENKPACKUNG TASCHENAUSGABE \u201eREGRESO A LOS OR\u00cdGENES: ORG\u00c1NICO\\\" (3 FLASCHEN \u00c0 100 ML) - Se\u00f1orios de Relleu\",\"isPartOf\":{\"@id\":\"https:\\\/\\\/www.senoriosderelleu.com\\\/#website\"},\"primaryImageOfPage\":{\"@id\":\"https:\\\/\\\/www.senoriosderelleu.com\\\/de\\\/product\\\/erlebnis-zum-verschenken-beste-marke-olivenol-gourmet-box-100ml-bio\\\/#primaryimage\"},\"image\":{\"@id\":\"https:\\\/\\\/www.senoriosderelleu.com\\\/de\\\/product\\\/erlebnis-zum-verschenken-beste-marke-olivenol-gourmet-box-100ml-bio\\\/#primaryimage\"},\"thumbnailUrl\":\"https:\\\/\\\/www.senoriosderelleu.com\\\/wp-content\\\/uploads\\\/2018\\\/06\\\/EDICI\u00d3N-DE-BOLSILLO-HISTORIAS-DE-SE\u00d1OR\u00cdOS-DE-RELLEU.-Organico-V5.png\",\"datePublished\":\"2018-06-06T15:09:59+00:00\",\"dateModified\":\"2021-02-15T07:40:06+00:00\",\"description\":\"Zum 100 j\u00e4hrigen Jubil\u00e4um unserer Mas\u00eda Teulad\u00ed haben wir f\u00fcr dieses vollkommen \u00f6kologische und nachhaltige native Oliven\u00f6l extra eine 100 ml-Geschenkverpackung entworfen. Ein Erlebnisgeschenk!\",\"breadcrumb\":{\"@id\":\"https:\\\/\\\/www.senoriosderelleu.com\\\/de\\\/product\\\/erlebnis-zum-verschenken-beste-marke-olivenol-gourmet-box-100ml-bio\\\/#breadcrumb\"},\"inLanguage\":\"de\",\"potentialAction\":[{\"@type\":\"ReadAction\",\"target\":[\"https:\\\/\\\/www.senoriosderelleu.com\\\/de\\\/product\\\/erlebnis-zum-verschenken-beste-marke-olivenol-gourmet-box-100ml-bio\\\/\"]}]},{\"@type\":\"ImageObject\",\"inLanguage\":\"de\",\"@id\":\"https:\\\/\\\/www.senoriosderelleu.com\\\/de\\\/product\\\/erlebnis-zum-verschenken-beste-marke-olivenol-gourmet-box-100ml-bio\\\/#primaryimage\",\"url\":\"https:\\\/\\\/www.senoriosderelleu.com\\\/wp-content\\\/uploads\\\/2018\\\/06\\\/EDICI\u00d3N-DE-BOLSILLO-HISTORIAS-DE-SE\u00d1OR\u00cdOS-DE-RELLEU.-Organico-V5.png\",\"contentUrl\":\"https:\\\/\\\/www.senoriosderelleu.com\\\/wp-content\\\/uploads\\\/2018\\\/06\\\/EDICI\u00d3N-DE-BOLSILLO-HISTORIAS-DE-SE\u00d1OR\u00cdOS-DE-RELLEU.-Organico-V5.png\",\"width\":1075,\"height\":1075},{\"@type\":\"BreadcrumbList\",\"@id\":\"https:\\\/\\\/www.senoriosderelleu.com\\\/de\\\/product\\\/erlebnis-zum-verschenken-beste-marke-olivenol-gourmet-box-100ml-bio\\\/#breadcrumb\",\"itemListElement\":[{\"@type\":\"ListItem\",\"position\":1,\"name\":\"Portada\",\"item\":\"https:\\\/\\\/www.senoriosderelleu.com\\\/de\\\/\"},{\"@type\":\"ListItem\",\"position\":2,\"name\":\"Produkte\",\"item\":\"https:\\\/\\\/www.senoriosderelleu.com\\\/de\\\/ich-kaufe-besser-natives-olivenoel-extra-gourmet-geschenke\\\/\"},{\"@type\":\"ListItem\",\"position\":3,\"name\":\"NATIVES OLIVEN\u00d6L EXTRA \u2013 GESCHENKPACKUNG TASCHENAUSGABE \u201eREGRESO A LOS OR\u00cdGENES: ORG\u00c1NICO&#8221; (3 FLASCHEN \u00c0 100 ML)\"}]},{\"@type\":\"WebSite\",\"@id\":\"https:\\\/\\\/www.senoriosderelleu.com\\\/#website\",\"url\":\"https:\\\/\\\/www.senoriosderelleu.com\\\/\",\"name\":\"Se\u00f1orios de Relleu | Aceite de Oliva Virgen Extra Gourmet\",\"description\":\"Mejor Aceite de Oliva Virgen Extra Gourmet Regalo Original de Alicante\",\"publisher\":{\"@id\":\"https:\\\/\\\/www.senoriosderelleu.com\\\/#organization\"},\"potentialAction\":[{\"@type\":\"SearchAction\",\"target\":{\"@type\":\"EntryPoint\",\"urlTemplate\":\"https:\\\/\\\/www.senoriosderelleu.com\\\/?s={search_term_string}\"},\"query-input\":{\"@type\":\"PropertyValueSpecification\",\"valueRequired\":true,\"valueName\":\"search_term_string\"}}],\"inLanguage\":\"de\"},{\"@type\":\"Organization\",\"@id\":\"https:\\\/\\\/www.senoriosderelleu.com\\\/#organization\",\"name\":\"Se\u00f1orios de Relleu\",\"url\":\"https:\\\/\\\/www.senoriosderelleu.com\\\/\",\"logo\":{\"@type\":\"ImageObject\",\"inLanguage\":\"de\",\"@id\":\"https:\\\/\\\/www.senoriosderelleu.com\\\/#\\\/schema\\\/logo\\\/image\\\/\",\"url\":\"https:\\\/\\\/www.senoriosderelleu.com\\\/wp-content\\\/uploads\\\/2015\\\/09\\\/sr_logo_4_opciones-Paula16022012_P\u00e1gina_3.jpg\",\"contentUrl\":\"https:\\\/\\\/www.senoriosderelleu.com\\\/wp-content\\\/uploads\\\/2015\\\/09\\\/sr_logo_4_opciones-Paula16022012_P\u00e1gina_3.jpg\",\"width\":1024,\"height\":724,\"caption\":\"Se\u00f1orios de Relleu\"},\"image\":{\"@id\":\"https:\\\/\\\/www.senoriosderelleu.com\\\/#\\\/schema\\\/logo\\\/image\\\/\"},\"sameAs\":[\"https:\\\/\\\/www.facebook.com\\\/SenoriosDeRelleu\\\/\",\"https:\\\/\\\/x.com\\\/SenoriosdRelleu\",\"https:\\\/\\\/www.instagram.com\\\/senoriosdrelleu\\\/\",\"https:\\\/\\\/www.youtube.com\\\/user\\\/SenoriosdeRelleu\"]}]}<\/script>\n<!-- \/ Yoast SEO plugin. -->","yoast_head_json":{"title":"NATIVES OLIVEN\u00d6L EXTRA \u2013 GESCHENKPACKUNG TASCHENAUSGABE \u201eREGRESO A LOS OR\u00cdGENES: ORG\u00c1NICO\" (3 FLASCHEN \u00c0 100 ML) - Se\u00f1orios de Relleu","description":"Zum 100 j\u00e4hrigen Jubil\u00e4um unserer Mas\u00eda Teulad\u00ed haben wir f\u00fcr dieses vollkommen \u00f6kologische und nachhaltige native Oliven\u00f6l extra eine 100 ml-Geschenkverpackung entworfen. Ein Erlebnisgeschenk!","robots":{"index":"index","follow":"follow","max-snippet":"max-snippet:-1","max-image-preview":"max-image-preview:large","max-video-preview":"max-video-preview:-1"},"canonical":"https:\/\/www.senoriosderelleu.com\/de\/product\/erlebnis-zum-verschenken-beste-marke-olivenol-gourmet-box-100ml-bio\/","twitter_card":"summary_large_image","twitter_title":"NATIVES OLIVEN\u00d6L EXTRA \u2013 GESCHENKPACKUNG TASCHENAUSGABE \u201eREGRESO A LOS OR\u00cdGENES: ORG\u00c1NICO\" (3 FLASCHEN \u00c0 100 ML) - Se\u00f1orios de Relleu","twitter_description":"Zum 100 j\u00e4hrigen Jubil\u00e4um unserer Mas\u00eda Teulad\u00ed haben wir f\u00fcr dieses vollkommen \u00f6kologische und nachhaltige native Oliven\u00f6l extra eine 100 ml-Geschenkverpackung entworfen. Ein Erlebnisgeschenk!","twitter_image":"https:\/\/www.senoriosderelleu.com\/wp-content\/uploads\/2018\/06\/EDICI\u00d3N-DE-BOLSILLO-HISTORIAS-DE-SE\u00d1OR\u00cdOS-DE-RELLEU.-Organico-V5.png","twitter_site":"@SenoriosdRelleu","twitter_misc":{"Gesch\u00e4tzte Lesezeit":"2\u00a0Minuten"},"schema":{"@context":"https:\/\/schema.org","@graph":[{"@type":"WebPage","@id":"https:\/\/www.senoriosderelleu.com\/de\/product\/erlebnis-zum-verschenken-beste-marke-olivenol-gourmet-box-100ml-bio\/","url":"https:\/\/www.senoriosderelleu.com\/de\/product\/erlebnis-zum-verschenken-beste-marke-olivenol-gourmet-box-100ml-bio\/","name":"NATIVES OLIVEN\u00d6L EXTRA \u2013 GESCHENKPACKUNG TASCHENAUSGABE \u201eREGRESO A LOS OR\u00cdGENES: ORG\u00c1NICO\" (3 FLASCHEN \u00c0 100 ML) - Se\u00f1orios de Relleu","isPartOf":{"@id":"https:\/\/www.senoriosderelleu.com\/#website"},"primaryImageOfPage":{"@id":"https:\/\/www.senoriosderelleu.com\/de\/product\/erlebnis-zum-verschenken-beste-marke-olivenol-gourmet-box-100ml-bio\/#primaryimage"},"image":{"@id":"https:\/\/www.senoriosderelleu.com\/de\/product\/erlebnis-zum-verschenken-beste-marke-olivenol-gourmet-box-100ml-bio\/#primaryimage"},"thumbnailUrl":"https:\/\/www.senoriosderelleu.com\/wp-content\/uploads\/2018\/06\/EDICI\u00d3N-DE-BOLSILLO-HISTORIAS-DE-SE\u00d1OR\u00cdOS-DE-RELLEU.-Organico-V5.png","datePublished":"2018-06-06T15:09:59+00:00","dateModified":"2021-02-15T07:40:06+00:00","description":"Zum 100 j\u00e4hrigen Jubil\u00e4um unserer Mas\u00eda Teulad\u00ed haben wir f\u00fcr dieses vollkommen \u00f6kologische und nachhaltige native Oliven\u00f6l extra eine 100 ml-Geschenkverpackung entworfen. Ein Erlebnisgeschenk!","breadcrumb":{"@id":"https:\/\/www.senoriosderelleu.com\/de\/product\/erlebnis-zum-verschenken-beste-marke-olivenol-gourmet-box-100ml-bio\/#breadcrumb"},"inLanguage":"de","potentialAction":[{"@type":"ReadAction","target":["https:\/\/www.senoriosderelleu.com\/de\/product\/erlebnis-zum-verschenken-beste-marke-olivenol-gourmet-box-100ml-bio\/"]}]},{"@type":"ImageObject","inLanguage":"de","@id":"https:\/\/www.senoriosderelleu.com\/de\/product\/erlebnis-zum-verschenken-beste-marke-olivenol-gourmet-box-100ml-bio\/#primaryimage","url":"https:\/\/www.senoriosderelleu.com\/wp-content\/uploads\/2018\/06\/EDICI\u00d3N-DE-BOLSILLO-HISTORIAS-DE-SE\u00d1OR\u00cdOS-DE-RELLEU.-Organico-V5.png","contentUrl":"https:\/\/www.senoriosderelleu.com\/wp-content\/uploads\/2018\/06\/EDICI\u00d3N-DE-BOLSILLO-HISTORIAS-DE-SE\u00d1OR\u00cdOS-DE-RELLEU.-Organico-V5.png","width":1075,"height":1075},{"@type":"BreadcrumbList","@id":"https:\/\/www.senoriosderelleu.com\/de\/product\/erlebnis-zum-verschenken-beste-marke-olivenol-gourmet-box-100ml-bio\/#breadcrumb","itemListElement":[{"@type":"ListItem","position":1,"name":"Portada","item":"https:\/\/www.senoriosderelleu.com\/de\/"},{"@type":"ListItem","position":2,"name":"Produkte","item":"https:\/\/www.senoriosderelleu.com\/de\/ich-kaufe-besser-natives-olivenoel-extra-gourmet-geschenke\/"},{"@type":"ListItem","position":3,"name":"NATIVES OLIVEN\u00d6L EXTRA \u2013 GESCHENKPACKUNG TASCHENAUSGABE \u201eREGRESO A LOS OR\u00cdGENES: ORG\u00c1NICO&#8221; (3 FLASCHEN \u00c0 100 ML)"}]},{"@type":"WebSite","@id":"https:\/\/www.senoriosderelleu.com\/#website","url":"https:\/\/www.senoriosderelleu.com\/","name":"Se\u00f1orios de Relleu | Aceite de Oliva Virgen Extra Gourmet","description":"Mejor Aceite de Oliva Virgen Extra Gourmet Regalo Original de Alicante","publisher":{"@id":"https:\/\/www.senoriosderelleu.com\/#organization"},"potentialAction":[{"@type":"SearchAction","target":{"@type":"EntryPoint","urlTemplate":"https:\/\/www.senoriosderelleu.com\/?s={search_term_string}"},"query-input":{"@type":"PropertyValueSpecification","valueRequired":true,"valueName":"search_term_string"}}],"inLanguage":"de"},{"@type":"Organization","@id":"https:\/\/www.senoriosderelleu.com\/#organization","name":"Se\u00f1orios de Relleu","url":"https:\/\/www.senoriosderelleu.com\/","logo":{"@type":"ImageObject","inLanguage":"de","@id":"https:\/\/www.senoriosderelleu.com\/#\/schema\/logo\/image\/","url":"https:\/\/www.senoriosderelleu.com\/wp-content\/uploads\/2015\/09\/sr_logo_4_opciones-Paula16022012_P\u00e1gina_3.jpg","contentUrl":"https:\/\/www.senoriosderelleu.com\/wp-content\/uploads\/2015\/09\/sr_logo_4_opciones-Paula16022012_P\u00e1gina_3.jpg","width":1024,"height":724,"caption":"Se\u00f1orios de Relleu"},"image":{"@id":"https:\/\/www.senoriosderelleu.com\/#\/schema\/logo\/image\/"},"sameAs":["https:\/\/www.facebook.com\/SenoriosDeRelleu\/","https:\/\/x.com\/SenoriosdRelleu","https:\/\/www.instagram.com\/senoriosdrelleu\/","https:\/\/www.youtube.com\/user\/SenoriosdeRelleu"]}]}},"_links":{"self":[{"href":"https:\/\/www.senoriosderelleu.com\/de\/wp-json\/wp\/v2\/product\/21258","targetHints":{"allow":["GET"]}}],"collection":[{"href":"https:\/\/www.senoriosderelleu.com\/de\/wp-json\/wp\/v2\/product"}],"about":[{"href":"https:\/\/www.senoriosderelleu.com\/de\/wp-json\/wp\/v2\/types\/product"}],"replies":[{"embeddable":true,"href":"https:\/\/www.senoriosderelleu.com\/de\/wp-json\/wp\/v2\/comments?post=21258"}],"wp:featuredmedia":[{"embeddable":true,"href":"https:\/\/www.senoriosderelleu.com\/de\/wp-json\/wp\/v2\/media\/21260"}],"wp:attachment":[{"href":"https:\/\/www.senoriosderelleu.com\/de\/wp-json\/wp\/v2\/media?parent=21258"}],"wp:term":[{"taxonomy":"product_brand","embeddable":true,"href":"https:\/\/www.senoriosderelleu.com\/de\/wp-json\/wp\/v2\/product_brand?post=21258"},{"taxonomy":"product_cat","embeddable":true,"href":"https:\/\/www.senoriosderelleu.com\/de\/wp-json\/wp\/v2\/product_cat?post=21258"},{"taxonomy":"product_tag","embeddable":true,"href":"https:\/\/www.senoriosderelleu.com\/de\/wp-json\/wp\/v2\/product_tag?post=21258"}],"curies":[{"name":"wp","href":"https:\/\/api.w.org\/{rel}","templated":true}]}}