{"id":21250,"date":"2020-03-18T22:59:09","date_gmt":"2020-03-18T22:59:09","guid":{"rendered":"https:\/\/www.senoriosderelleu.com\/product\/bag-in-box-aceite-de-oliva-virgen-extra-ecologico-coupage-3l\/"},"modified":"2021-02-15T07:40:41","modified_gmt":"2021-02-15T07:40:41","slug":"karaffen-3l-bestes-bio-olivenol-nativ-extra-gourmet","status":"publish","type":"product","link":"https:\/\/www.senoriosderelleu.com\/de\/produkt\/karaffen-3l-bestes-bio-olivenol-nativ-extra-gourmet\/","title":{"rendered":"BAG IN BOX &#8211; NATIVES OLIVEN\u00d6L EXTRA Organic Coupage 3 L."},"content":{"rendered":"<h3><span style=\"color: #000000;\">Bag in Box: neue innovative Verpackung<\/span><\/h3>\n<p>&nbsp;<\/p>\n<p><span style=\"color: #000000;\">Wir pr\u00e4sentieren unsere neuen Verpackungen <strong>Bag in Box<\/strong>\u00a0f\u00fcr unsere ganz besonderen Kunden. In diese \u00e4u\u00dferst innovative Verpackung im <strong>3-Liter-Format<\/strong> f\u00fcllen wir unsere nativen Oliven\u00f6le extra (NOE) der gehobenen Kategorie ab.<\/span><\/p>\n<p>&nbsp;<\/p>\n<h4><span style=\"color: #000000;\">Die besten Oliven\u00f6le der Berge von Alicante im Familienformat.<\/span><\/h4>\n<p>&nbsp;<\/p>\n<p><span style=\"color: #000000;\">Da bei uns viele Anfragen unserer Kunden eingegangen sind, die unsere Oliven\u00f6le gerne regelm\u00e4\u00dfig konsumieren w\u00fcrden, haben wir uns entschlossen, unsere Abf\u00fcllungen in der <strong>besten Verpackung<\/strong> zu pr\u00e4sentieren, in der <strong>hochwertiges natives Oliven\u00f6l extra erhalten bleibt.<\/strong><\/span><\/p>\n<p>&nbsp;<\/p>\n<p><span style=\"color: #000000;\">Indem wir unserer <strong>innovativen Philosophie <\/strong>der etwas anderen Verpackung treu bleiben, und als Vorreiter der \u00d6labf\u00fcllung in Aluminiumflaschen sowie der Herstellung von Designer\u00f6len aus einheimischen Sorten der Region Valencia, pr\u00e4sentieren wir im Rahmen unserer Markenphilosophie unsere \u00d6le nun in einer neuartigen Bag in Box-Verpackung. Nachfolgend erl\u00e4utern wir, woraus eine <strong>BIB (Bag in Box)<\/strong>\u00a0besteht und welche Vorteile sie gegen\u00fcber anderen Verpackungen bietet.<\/span><\/p>\n<p>&nbsp;<\/p>\n<p>&nbsp;<\/p>\n<h4><span style=\"color: #000000;\">Wussten Sie, dass natives Oliven\u00f6l extra 3 Feinde hat?<\/span><\/h4>\n<p>&nbsp;<\/p>\n<p><span style=\"color: #000000;\">Es gibt wenig Menschen, die wissen, dass <strong>Licht, Temperatur und Sauerstoff <\/strong>die Hauptfeinde von nativem Oliven\u00f6l extra sind<strong>.<\/strong><\/span><\/p>\n<p>&nbsp;<\/p>\n<p><span style=\"color: #000000;\"><strong>a) Licht<\/strong>: Licht und ultraviolette Strahlen lassen native Oliven\u00f6le schneller an Intensit\u00e4t verlieren. Daher f\u00fcllen Hersteller wie wir, die sich um die Qualit\u00e4t sorgen, unser fl\u00fcssiges Gold nur in dunkle oder lichtundurchl\u00e4ssige Flaschen ab. Hierbei ist allerdings zu erw\u00e4hnen, dass Glasflaschen immer etwas lichtdurchl\u00e4ssig sind.<\/span><\/p>\n<p>&nbsp;<\/p>\n<p><span style=\"color: #000000;\"><strong>b) Sauerstoff:<\/strong>Sauerstoff in einer Verpackung wirkt sich nicht gut auf den Qualit\u00e4tserhalt von nativem Oliven\u00f6l extra aus, und je gr\u00f6\u00dfer die Verpackung, umso mehr Sauerstoff gelangt beim Leeren derselben allm\u00e4hlich hinein.<\/span><\/p>\n<p>&nbsp;<\/p>\n<p><span style=\"color: #000000;\"><strong>c) Temperatur:<\/strong>Native Oliven\u00f6le extra sollten von W\u00e4rmequellen ferngehalten werden. Ideal w\u00e4re eine konstante Temperatur von ca. 16 \u00baC. Niedrige Temperaturen sind besser als hohe, doch dabei ist zu ber\u00fccksichtigen, dass NOE unter 8 \u00baC gefriert. Daher ist es auch nicht empfehlenswert, es im K\u00fchlschrank aufzubewahren.<\/span><\/p>\n<p>&nbsp;<\/p>\n<p><span style=\"color: #000000;\">Aus den vorher dargelegten Gr\u00fcnden (Licht und Sauerstoff) ist es nicht ratsam, hochwertiges natives Oliven\u00f6l extra aus gro\u00dfen, durchsichtigen Karaffen zu konsumieren. Und um hohe Temperatur zu vermeiden, sollten wir NOE an Orten aufbewahren, die kaum hohen Temperaturen ausgesetzt sind.<\/span><\/p>\n<p>&nbsp;<\/p>\n<p><span style=\"color: #000000;\">Diese<strong> 3 Feinde sollten also bei allen Verpackungen vermieden werden<\/strong>, um die <strong>frischen Aromen<\/strong> nach Gras, Tomate, Banane und Mandeln, an welche Premium-Oliven\u00f6le erinnern, <strong>bewahren<\/strong> zu k\u00f6nnen.<\/span><\/p>\n<p>&nbsp;<\/p>\n<p>&nbsp;<\/p>\n<h4><strong><span style=\"color: #000000;\">Warum ist die Bag in Box eine der besten Verpackungen, um natives Oliven\u00f6l extra aufzubewahren?<\/span><\/strong><\/h4>\n<p>&nbsp;<\/p>\n<p>&nbsp;<\/p>\n<p><span style=\"color: #000000;\">Die Bag in Box\u00a0<strong>besteht aus einem Pappkarton<\/strong>, der als Isolierung gegen\u00fcber Au\u00dfentemperaturen und Licht sch\u00fctzt.<strong> Im Inneren des Kartons ist ein Beutel, in dem sich das \u00d6l befindet.<\/strong>\u00a0Dieser Beutel hat einen tropffreien Dosierhahn und je mehr sich der Beutel leert, umso mehr zieht er sich zusammen. Auf diese Weise kann unm\u00f6glich Luft nach innen gelangen, weshalb die Haltbarkeit der NOE in dieser Verpackung im Vergleich zu traditionellen Verpackungen h\u00f6her ist.<\/span><\/p>\n<p>&nbsp;<\/p>\n<h4><span style=\"color: #000000;\">Vorteile der BIB (Bag in Box)<\/span><\/h4>\n<p>&nbsp;<\/p>\n<p><span style=\"color: #000000;\">a)\u00a0<strong>Die organoleptischen Eigenschaften und die Frische der \u00d6le bleiben intakt<\/strong>, weil das undurchsichtige Material vor Lichteinfall sch\u00fctzt und das \u00d6l zu keiner Zeit mit Sauerstoff in Kontakt kommt. Diese Frische kann <strong>sogar nach dem \u00d6ffnen <\/strong>bewahrt werden.<\/span><\/p>\n<p>&nbsp;<\/p>\n<p><span style=\"color: #000000;\">b) Die <strong>Verpackung ist vollkommen \u00f6kologisch und recycelbar<\/strong>, mit einer sehr niedrigen CO2-Bilanz. Durch ihr Design nimmt sie beim Transport weniger Platz ein. Au\u00dferdem kann sie gestapelt werden.<\/span><\/p>\n<p>&nbsp;<\/p>\n<p><span style=\"color: #000000;\">c)\u00a0<strong>Da sie aus Karton ist, kann nichts zu Bruch gehen.<\/strong> Sie eignet sich dadurch ideal f\u00fcr das Hotel- und Gastst\u00e4ttengewerbe.<\/span><\/p>\n<p>&nbsp;<\/p>\n<p><span style=\"color: #000000;\">d) Mit der<strong> Verpackung kann perfekt dosiert werden.<\/strong><\/span><\/p>\n<p>&nbsp;<\/p>\n<h3>Warum \u00f6kologische Landwirtschaft?<\/h3>\n<p>&nbsp;<\/p>\n<h3><\/h3>\n<p><span style=\"color: #000000;\">Die \u00f6kologische Landwirtschaft basiert auf einem Anbau, in dem nat\u00fcrliche Mittel genutzt werden, um Sch\u00e4dlinge zu bek\u00e4mpfen, die Fruchtbarkeit der B\u00f6den zu erhalten oder zu erh\u00f6hen, ohne den Einsatz synthetisch hergestellter chemischer Produkte wie D\u00fcngemitteln, Pestiziden oder \u00c4hnlichem, und in dem keine genetisch ver\u00e4nderten Organismen verwendet werden. Auf diese Weise erh\u00e4lt man Erzeugnisse, die nat\u00fcrlicher, ges\u00fcnder und nahrhafter sind. Au\u00dferdem wird durch die geringe Umweltbelastung die \u00f6kologische Nachhaltigkeit unterst\u00fctzt.<\/span><\/p>\n<p>&nbsp;<\/p>\n<p><img loading=\"lazy\" decoding=\"async\" class=\"size-medium wp-image-15811 aligncenter\" src=\"https:\/\/www.senoriosderelleu.com\/wp-content\/uploads\/2018\/04\/EU_Organic_Logo_Colour_OuterLine_rgb-300x200.jpg\" alt=\"Logo Europeo Agricultura Ecologica. European Logo Organic Agriculture\" width=\"300\" height=\"200\" srcset=\"https:\/\/www.senoriosderelleu.com\/wp-content\/uploads\/2018\/04\/EU_Organic_Logo_Colour_OuterLine_rgb-300x200.jpg 300w, https:\/\/www.senoriosderelleu.com\/wp-content\/uploads\/2018\/04\/EU_Organic_Logo_Colour_OuterLine_rgb-304x202.jpg 304w, https:\/\/www.senoriosderelleu.com\/wp-content\/uploads\/2018\/04\/EU_Organic_Logo_Colour_OuterLine_rgb.jpg 500w\" sizes=\"auto, (max-width: 300px) 100vw, 300px\" \/><\/p>\n<p><a href=\"https:\/\/www.senoriosderelleu.com\/caecv-nuevo-sello\/\"><img loading=\"lazy\" decoding=\"async\" class=\"aligncenter size-medium wp-image-20457\" src=\"https:\/\/www.senoriosderelleu.com\/wp-content\/uploads\/2020\/02\/CAECV-Nuevo-Sello-167x300.jpg\" alt=\"Sello Agricultura Ecologica Comunidad Valenciana\" width=\"167\" height=\"300\" srcset=\"https:\/\/www.senoriosderelleu.com\/wp-content\/uploads\/2020\/02\/CAECV-Nuevo-Sello-167x300.jpg 167w, https:\/\/www.senoriosderelleu.com\/wp-content\/uploads\/2020\/02\/CAECV-Nuevo-Sello-304x547.jpg 304w, https:\/\/www.senoriosderelleu.com\/wp-content\/uploads\/2020\/02\/CAECV-Nuevo-Sello-768x1383.jpg 768w, https:\/\/www.senoriosderelleu.com\/wp-content\/uploads\/2020\/02\/CAECV-Nuevo-Sello-569x1024.jpg 569w, https:\/\/www.senoriosderelleu.com\/wp-content\/uploads\/2020\/02\/CAECV-Nuevo-Sello-700x1260.jpg 700w, https:\/\/www.senoriosderelleu.com\/wp-content\/uploads\/2020\/02\/CAECV-Nuevo-Sello.jpg 600w\" sizes=\"auto, (max-width: 167px) 100vw, 167px\" \/><\/a><a href=\"https:\/\/www.senoriosderelleu.com\/de\/konsum\/kombination-von-olivenoel-und-speisen\/\">Klicken Sie hier, um die Tabelle mit Kombinationen f\u00fcr dieses Oliven\u00f6l zu sehen<\/a><\/p>\n","protected":false},"excerpt":{"rendered":"<h4><span style=\"color: #000000;\">Verpackung <strong>Bag In Box 3 L Bio Coupage<\/strong>. Mischung einheimischer Sorte aus den Berggebieten von Alicante. \u00d6kologischer Anbau mit ausgewogenem Geschmack.<\/span><\/h4>\n","protected":false},"featured_media":32175,"comment_status":"closed","ping_status":"closed","template":"","meta":[],"product_brand":[],"product_cat":[835,832],"product_tag":[808,809,810,811,812,836,813,814,815,816,817,818],"class_list":{"0":"post-21250","1":"product","2":"type-product","3":"status-publish","4":"has-post-thumbnail","6":"product_cat-bag-in-box-beste-verpackung-verwendung-in-kueche-olivenol","7":"product_cat-bestes-natives-olivenol-extra-organisch-bio-gourmet","8":"product_tag-aceite-de","9":"product_tag-aceite-de-oliva-de","10":"product_tag-aceite-de-oliva-virgen-extra-de","11":"product_tag-agricultura-de-montana-de","12":"product_tag-aove-de","13":"product_tag-bag-in-box-de","14":"product_tag-botellas-de-aluminio-de","15":"product_tag-coupage-de","16":"product_tag-extraccion-en-frio-de","17":"product_tag-olivos-monumentales-de","18":"product_tag-premios-de","19":"product_tag-produccion-limitada-de","20":"pa_envase-bag-in-box-de","21":"pa_gama-organic-de","22":"pa_presentacion-3-litros-de","24":"first","25":"instock","26":"taxable","27":"shipping-taxable","28":"purchasable","29":"product-type-simple"},"yoast_head":"<!-- This site is optimized with the Yoast SEO plugin v27.6 - https:\/\/yoast.com\/product\/yoast-seo-wordpress\/ -->\n<title>BAG IN BOX - NATIVES OLIVEN\u00d6L EXTRA Organic Coupage 3 L. - Se\u00f1orios de Relleu<\/title>\n<meta name=\"description\" content=\"Verpackung Bag In Box 3 L Bio Coupage. Mischung einheimischer Sorte aus den Berggebieten von Alicante. \u00d6kologischer Anbau mit ausgewogenem Geschmack.\" \/>\n<meta name=\"robots\" content=\"index, follow, max-snippet:-1, max-image-preview:large, max-video-preview:-1\" \/>\n<link rel=\"canonical\" href=\"https:\/\/www.senoriosderelleu.com\/produkt\/garrafas-aceite-ecologico-3l-bag-in-box\/\" \/>\n<meta name=\"twitter:card\" content=\"summary_large_image\" \/>\n<meta name=\"twitter:title\" content=\"BAG IN BOX - NATIVES OLIVEN\u00d6L EXTRA Organic Coupage 3 L. - Se\u00f1orios de Relleu\" \/>\n<meta name=\"twitter:description\" content=\"Verpackung Bag In Box 3 L Bio Coupage. Mischung einheimischer Sorte aus den Berggebieten von Alicante. \u00d6kologischer Anbau mit ausgewogenem Geschmack.\" \/>\n<meta name=\"twitter:image\" content=\"https:\/\/www.senoriosderelleu.com\/wp-content\/uploads\/2020\/03\/SENORIOS-DE-RELLEU-BIB-1.jpg\" \/>\n<meta name=\"twitter:site\" content=\"@SenoriosdRelleu\" \/>\n<meta name=\"twitter:label1\" content=\"Gesch\u00e4tzte Lesezeit\" \/>\n\t<meta name=\"twitter:data1\" content=\"4\u00a0Minuten\" \/>\n<script type=\"application\/ld+json\" class=\"yoast-schema-graph\">{\"@context\":\"https:\\\/\\\/schema.org\",\"@graph\":[{\"@type\":\"WebPage\",\"@id\":\"https:\\\/\\\/www.senoriosderelleu.com\\\/produkt\\\/garrafas-aceite-ecologico-3l-bag-in-box\\\/\",\"url\":\"https:\\\/\\\/www.senoriosderelleu.com\\\/produkt\\\/garrafas-aceite-ecologico-3l-bag-in-box\\\/\",\"name\":\"BAG IN BOX - NATIVES OLIVEN\u00d6L EXTRA Organic Coupage 3 L. - Se\u00f1orios de Relleu\",\"isPartOf\":{\"@id\":\"https:\\\/\\\/www.senoriosderelleu.com\\\/#website\"},\"primaryImageOfPage\":{\"@id\":\"https:\\\/\\\/www.senoriosderelleu.com\\\/produkt\\\/garrafas-aceite-ecologico-3l-bag-in-box\\\/#primaryimage\"},\"image\":{\"@id\":\"https:\\\/\\\/www.senoriosderelleu.com\\\/produkt\\\/garrafas-aceite-ecologico-3l-bag-in-box\\\/#primaryimage\"},\"thumbnailUrl\":\"https:\\\/\\\/www.senoriosderelleu.com\\\/wp-content\\\/uploads\\\/2020\\\/03\\\/SENORIOS-DE-RELLEU-BIB-1.jpg\",\"datePublished\":\"2020-03-18T22:59:09+00:00\",\"dateModified\":\"2021-02-15T07:40:41+00:00\",\"description\":\"Verpackung Bag In Box 3 L Bio Coupage. Mischung einheimischer Sorte aus den Berggebieten von Alicante. \u00d6kologischer Anbau mit ausgewogenem Geschmack.\",\"breadcrumb\":{\"@id\":\"https:\\\/\\\/www.senoriosderelleu.com\\\/produkt\\\/garrafas-aceite-ecologico-3l-bag-in-box\\\/#breadcrumb\"},\"inLanguage\":\"de\",\"potentialAction\":[{\"@type\":\"ReadAction\",\"target\":[\"https:\\\/\\\/www.senoriosderelleu.com\\\/produkt\\\/garrafas-aceite-ecologico-3l-bag-in-box\\\/\"]}]},{\"@type\":\"ImageObject\",\"inLanguage\":\"de\",\"@id\":\"https:\\\/\\\/www.senoriosderelleu.com\\\/produkt\\\/garrafas-aceite-ecologico-3l-bag-in-box\\\/#primaryimage\",\"url\":\"https:\\\/\\\/www.senoriosderelleu.com\\\/wp-content\\\/uploads\\\/2020\\\/03\\\/SENORIOS-DE-RELLEU-BIB-1.jpg\",\"contentUrl\":\"https:\\\/\\\/www.senoriosderelleu.com\\\/wp-content\\\/uploads\\\/2020\\\/03\\\/SENORIOS-DE-RELLEU-BIB-1.jpg\",\"width\":1600,\"height\":1600,\"caption\":\"Aceite de Oliva Virgen Extra Ecologico 3 L Bag In Box\"},{\"@type\":\"BreadcrumbList\",\"@id\":\"https:\\\/\\\/www.senoriosderelleu.com\\\/produkt\\\/garrafas-aceite-ecologico-3l-bag-in-box\\\/#breadcrumb\",\"itemListElement\":[{\"@type\":\"ListItem\",\"position\":1,\"name\":\"Portada\",\"item\":\"https:\\\/\\\/www.senoriosderelleu.com\\\/de\\\/\"},{\"@type\":\"ListItem\",\"position\":2,\"name\":\"Produkte\",\"item\":\"https:\\\/\\\/www.senoriosderelleu.com\\\/de\\\/ich-kaufe-besser-natives-olivenoel-extra-gourmet-geschenke\\\/\"},{\"@type\":\"ListItem\",\"position\":3,\"name\":\"BAG IN BOX &#8211; NATIVES OLIVEN\u00d6L EXTRA Organic Coupage 3 L.\"}]},{\"@type\":\"WebSite\",\"@id\":\"https:\\\/\\\/www.senoriosderelleu.com\\\/#website\",\"url\":\"https:\\\/\\\/www.senoriosderelleu.com\\\/\",\"name\":\"Se\u00f1orios de Relleu | Aceite de Oliva Virgen Extra Gourmet\",\"description\":\"Mejor Aceite de Oliva Virgen Extra Gourmet Regalo Original de Alicante\",\"publisher\":{\"@id\":\"https:\\\/\\\/www.senoriosderelleu.com\\\/#organization\"},\"potentialAction\":[{\"@type\":\"SearchAction\",\"target\":{\"@type\":\"EntryPoint\",\"urlTemplate\":\"https:\\\/\\\/www.senoriosderelleu.com\\\/?s={search_term_string}\"},\"query-input\":{\"@type\":\"PropertyValueSpecification\",\"valueRequired\":true,\"valueName\":\"search_term_string\"}}],\"inLanguage\":\"de\"},{\"@type\":\"Organization\",\"@id\":\"https:\\\/\\\/www.senoriosderelleu.com\\\/#organization\",\"name\":\"Se\u00f1orios de Relleu\",\"url\":\"https:\\\/\\\/www.senoriosderelleu.com\\\/\",\"logo\":{\"@type\":\"ImageObject\",\"inLanguage\":\"de\",\"@id\":\"https:\\\/\\\/www.senoriosderelleu.com\\\/#\\\/schema\\\/logo\\\/image\\\/\",\"url\":\"https:\\\/\\\/www.senoriosderelleu.com\\\/wp-content\\\/uploads\\\/2015\\\/09\\\/sr_logo_4_opciones-Paula16022012_P\u00e1gina_3.jpg\",\"contentUrl\":\"https:\\\/\\\/www.senoriosderelleu.com\\\/wp-content\\\/uploads\\\/2015\\\/09\\\/sr_logo_4_opciones-Paula16022012_P\u00e1gina_3.jpg\",\"width\":1024,\"height\":724,\"caption\":\"Se\u00f1orios de Relleu\"},\"image\":{\"@id\":\"https:\\\/\\\/www.senoriosderelleu.com\\\/#\\\/schema\\\/logo\\\/image\\\/\"},\"sameAs\":[\"https:\\\/\\\/www.facebook.com\\\/SenoriosDeRelleu\\\/\",\"https:\\\/\\\/x.com\\\/SenoriosdRelleu\",\"https:\\\/\\\/www.instagram.com\\\/senoriosdrelleu\\\/\",\"https:\\\/\\\/www.youtube.com\\\/user\\\/SenoriosdeRelleu\"]}]}<\/script>\n<!-- \/ Yoast SEO plugin. -->","yoast_head_json":{"title":"BAG IN BOX - NATIVES OLIVEN\u00d6L EXTRA Organic Coupage 3 L. - Se\u00f1orios de Relleu","description":"Verpackung Bag In Box 3 L Bio Coupage. Mischung einheimischer Sorte aus den Berggebieten von Alicante. \u00d6kologischer Anbau mit ausgewogenem Geschmack.","robots":{"index":"index","follow":"follow","max-snippet":"max-snippet:-1","max-image-preview":"max-image-preview:large","max-video-preview":"max-video-preview:-1"},"canonical":"https:\/\/www.senoriosderelleu.com\/produkt\/garrafas-aceite-ecologico-3l-bag-in-box\/","twitter_card":"summary_large_image","twitter_title":"BAG IN BOX - NATIVES OLIVEN\u00d6L EXTRA Organic Coupage 3 L. - Se\u00f1orios de Relleu","twitter_description":"Verpackung Bag In Box 3 L Bio Coupage. Mischung einheimischer Sorte aus den Berggebieten von Alicante. \u00d6kologischer Anbau mit ausgewogenem Geschmack.","twitter_image":"https:\/\/www.senoriosderelleu.com\/wp-content\/uploads\/2020\/03\/SENORIOS-DE-RELLEU-BIB-1.jpg","twitter_site":"@SenoriosdRelleu","twitter_misc":{"Gesch\u00e4tzte Lesezeit":"4\u00a0Minuten"},"schema":{"@context":"https:\/\/schema.org","@graph":[{"@type":"WebPage","@id":"https:\/\/www.senoriosderelleu.com\/produkt\/garrafas-aceite-ecologico-3l-bag-in-box\/","url":"https:\/\/www.senoriosderelleu.com\/produkt\/garrafas-aceite-ecologico-3l-bag-in-box\/","name":"BAG IN BOX - NATIVES OLIVEN\u00d6L EXTRA Organic Coupage 3 L. - Se\u00f1orios de Relleu","isPartOf":{"@id":"https:\/\/www.senoriosderelleu.com\/#website"},"primaryImageOfPage":{"@id":"https:\/\/www.senoriosderelleu.com\/produkt\/garrafas-aceite-ecologico-3l-bag-in-box\/#primaryimage"},"image":{"@id":"https:\/\/www.senoriosderelleu.com\/produkt\/garrafas-aceite-ecologico-3l-bag-in-box\/#primaryimage"},"thumbnailUrl":"https:\/\/www.senoriosderelleu.com\/wp-content\/uploads\/2020\/03\/SENORIOS-DE-RELLEU-BIB-1.jpg","datePublished":"2020-03-18T22:59:09+00:00","dateModified":"2021-02-15T07:40:41+00:00","description":"Verpackung Bag In Box 3 L Bio Coupage. Mischung einheimischer Sorte aus den Berggebieten von Alicante. \u00d6kologischer Anbau mit ausgewogenem Geschmack.","breadcrumb":{"@id":"https:\/\/www.senoriosderelleu.com\/produkt\/garrafas-aceite-ecologico-3l-bag-in-box\/#breadcrumb"},"inLanguage":"de","potentialAction":[{"@type":"ReadAction","target":["https:\/\/www.senoriosderelleu.com\/produkt\/garrafas-aceite-ecologico-3l-bag-in-box\/"]}]},{"@type":"ImageObject","inLanguage":"de","@id":"https:\/\/www.senoriosderelleu.com\/produkt\/garrafas-aceite-ecologico-3l-bag-in-box\/#primaryimage","url":"https:\/\/www.senoriosderelleu.com\/wp-content\/uploads\/2020\/03\/SENORIOS-DE-RELLEU-BIB-1.jpg","contentUrl":"https:\/\/www.senoriosderelleu.com\/wp-content\/uploads\/2020\/03\/SENORIOS-DE-RELLEU-BIB-1.jpg","width":1600,"height":1600,"caption":"Aceite de Oliva Virgen Extra Ecologico 3 L Bag In Box"},{"@type":"BreadcrumbList","@id":"https:\/\/www.senoriosderelleu.com\/produkt\/garrafas-aceite-ecologico-3l-bag-in-box\/#breadcrumb","itemListElement":[{"@type":"ListItem","position":1,"name":"Portada","item":"https:\/\/www.senoriosderelleu.com\/de\/"},{"@type":"ListItem","position":2,"name":"Produkte","item":"https:\/\/www.senoriosderelleu.com\/de\/ich-kaufe-besser-natives-olivenoel-extra-gourmet-geschenke\/"},{"@type":"ListItem","position":3,"name":"BAG IN BOX &#8211; NATIVES OLIVEN\u00d6L EXTRA Organic Coupage 3 L."}]},{"@type":"WebSite","@id":"https:\/\/www.senoriosderelleu.com\/#website","url":"https:\/\/www.senoriosderelleu.com\/","name":"Se\u00f1orios de Relleu | Aceite de Oliva Virgen Extra Gourmet","description":"Mejor Aceite de Oliva Virgen Extra Gourmet Regalo Original de Alicante","publisher":{"@id":"https:\/\/www.senoriosderelleu.com\/#organization"},"potentialAction":[{"@type":"SearchAction","target":{"@type":"EntryPoint","urlTemplate":"https:\/\/www.senoriosderelleu.com\/?s={search_term_string}"},"query-input":{"@type":"PropertyValueSpecification","valueRequired":true,"valueName":"search_term_string"}}],"inLanguage":"de"},{"@type":"Organization","@id":"https:\/\/www.senoriosderelleu.com\/#organization","name":"Se\u00f1orios de Relleu","url":"https:\/\/www.senoriosderelleu.com\/","logo":{"@type":"ImageObject","inLanguage":"de","@id":"https:\/\/www.senoriosderelleu.com\/#\/schema\/logo\/image\/","url":"https:\/\/www.senoriosderelleu.com\/wp-content\/uploads\/2015\/09\/sr_logo_4_opciones-Paula16022012_P\u00e1gina_3.jpg","contentUrl":"https:\/\/www.senoriosderelleu.com\/wp-content\/uploads\/2015\/09\/sr_logo_4_opciones-Paula16022012_P\u00e1gina_3.jpg","width":1024,"height":724,"caption":"Se\u00f1orios de Relleu"},"image":{"@id":"https:\/\/www.senoriosderelleu.com\/#\/schema\/logo\/image\/"},"sameAs":["https:\/\/www.facebook.com\/SenoriosDeRelleu\/","https:\/\/x.com\/SenoriosdRelleu","https:\/\/www.instagram.com\/senoriosdrelleu\/","https:\/\/www.youtube.com\/user\/SenoriosdeRelleu"]}]}},"_links":{"self":[{"href":"https:\/\/www.senoriosderelleu.com\/de\/wp-json\/wp\/v2\/product\/21250","targetHints":{"allow":["GET"]}}],"collection":[{"href":"https:\/\/www.senoriosderelleu.com\/de\/wp-json\/wp\/v2\/product"}],"about":[{"href":"https:\/\/www.senoriosderelleu.com\/de\/wp-json\/wp\/v2\/types\/product"}],"replies":[{"embeddable":true,"href":"https:\/\/www.senoriosderelleu.com\/de\/wp-json\/wp\/v2\/comments?post=21250"}],"wp:featuredmedia":[{"embeddable":true,"href":"https:\/\/www.senoriosderelleu.com\/de\/wp-json\/wp\/v2\/media\/32175"}],"wp:attachment":[{"href":"https:\/\/www.senoriosderelleu.com\/de\/wp-json\/wp\/v2\/media?parent=21250"}],"wp:term":[{"taxonomy":"product_brand","embeddable":true,"href":"https:\/\/www.senoriosderelleu.com\/de\/wp-json\/wp\/v2\/product_brand?post=21250"},{"taxonomy":"product_cat","embeddable":true,"href":"https:\/\/www.senoriosderelleu.com\/de\/wp-json\/wp\/v2\/product_cat?post=21250"},{"taxonomy":"product_tag","embeddable":true,"href":"https:\/\/www.senoriosderelleu.com\/de\/wp-json\/wp\/v2\/product_tag?post=21250"}],"curies":[{"name":"wp","href":"https:\/\/api.w.org\/{rel}","templated":true}]}}