{"id":35011,"date":"2023-09-15T07:57:06","date_gmt":"2023-09-15T07:57:06","guid":{"rendered":"https:\/\/www.senoriosderelleu.com\/datenschutzrichtlinie\/"},"modified":"2024-02-26T17:34:27","modified_gmt":"2024-02-26T17:34:27","slug":"datenschutzrichtlinie","status":"publish","type":"page","link":"https:\/\/www.senoriosderelleu.com\/de\/datenschutzrichtlinie\/","title":{"rendered":"Datenschutzrichtlinien"},"content":{"rendered":"<div class=\"wpb-content-wrapper\">[vc_row css_animation=&#8221;&#8221; row_type=&#8221;row&#8221; use_row_as_full_screen_section=&#8221;no&#8221; type=&#8221;full_width&#8221; angled_section=&#8221;no&#8221; text_align=&#8221;left&#8221; background_image_as_pattern=&#8221;without_pattern&#8221;][vc_column][vc_column_text]Se\u00f1orios de Relleu SL garantiza a los usuarios de la p\u00e1gina web que cumple con el Reglamento General de Protecci\u00f3n de Datos (UE) 2016\/679, y con la Ley Org\u00e1nica 3\/2018, de 5 de diciembre, de Protecci\u00f3n de Datos Personales y garant\u00eda de los derechos digitales y que ha establecido las medidas de seguridad exigidas por las leyes y reglamentos destinados a preservar el secreto, confidencialidad e integridad en el tratamiento de sus datos personales.<\/p>\n<p>&nbsp;<\/p>\n<p>Dichos datos personales ser\u00e1n utilizados en la forma y con las limitaciones y derechos que concede la protecci\u00f3n de datos de car\u00e1cter personal.<\/p>\n<p>&nbsp;<\/p>\n<p>La recogida y tratamiento de los datos personales solicitados tiene como finalidad la atenci\u00f3n al usuario, tanto administrativa como comercial. Se\u00f1orios de Relleu SL se compromete a guardar la m\u00e1xima reserva, secreto y confidencialidad sobre la informaci\u00f3n de los datos personales que tiene a su disposici\u00f3n. Usted tiene derecho a obtener confirmaci\u00f3n sobre si en SE\u00d1ORIOS DE RELLEU SL estamos tratando sus datos personales por tanto tiene derecho a acceder a sus datos personales, rectificar los datos inexacto o solicitar su supresi\u00f3n cuando los datos ya no sean necesarios para los fines que fueron recogidos.<\/p>\n[\/vc_column_text][\/vc_column][\/vc_row][vc_row css_animation=&#8221;&#8221; row_type=&#8221;row&#8221; use_row_as_full_screen_section=&#8221;no&#8221; type=&#8221;full_width&#8221; angled_section=&#8221;no&#8221; text_align=&#8221;left&#8221; background_image_as_pattern=&#8221;without_pattern&#8221;][vc_column][vc_empty_space height=&#8221;40px&#8221;][\/vc_column][\/vc_row][vc_row css_animation=&#8221;&#8221; row_type=&#8221;row&#8221; use_row_as_full_screen_section=&#8221;no&#8221; type=&#8221;full_width&#8221; angled_section=&#8221;no&#8221; text_align=&#8221;left&#8221; background_image_as_pattern=&#8221;without_pattern&#8221;][vc_column][vc_column_text]\n<table class=\" alignleft\" style=\"height: 1882px;\" width=\"775\">\n<tbody>\n<tr>\n<td colspan=\"3\" width=\"693\">Informaci\u00f3n adicional sobre protecci\u00f3n de datos.<\/td>\n<\/tr>\n<tr>\n<td width=\"106\">Responsable<\/td>\n<td colspan=\"2\" width=\"587\">Se\u00f1or\u00edos de Relleu, SLU<\/p>\n<p>CIF: B54504477<\/p>\n<p>Direcci\u00f3n: Calle Morat\u00edn 15, entl. Of. 6 y 7 03008 Alicante<\/p>\n<p>Tel\u00e9fono: 965984446<\/td>\n<\/tr>\n<tr>\n<td width=\"106\">Finalidad<\/td>\n<td width=\"293\">Gesti\u00f3n de consultas recibidas a trav\u00e9s de la web:<\/p>\n<p>Se podr\u00e1 elaborar perfiles de clientes en base a las consultas registradas con objeto de enviar informaci\u00f3n de los productos y\/o servicios de forma m\u00e1s personalizada. En ning\u00fan caso este hecho permitir\u00e1 la toma de decisiones automatizadas en relaci\u00f3n a la prestaci\u00f3n o no del servicio.<\/p>\n<p>Los datos ser\u00e1n destruidos pasados 5 a\u00f1os desde la fecha de la consulta<\/td>\n<td width=\"293\">Gesti\u00f3n de pedidos: recepci\u00f3n, tramitaci\u00f3n y env\u00edo del pedido.<\/p>\n<p>Gesti\u00f3n de clientes:<\/p>\n<p>Contactar en caso de necesidad.<\/p>\n<p>Hist\u00f3rico transacciones comerciales.<\/p>\n<p>Env\u00edo de informaci\u00f3n sobre los productos y\/o servicios.<\/p>\n<p>Se podr\u00e1 elaborar perfiles de clientes en base a las ventas registradas con objeto de enviar informaci\u00f3n de los productos y\/o servicios de forma m\u00e1s personalizada. En ning\u00fan caso este hecho permitir\u00e1 la toma de decisiones automatizadas en relaci\u00f3n a la prestaci\u00f3n o no del servicio.<\/p>\n<p>Los datos ser\u00e1n destruidos pasados 5 a\u00f1os desde la \u00faltima operaci\u00f3n de venta registrada en la ficha del cliente salvo que est\u00e9 pendiente de cobro<\/td>\n<\/tr>\n<tr>\n<td width=\"106\">Legitimaci\u00f3n<\/td>\n<td width=\"293\">Los datos se trataran bajo su consentimiento.<\/p>\n<p>En caso de no prestar su consentimiento no podremos tratar sus datos por lo que no podremos gestionar sus consultas.<\/td>\n<td width=\"293\">Los datos se trataran bajo su consentimiento.<\/p>\n<p>En caso de no prestar su consentimiento no podremos tratar su por lo que no podremos contactar con usted en caso de necesidad y\/o guardar el hist\u00f3rico de sus transacciones comerciales y\/o enviarle informaci\u00f3n sobre nuestros productos y\/o servicios.<\/td>\n<\/tr>\n<tr>\n<td width=\"106\">Destinatarios<\/td>\n<td colspan=\"2\" width=\"587\">Se\u00f1or\u00edos de Relleu, SLU<\/p>\n<p>Los datos no se ceder\u00e1n a terceros salvo en los casos legalmente establecidos.<\/p>\n<p>No se transferir\u00e1n los datos a terceros pa\u00edses.<\/p>\n<p>Se\u00f1or\u00edos de Relleu, SLU contar\u00e1 con el apoyo de otras empresas que actuar\u00e1n como encargados del tratamiento, en particular para la creaci\u00f3n y mantenimiento de la p\u00e1gina web, con quienes firmar\u00e1 el correspondiente contrato de encargado.<\/td>\n<\/tr>\n<tr>\n<td width=\"106\">Derechos<\/td>\n<td colspan=\"2\" width=\"587\">Cualquier persona tiene derecho a obtener confirmaci\u00f3n sobre si estamos tratando datos que le conciernen o no. En caso afirmativo tiene derecho a:<\/p>\n<p>Solicitar el acceso a sus datos personales.<\/p>\n<p>Solicitar su rectificaci\u00f3n o supresi\u00f3n de sus datos.<\/p>\n<p>Solicitar la limitaci\u00f3n de su tratamiento.<\/p>\n<p>Oponerse al tratamiento.<\/p>\n<p>La portabilidad de sus datos<\/p>\n<p>Usted tiene el derecho a revocar el consentimiento.<\/p>\n<p>Para ejercer sus derechos por favor dir\u00edjase a esta empresa identific\u00e1ndose e indic\u00e1ndonos su solicitud.<\/p>\n<p>Adem\u00e1s tiene el derecho a reclamar ante la Agencia Espa\u00f1ola de Protecci\u00f3n de datos sobre cualquier asunto relativo al tratamiento de sus datos personales.<\/td>\n<\/tr>\n<\/tbody>\n<\/table>\n[\/vc_column_text][\/vc_column][\/vc_row]\n<\/div>","protected":false},"excerpt":{"rendered":"<p>[vc_row css_animation=&#8221;&#8221; row_type=&#8221;row&#8221; use_row_as_full_screen_section=&#8221;no&#8221; type=&#8221;full_width&#8221; angled_section=&#8221;no&#8221; text_align=&#8221;left&#8221; background_image_as_pattern=&#8221;without_pattern&#8221;][vc_column][vc_column_text]Se\u00f1orios de Relleu SL garantiza a los usuarios de la p\u00e1gina web que cumple con el Reglamento General de Protecci\u00f3n de Datos (UE) 2016\/679, y con la Ley Org\u00e1nica 3\/2018, de 5 de diciembre, de Protecci\u00f3n de Datos&#8230;<\/p>\n","protected":false},"author":1,"featured_media":0,"parent":0,"menu_order":0,"comment_status":"closed","ping_status":"closed","template":"","meta":{"footnotes":""},"class_list":["post-35011","page","type-page","status-publish","hentry"],"yoast_head":"<!-- This site is optimized with the Yoast SEO plugin v27.6 - https:\/\/yoast.com\/product\/yoast-seo-wordpress\/ -->\n<title>Datenschutzrichtlinien - Se\u00f1orios de Relleu | Aceite de Oliva Virgen Extra Gourmet<\/title>\n<meta name=\"description\" content=\"Os presentamos nuestra la politica de privacidad de nuestra web.\" \/>\n<meta name=\"robots\" content=\"index, follow, max-snippet:-1, max-image-preview:large, max-video-preview:-1\" \/>\n<link rel=\"canonical\" href=\"https:\/\/www.senoriosderelleu.com\/de\/datenschutzrichtlinie\/\" \/>\n<meta name=\"twitter:card\" content=\"summary_large_image\" \/>\n<meta name=\"twitter:title\" content=\"Datenschutzrichtlinien - Se\u00f1orios de Relleu | Aceite de Oliva Virgen Extra Gourmet\" \/>\n<meta name=\"twitter:description\" content=\"Os presentamos nuestra la politica de privacidad de nuestra web.\" \/>\n<meta name=\"twitter:site\" content=\"@SenoriosdRelleu\" \/>\n<meta name=\"twitter:label1\" content=\"Gesch\u00e4tzte Lesezeit\" \/>\n\t<meta name=\"twitter:data1\" content=\"4\u00a0Minuten\" \/>\n<script type=\"application\/ld+json\" class=\"yoast-schema-graph\">{\"@context\":\"https:\\\/\\\/schema.org\",\"@graph\":[{\"@type\":\"WebPage\",\"@id\":\"https:\\\/\\\/www.senoriosderelleu.com\\\/de\\\/datenschutzrichtlinie\\\/\",\"url\":\"https:\\\/\\\/www.senoriosderelleu.com\\\/de\\\/datenschutzrichtlinie\\\/\",\"name\":\"Datenschutzrichtlinien - Se\u00f1orios de Relleu | Aceite de Oliva Virgen Extra Gourmet\",\"isPartOf\":{\"@id\":\"https:\\\/\\\/www.senoriosderelleu.com\\\/#website\"},\"datePublished\":\"2023-09-15T07:57:06+00:00\",\"dateModified\":\"2024-02-26T17:34:27+00:00\",\"description\":\"Os presentamos nuestra la politica de privacidad de nuestra web.\",\"breadcrumb\":{\"@id\":\"https:\\\/\\\/www.senoriosderelleu.com\\\/de\\\/datenschutzrichtlinie\\\/#breadcrumb\"},\"inLanguage\":\"de\",\"potentialAction\":[{\"@type\":\"ReadAction\",\"target\":[\"https:\\\/\\\/www.senoriosderelleu.com\\\/de\\\/datenschutzrichtlinie\\\/\"]}]},{\"@type\":\"BreadcrumbList\",\"@id\":\"https:\\\/\\\/www.senoriosderelleu.com\\\/de\\\/datenschutzrichtlinie\\\/#breadcrumb\",\"itemListElement\":[{\"@type\":\"ListItem\",\"position\":1,\"name\":\"Portada\",\"item\":\"https:\\\/\\\/www.senoriosderelleu.com\\\/de\\\/\"},{\"@type\":\"ListItem\",\"position\":2,\"name\":\"Datenschutzrichtlinien\"}]},{\"@type\":\"WebSite\",\"@id\":\"https:\\\/\\\/www.senoriosderelleu.com\\\/#website\",\"url\":\"https:\\\/\\\/www.senoriosderelleu.com\\\/\",\"name\":\"Se\u00f1orios de Relleu | Aceite de Oliva Virgen Extra Gourmet\",\"description\":\"Mejor Aceite de Oliva Virgen Extra Gourmet Regalo Original de Alicante\",\"publisher\":{\"@id\":\"https:\\\/\\\/www.senoriosderelleu.com\\\/#organization\"},\"potentialAction\":[{\"@type\":\"SearchAction\",\"target\":{\"@type\":\"EntryPoint\",\"urlTemplate\":\"https:\\\/\\\/www.senoriosderelleu.com\\\/?s={search_term_string}\"},\"query-input\":{\"@type\":\"PropertyValueSpecification\",\"valueRequired\":true,\"valueName\":\"search_term_string\"}}],\"inLanguage\":\"de\"},{\"@type\":\"Organization\",\"@id\":\"https:\\\/\\\/www.senoriosderelleu.com\\\/#organization\",\"name\":\"Se\u00f1orios de Relleu\",\"url\":\"https:\\\/\\\/www.senoriosderelleu.com\\\/\",\"logo\":{\"@type\":\"ImageObject\",\"inLanguage\":\"de\",\"@id\":\"https:\\\/\\\/www.senoriosderelleu.com\\\/#\\\/schema\\\/logo\\\/image\\\/\",\"url\":\"https:\\\/\\\/www.senoriosderelleu.com\\\/wp-content\\\/uploads\\\/2015\\\/09\\\/sr_logo_4_opciones-Paula16022012_P\u00e1gina_3.jpg\",\"contentUrl\":\"https:\\\/\\\/www.senoriosderelleu.com\\\/wp-content\\\/uploads\\\/2015\\\/09\\\/sr_logo_4_opciones-Paula16022012_P\u00e1gina_3.jpg\",\"width\":1024,\"height\":724,\"caption\":\"Se\u00f1orios de Relleu\"},\"image\":{\"@id\":\"https:\\\/\\\/www.senoriosderelleu.com\\\/#\\\/schema\\\/logo\\\/image\\\/\"},\"sameAs\":[\"https:\\\/\\\/www.facebook.com\\\/SenoriosDeRelleu\\\/\",\"https:\\\/\\\/x.com\\\/SenoriosdRelleu\",\"https:\\\/\\\/www.instagram.com\\\/senoriosdrelleu\\\/\",\"https:\\\/\\\/www.youtube.com\\\/user\\\/SenoriosdeRelleu\"]}]}<\/script>\n<!-- \/ Yoast SEO plugin. -->","yoast_head_json":{"title":"Datenschutzrichtlinien - Se\u00f1orios de Relleu | Aceite de Oliva Virgen Extra Gourmet","description":"Os presentamos nuestra la politica de privacidad de nuestra web.","robots":{"index":"index","follow":"follow","max-snippet":"max-snippet:-1","max-image-preview":"max-image-preview:large","max-video-preview":"max-video-preview:-1"},"canonical":"https:\/\/www.senoriosderelleu.com\/de\/datenschutzrichtlinie\/","twitter_card":"summary_large_image","twitter_title":"Datenschutzrichtlinien - Se\u00f1orios de Relleu | Aceite de Oliva Virgen Extra Gourmet","twitter_description":"Os presentamos nuestra la politica de privacidad de nuestra web.","twitter_site":"@SenoriosdRelleu","twitter_misc":{"Gesch\u00e4tzte Lesezeit":"4\u00a0Minuten"},"schema":{"@context":"https:\/\/schema.org","@graph":[{"@type":"WebPage","@id":"https:\/\/www.senoriosderelleu.com\/de\/datenschutzrichtlinie\/","url":"https:\/\/www.senoriosderelleu.com\/de\/datenschutzrichtlinie\/","name":"Datenschutzrichtlinien - Se\u00f1orios de Relleu | Aceite de Oliva Virgen Extra Gourmet","isPartOf":{"@id":"https:\/\/www.senoriosderelleu.com\/#website"},"datePublished":"2023-09-15T07:57:06+00:00","dateModified":"2024-02-26T17:34:27+00:00","description":"Os presentamos nuestra la politica de privacidad de nuestra web.","breadcrumb":{"@id":"https:\/\/www.senoriosderelleu.com\/de\/datenschutzrichtlinie\/#breadcrumb"},"inLanguage":"de","potentialAction":[{"@type":"ReadAction","target":["https:\/\/www.senoriosderelleu.com\/de\/datenschutzrichtlinie\/"]}]},{"@type":"BreadcrumbList","@id":"https:\/\/www.senoriosderelleu.com\/de\/datenschutzrichtlinie\/#breadcrumb","itemListElement":[{"@type":"ListItem","position":1,"name":"Portada","item":"https:\/\/www.senoriosderelleu.com\/de\/"},{"@type":"ListItem","position":2,"name":"Datenschutzrichtlinien"}]},{"@type":"WebSite","@id":"https:\/\/www.senoriosderelleu.com\/#website","url":"https:\/\/www.senoriosderelleu.com\/","name":"Se\u00f1orios de Relleu | Aceite de Oliva Virgen Extra Gourmet","description":"Mejor Aceite de Oliva Virgen Extra Gourmet Regalo Original de Alicante","publisher":{"@id":"https:\/\/www.senoriosderelleu.com\/#organization"},"potentialAction":[{"@type":"SearchAction","target":{"@type":"EntryPoint","urlTemplate":"https:\/\/www.senoriosderelleu.com\/?s={search_term_string}"},"query-input":{"@type":"PropertyValueSpecification","valueRequired":true,"valueName":"search_term_string"}}],"inLanguage":"de"},{"@type":"Organization","@id":"https:\/\/www.senoriosderelleu.com\/#organization","name":"Se\u00f1orios de Relleu","url":"https:\/\/www.senoriosderelleu.com\/","logo":{"@type":"ImageObject","inLanguage":"de","@id":"https:\/\/www.senoriosderelleu.com\/#\/schema\/logo\/image\/","url":"https:\/\/www.senoriosderelleu.com\/wp-content\/uploads\/2015\/09\/sr_logo_4_opciones-Paula16022012_P\u00e1gina_3.jpg","contentUrl":"https:\/\/www.senoriosderelleu.com\/wp-content\/uploads\/2015\/09\/sr_logo_4_opciones-Paula16022012_P\u00e1gina_3.jpg","width":1024,"height":724,"caption":"Se\u00f1orios de Relleu"},"image":{"@id":"https:\/\/www.senoriosderelleu.com\/#\/schema\/logo\/image\/"},"sameAs":["https:\/\/www.facebook.com\/SenoriosDeRelleu\/","https:\/\/x.com\/SenoriosdRelleu","https:\/\/www.instagram.com\/senoriosdrelleu\/","https:\/\/www.youtube.com\/user\/SenoriosdeRelleu"]}]}},"_links":{"self":[{"href":"https:\/\/www.senoriosderelleu.com\/de\/wp-json\/wp\/v2\/pages\/35011","targetHints":{"allow":["GET"]}}],"collection":[{"href":"https:\/\/www.senoriosderelleu.com\/de\/wp-json\/wp\/v2\/pages"}],"about":[{"href":"https:\/\/www.senoriosderelleu.com\/de\/wp-json\/wp\/v2\/types\/page"}],"author":[{"embeddable":true,"href":"https:\/\/www.senoriosderelleu.com\/de\/wp-json\/wp\/v2\/users\/1"}],"replies":[{"embeddable":true,"href":"https:\/\/www.senoriosderelleu.com\/de\/wp-json\/wp\/v2\/comments?post=35011"}],"version-history":[{"count":4,"href":"https:\/\/www.senoriosderelleu.com\/de\/wp-json\/wp\/v2\/pages\/35011\/revisions"}],"predecessor-version":[{"id":35549,"href":"https:\/\/www.senoriosderelleu.com\/de\/wp-json\/wp\/v2\/pages\/35011\/revisions\/35549"}],"wp:attachment":[{"href":"https:\/\/www.senoriosderelleu.com\/de\/wp-json\/wp\/v2\/media?parent=35011"}],"curies":[{"name":"wp","href":"https:\/\/api.w.org\/{rel}","templated":true}]}}